{"id":284,"date":"2019-06-27T12:51:34","date_gmt":"2019-06-27T12:51:34","guid":{"rendered":"https:\/\/staging.emsecurity.be\/historique\/"},"modified":"2019-08-12T16:57:38","modified_gmt":"2019-08-12T14:57:38","slug":"historique","status":"publish","type":"page","link":"https:\/\/www.emsecurity.be\/fr\/historique\/","title":{"rendered":"Historique"},"content":{"rendered":"[vc_row][vc_column][vc_separator][\/vc_column][\/vc_row][vc_row][vc_column width=\u00a0\u00bb1\/4&Prime; css=\u00a0\u00bb.vc_custom_1561479902082{margin-top: 55px !important;}\u00a0\u00bb][vc_single_image image=\u00a0\u00bb183&Prime;][\/vc_column][vc_column width=\u00a0\u00bb3\/4&Prime;][vc_column_text]\n<h1><span class=\"text32\">Historique<\/span><\/h1>\n<p>Depuis plus de 20 ans d\u00e9j\u00e0, EM SECURITY se profile comme un partenaire incontournable dans le domaine de la s\u00e9curisation.<\/p>\n<p>Nous offrons des solutions de s\u00e9curisation pour les particuliers, mais \u00e9galement pour les PME, sites industriels et organismes publics. Les valeurs d&rsquo;EM SECURITY sont la QUALITE et la CONVIVIALITE, et ce tant au niveau de la prestation de services que des mat\u00e9riaux choisis.<\/p>\n<p>Nous suivons continuellement les nouvelles technologies qui font leur entr\u00e9e sur le march\u00e9 et s\u00e9lectionnons uniquement les produits d&rsquo;un niveau in\u00e9gal\u00e9. Tous les collaborateurs d&rsquo;EMS suivent donc une formation continue.<\/p>\n<p>C&rsquo;est sur cette base que nous proposons des solutions \u00e9labor\u00e9es \u00e0 la mesure des besoins du client et conformes \u00e0 toutes les exigences l\u00e9gales. Vu que chaque client et chaque environnement sont uniques, nos offres sont pr\u00e9c\u00e9d\u00e9es d&rsquo;une analyse de protection pouss\u00e9e.<\/p>\n<p>EM SECURITY est certifi\u00e9 INCERT, travaille avec des collaborateurs exp\u00e9riment\u00e9s dot\u00e9s de comp\u00e9tences et capacit\u00e9s av\u00e9r\u00e9es, qui suivent une formation continue et sont AGREES par le Minist\u00e8re de l&rsquo;Int\u00e9rieur. Nous assurons une prestation de services 24 heures sur 24, 7 jours sur 7. EM SECURITY d\u00e9nombre des clients et techniciens dans tout le pays.<\/p>\n<p>Pour d\u00e9couvrir nos produits,\u00a0<a href=\"https:\/\/www.emsecurity.be\/fr\/solutions\/\">cliquez ici<\/a>.[\/vc_column_text][\/vc_column][\/vc_row]\n<!-- AddThis Advanced Settings generic via filter on the_content --><!-- AddThis Share Buttons generic via filter on the_content -->","protected":false},"excerpt":{"rendered":"<p>[vc_row][vc_column][vc_separator][\/vc_column][\/vc_row][vc_row][vc_column width=\u00a0\u00bb1\/4&Prime; css=\u00a0\u00bb.vc_custom_1561479902082{margin-top: 55px !important;}\u00a0\u00bb][vc_single_image image=\u00a0\u00bb183&Prime;][\/vc_column][vc_column width=\u00a0\u00bb3\/4&Prime;][vc_column_text] Historique Depuis plus de 20 ans d\u00e9j\u00e0, EM SECURITY se profile comme un partenaire incontournable dans le domaine de la s\u00e9curisation. Nous offrons des solutions de s\u00e9curisation pour les particuliers, mais \u00e9galement pour les PME, sites industriels et organismes publics. Les valeurs d&rsquo;EM SECURITY sont la QUALITE et&hellip;<!-- AddThis Advanced Settings generic via filter on get_the_excerpt --><!-- AddThis Share Buttons generic via filter on get_the_excerpt --><\/p>\n","protected":false},"author":2,"featured_media":0,"parent":0,"menu_order":0,"comment_status":"closed","ping_status":"closed","template":"","meta":[],"yoast_head":"<!-- This site is optimized with the Yoast SEO plugin v20.9 - https:\/\/yoast.com\/wordpress\/plugins\/seo\/ -->\n<title>Historique - EM Security - D\u00e9tection d&#039;intrustion, vid\u00e9osurveillance, d\u00e9tection d&#039;incendie et plus<\/title>\n<meta name=\"description\" content=\"Nous offrons des solutions de s\u00e9curisation pour les particuliers et \u00e9galement pour les PME, sites industriels et organismes publics. D\u00e9couvrez EM Security!\" \/>\n<meta name=\"robots\" content=\"index, follow, max-snippet:-1, max-image-preview:large, max-video-preview:-1\" \/>\n<link rel=\"canonical\" href=\"https:\/\/www.emsecurity.be\/fr\/historique\/\" \/>\n<meta property=\"og:locale\" content=\"fr_FR\" \/>\n<meta property=\"og:type\" content=\"article\" \/>\n<meta property=\"og:title\" content=\"Historique - EM Security - D\u00e9tection d&#039;intrustion, vid\u00e9osurveillance, d\u00e9tection d&#039;incendie et plus\" \/>\n<meta property=\"og:description\" content=\"Nous offrons des solutions de s\u00e9curisation pour les particuliers et \u00e9galement pour les PME, sites industriels et organismes publics. D\u00e9couvrez EM Security!\" \/>\n<meta property=\"og:url\" content=\"https:\/\/www.emsecurity.be\/fr\/historique\/\" \/>\n<meta property=\"og:site_name\" content=\"EM Security - D\u00e9tection d&#039;intrustion, vid\u00e9osurveillance, d\u00e9tection d&#039;incendie et plus\" \/>\n<meta property=\"article:modified_time\" content=\"2019-08-12T14:57:38+00:00\" \/>\n<meta name=\"twitter:card\" content=\"summary_large_image\" \/>\n<meta name=\"twitter:label1\" content=\"Dur\u00e9e de lecture estim\u00e9e\" \/>\n\t<meta name=\"twitter:data1\" content=\"1 minute\" \/>\n<script type=\"application\/ld+json\" class=\"yoast-schema-graph\">{\"@context\":\"https:\/\/schema.org\",\"@graph\":[{\"@type\":\"WebPage\",\"@id\":\"https:\/\/www.emsecurity.be\/fr\/historique\/\",\"url\":\"https:\/\/www.emsecurity.be\/fr\/historique\/\",\"name\":\"Historique - EM Security - D\u00e9tection d'intrustion, vid\u00e9osurveillance, d\u00e9tection d'incendie et plus\",\"isPartOf\":{\"@id\":\"https:\/\/www.emsecurity.be\/fr\/#website\"},\"datePublished\":\"2019-06-27T12:51:34+00:00\",\"dateModified\":\"2019-08-12T14:57:38+00:00\",\"description\":\"Nous offrons des solutions de s\u00e9curisation pour les particuliers et \u00e9galement pour les PME, sites industriels et organismes publics. D\u00e9couvrez EM Security!\",\"breadcrumb\":{\"@id\":\"https:\/\/www.emsecurity.be\/fr\/historique\/#breadcrumb\"},\"inLanguage\":\"fr-FR\",\"potentialAction\":[{\"@type\":\"ReadAction\",\"target\":[\"https:\/\/www.emsecurity.be\/fr\/historique\/\"]}]},{\"@type\":\"BreadcrumbList\",\"@id\":\"https:\/\/www.emsecurity.be\/fr\/historique\/#breadcrumb\",\"itemListElement\":[{\"@type\":\"ListItem\",\"position\":1,\"name\":\"Home\",\"item\":\"https:\/\/www.emsecurity.be\/fr\/\"},{\"@type\":\"ListItem\",\"position\":2,\"name\":\"Historique\"}]},{\"@type\":\"WebSite\",\"@id\":\"https:\/\/www.emsecurity.be\/fr\/#website\",\"url\":\"https:\/\/www.emsecurity.be\/fr\/\",\"name\":\"EM Security - D\u00e9tection d'intrustion, vid\u00e9osurveillance, d\u00e9tection d'incendie et plus\",\"description\":\"Uw professionele gesprekspartner voor al uw vragen rond beveiliging\",\"publisher\":{\"@id\":\"https:\/\/www.emsecurity.be\/fr\/#organization\"},\"potentialAction\":[{\"@type\":\"SearchAction\",\"target\":{\"@type\":\"EntryPoint\",\"urlTemplate\":\"https:\/\/www.emsecurity.be\/fr\/?s={search_term_string}\"},\"query-input\":\"required name=search_term_string\"}],\"inLanguage\":\"fr-FR\"},{\"@type\":\"Organization\",\"@id\":\"https:\/\/www.emsecurity.be\/fr\/#organization\",\"name\":\"EM Security\",\"url\":\"https:\/\/www.emsecurity.be\/fr\/\",\"logo\":{\"@type\":\"ImageObject\",\"inLanguage\":\"fr-FR\",\"@id\":\"https:\/\/www.emsecurity.be\/fr\/#\/schema\/logo\/image\/\",\"url\":\"https:\/\/www.emsecurity.be\/wp-content\/uploads\/2019\/07\/Logo-positive-rgb_transparant.png\",\"contentUrl\":\"https:\/\/www.emsecurity.be\/wp-content\/uploads\/2019\/07\/Logo-positive-rgb_transparant.png\",\"width\":851,\"height\":211,\"caption\":\"EM Security\"},\"image\":{\"@id\":\"https:\/\/www.emsecurity.be\/fr\/#\/schema\/logo\/image\/\"}}]}<\/script>\n<!-- \/ Yoast SEO plugin. -->","yoast_head_json":{"title":"Historique - EM Security - D\u00e9tection d'intrustion, vid\u00e9osurveillance, d\u00e9tection d'incendie et plus","description":"Nous offrons des solutions de s\u00e9curisation pour les particuliers et \u00e9galement pour les PME, sites industriels et organismes publics. D\u00e9couvrez EM Security!","robots":{"index":"index","follow":"follow","max-snippet":"max-snippet:-1","max-image-preview":"max-image-preview:large","max-video-preview":"max-video-preview:-1"},"canonical":"https:\/\/www.emsecurity.be\/fr\/historique\/","og_locale":"fr_FR","og_type":"article","og_title":"Historique - EM Security - D\u00e9tection d'intrustion, vid\u00e9osurveillance, d\u00e9tection d'incendie et plus","og_description":"Nous offrons des solutions de s\u00e9curisation pour les particuliers et \u00e9galement pour les PME, sites industriels et organismes publics. D\u00e9couvrez EM Security!","og_url":"https:\/\/www.emsecurity.be\/fr\/historique\/","og_site_name":"EM Security - D\u00e9tection d'intrustion, vid\u00e9osurveillance, d\u00e9tection d'incendie et plus","article_modified_time":"2019-08-12T14:57:38+00:00","twitter_card":"summary_large_image","twitter_misc":{"Dur\u00e9e de lecture estim\u00e9e":"1 minute"},"schema":{"@context":"https:\/\/schema.org","@graph":[{"@type":"WebPage","@id":"https:\/\/www.emsecurity.be\/fr\/historique\/","url":"https:\/\/www.emsecurity.be\/fr\/historique\/","name":"Historique - EM Security - D\u00e9tection d'intrustion, vid\u00e9osurveillance, d\u00e9tection d'incendie et plus","isPartOf":{"@id":"https:\/\/www.emsecurity.be\/fr\/#website"},"datePublished":"2019-06-27T12:51:34+00:00","dateModified":"2019-08-12T14:57:38+00:00","description":"Nous offrons des solutions de s\u00e9curisation pour les particuliers et \u00e9galement pour les PME, sites industriels et organismes publics. D\u00e9couvrez EM Security!","breadcrumb":{"@id":"https:\/\/www.emsecurity.be\/fr\/historique\/#breadcrumb"},"inLanguage":"fr-FR","potentialAction":[{"@type":"ReadAction","target":["https:\/\/www.emsecurity.be\/fr\/historique\/"]}]},{"@type":"BreadcrumbList","@id":"https:\/\/www.emsecurity.be\/fr\/historique\/#breadcrumb","itemListElement":[{"@type":"ListItem","position":1,"name":"Home","item":"https:\/\/www.emsecurity.be\/fr\/"},{"@type":"ListItem","position":2,"name":"Historique"}]},{"@type":"WebSite","@id":"https:\/\/www.emsecurity.be\/fr\/#website","url":"https:\/\/www.emsecurity.be\/fr\/","name":"EM Security - D\u00e9tection d'intrustion, vid\u00e9osurveillance, d\u00e9tection d'incendie et plus","description":"Uw professionele gesprekspartner voor al uw vragen rond beveiliging","publisher":{"@id":"https:\/\/www.emsecurity.be\/fr\/#organization"},"potentialAction":[{"@type":"SearchAction","target":{"@type":"EntryPoint","urlTemplate":"https:\/\/www.emsecurity.be\/fr\/?s={search_term_string}"},"query-input":"required name=search_term_string"}],"inLanguage":"fr-FR"},{"@type":"Organization","@id":"https:\/\/www.emsecurity.be\/fr\/#organization","name":"EM Security","url":"https:\/\/www.emsecurity.be\/fr\/","logo":{"@type":"ImageObject","inLanguage":"fr-FR","@id":"https:\/\/www.emsecurity.be\/fr\/#\/schema\/logo\/image\/","url":"https:\/\/www.emsecurity.be\/wp-content\/uploads\/2019\/07\/Logo-positive-rgb_transparant.png","contentUrl":"https:\/\/www.emsecurity.be\/wp-content\/uploads\/2019\/07\/Logo-positive-rgb_transparant.png","width":851,"height":211,"caption":"EM Security"},"image":{"@id":"https:\/\/www.emsecurity.be\/fr\/#\/schema\/logo\/image\/"}}]}},"_links":{"self":[{"href":"https:\/\/www.emsecurity.be\/fr\/wp-json\/wp\/v2\/pages\/284"}],"collection":[{"href":"https:\/\/www.emsecurity.be\/fr\/wp-json\/wp\/v2\/pages"}],"about":[{"href":"https:\/\/www.emsecurity.be\/fr\/wp-json\/wp\/v2\/types\/page"}],"author":[{"embeddable":true,"href":"https:\/\/www.emsecurity.be\/fr\/wp-json\/wp\/v2\/users\/2"}],"replies":[{"embeddable":true,"href":"https:\/\/www.emsecurity.be\/fr\/wp-json\/wp\/v2\/comments?post=284"}],"version-history":[{"count":4,"href":"https:\/\/www.emsecurity.be\/fr\/wp-json\/wp\/v2\/pages\/284\/revisions"}],"predecessor-version":[{"id":726,"href":"https:\/\/www.emsecurity.be\/fr\/wp-json\/wp\/v2\/pages\/284\/revisions\/726"}],"wp:attachment":[{"href":"https:\/\/www.emsecurity.be\/fr\/wp-json\/wp\/v2\/media?parent=284"}],"curies":[{"name":"wp","href":"https:\/\/api.w.org\/{rel}","templated":true}]}}