{"id":293,"date":"2019-06-12T14:05:02","date_gmt":"2019-06-12T14:05:02","guid":{"rendered":"https:\/\/staging.emsecurity.be\/fiscaal\/"},"modified":"2019-08-12T17:01:55","modified_gmt":"2019-08-12T15:01:55","slug":"fiscalite","status":"publish","type":"page","link":"https:\/\/www.emsecurity.be\/fr\/fiscalite\/","title":{"rendered":"Fiscalit\u00e9"},"content":{"rendered":"[vc_row][vc_column][vc_separator][\/vc_column][\/vc_row][vc_row][vc_column][vc_column_text]\n<h1>Fiscalit\u00e9<\/h1>\n<p>Les dispositifs de s\u00e9curisation vous permettent non seulement de pr\u00e9server ce qui vous est cher dans votre domicile ou bureau, mais \u00e9galement de b\u00e9n\u00e9ficier d&rsquo;avantages fiscaux. Tant les\u00a0<strong>particuliers<\/strong>\u00a0que les\u00a0<strong>entreprises\u00a0<\/strong>peuvent b\u00e9n\u00e9ficier de ces avantages fiscaux. D\u00e9couvrez comment en b\u00e9n\u00e9ficier.[\/vc_column_text][\/vc_column][\/vc_row][vc_row][vc_column width=\u00a0\u00bb1\/4&Prime;][vc_single_image image=\u00a0\u00bb167&Prime; css=\u00a0\u00bb.vc_custom_1561480126028{margin-top: 10px !important;}\u00a0\u00bb][\/vc_column][vc_column width=\u00a0\u00bb1\/4&Prime;][vc_column_text]\n<h3>Particuliers<\/h3>\n<p>Pour l\u2019ann\u00e9e 2015 il n\u2019y a pas d\u2019avantage fiscal pour les particuliers.[\/vc_column_text][\/vc_column][vc_column width=\u00a0\u00bb1\/4&Prime;][vc_single_image image=\u00a0\u00bb165&Prime; css=\u00a0\u00bb.vc_custom_1561480107058{margin-top: 10px !important;}\u00a0\u00bb][\/vc_column][vc_column width=\u00a0\u00bb1\/4&Prime;][vc_column_text]\n<h3>Entreprises<\/h3>\n<p>En tant qu&rsquo;ind\u00e9pendant, entreprise ou titulaire d&rsquo;une profession lib\u00e9rale, la s\u00e9curisation de vos locaux professionnels vous permet non seulement de r\u00e9duire le risque de vol, d&rsquo;effraction et de fraude, mais \u00e9galement de b\u00e9n\u00e9ficier d&rsquo;avantages fiscaux si vous confiez l&rsquo;ex\u00e9cution des travaux \u00e0 un entrepreneur enregistr\u00e9 : EM SECURITY SPRL.[\/vc_column_text][\/vc_column][\/vc_row][vc_row][vc_column][vc_column_text]\n<h3>Plus d&rsquo;informations pour les particuliers<\/h3>\n<p>SPF Int\u00e9rieur &#8211; Direction g\u00e9n\u00e9rale S\u00e9curit\u00e9 et de Pr\u00e9vention,<br \/>\nBoulevard de Waterloo 76,<br \/>\n1000 Bruxelles,<br \/>\nt\u00e9l: 02\/557.33.99 \u2013 vps@ibz.gov.be<\/p>\n<p><a href=\"https:\/\/www.besafe.be\/fr\/themes-de-securite\/independants-professions-liberales\/avantages-fiscaux\/deduction-fiscale-pour-la\" target=\"_blank\" rel=\"noopener noreferrer\">Besafe<\/a><br \/>\n<a href=\"http:\/\/finances.belgium.be\/fr\/particuliers\/avantages_fiscaux\/protection_vol_incendie\/\" target=\"_blank\" rel=\"noopener noreferrer\">SPF Int\u00e9rieur<\/a> &#8211; contact center : t\u00e9l 02\/572 57 57[\/vc_column_text][\/vc_column][\/vc_row][vc_row css=\u00a0\u00bb.vc_custom_1561640859534{margin-bottom: -50px !important;}\u00a0\u00bb][vc_column][vc_column_text css=\u00a0\u00bb.vc_custom_1561640743927{margin-bottom: -30px !important;}\u00a0\u00bb]\n<h2>Entreprises<\/h2>\n[\/vc_column_text][\/vc_column][\/vc_row][vc_row][vc_column width=\u00a0\u00bb2\/3&Prime;][vc_column_text]\n<h4>Qui peut pr\u00e9tendre \u00e0 une r\u00e9duction d&rsquo;imp\u00f4t?<\/h4>\n<p>Ind\u00e9pendants, PME et titulaires de profession lib\u00e9rale.<\/p>\n<h4>Quel est le montant de la r\u00e9duction d&rsquo;imp\u00f4t?<\/h4>\n<p>D\u00e9duction compl\u00e9mentaire de 20,5 % pour les investissements en mat\u00e9riels de s\u00e9curisation. Cette d\u00e9duction est op\u00e9r\u00e9e sur les b\u00e9n\u00e9fices ou profits de l&rsquo;ann\u00e9e au cours de laquelle vous avez acquis ces immobilisations.<\/p>\n<p>D\u00e9duction fiscale major\u00e9e des frais professionnels \u00e0 concurrence de 120 % pour les investissements en mat\u00e9riels de s\u00e9curisation, valable pour l&rsquo;ann\u00e9e au cours de laquelle vous effectuez ces co\u00fbts.<\/p>\n<h4>Quels investissements entrent en ligne de compte?<\/h4>\n<p>a) en ce qui concerne les d\u00e9penses relatives \u00e0 la fourniture et au placement des syst\u00e8mes d\u2019alarme, de contr\u00f4le d\u2019 acc\u00e8s, de vid\u00e9osurveillance et\/ou de d\u00e9tection d&rsquo;incendie:<br \/>\nL\u2019entreprise de s\u00e9curit\u00e9 agr\u00e9\u00e9e atteste que le mat\u00e9riel install\u00e9 est certifi\u00e9 selon le label de qualit\u00e9 INCERT ou selon une norme de qualit\u00e9 \u00e9quivalente pr\u00e9sent\u00e9e par le secteur des entreprises de s\u00e9curit\u00e9.<\/p>\n<p>b) en ce qui concerne les frais inh\u00e9rents \u00e0 la gestion des alarmes par une centrale d\u2019alarme autoris\u00e9e:<br \/>\nLa centrale d\u2019alarme autoris\u00e9e atteste du raccordement du syst\u00e8me d\u2019alarme par la signature d\u2019une convention \u00e9crite.<br \/>\n[\/vc_column_text][vc_column_text css=\u00a0\u00bb.vc_custom_1565277020278{margin-top: 20px !important;}\u00a0\u00bb]\n<h3>Plus d&rsquo;informations pour les entreprises<\/h3>\n<p>Si vous souhaitez obtenir de plus amples informations, voici quelques points de contact:<\/p>\n<p>SPF Int\u00e9rieur &#8211; Direction g\u00e9n\u00e9rale S\u00e9curit\u00e9 et de Pr\u00e9vention,<br \/>\nBoulevard de Waterloo 76, 1000 Bruxelles,<br \/>\nt\u00e9l: 02\/557.33.99 \u2013 vps@ibz.gov.be<\/p>\n<p><a href=\"https:\/\/www.besafe.be\/fr\/themes-de-securite\/independants-professions-liberales\/avantages-fiscaux\" target=\"_blank\" rel=\"noopener noreferrer\">Besafe<\/a><br \/>\n<a href=\"http:\/\/finances.belgium.be\/fr\/particuliers\/avantages_fiscaux\/protection_vol_incendie\/\" target=\"_blank\" rel=\"noopener noreferrer\">SPF Int\u00e9rieur<\/a> &#8211; contact center : t\u00e9l 02\/572 57 57[\/vc_column_text][\/vc_column][vc_column width=\u00a0\u00bb1\/3&Prime;][vc_column_text]\n<h4>Quelles sont les obligations du contribuable?<\/h4>\n<p>Il vous suffit de conserver vos factures, ainsi que les preuves de paiement inh\u00e9rentes et les attestations fiscales de votre installateur, que vous devrez pr\u00e9senter en cas de contr\u00f4le \u00e9ventuel.<\/p>\n<p><strong>Attention:<\/strong>\u00a0les investissements que vous payez pendant un exercice seront seulement d\u00e9ductibles dans l\u2019exercice d\u2019imposition qui suit. C\u2019est donc la date de votre paiement \u2013 et non celle de votre facture \u2013 qui d\u00e9terminera en quelle ann\u00e9e vous pourrez d\u00e9duire ces frais.<\/p>\n<h4>Exemples d&rsquo;attestation sur la qualit\u00e9 de l&rsquo;installation<\/h4>\n<p>Cette rubrique contient des exemples d&rsquo;attestations pour l&rsquo;ensemble des investissements pr\u00e9vus dans le cadre de cette r\u00e9duction d&rsquo;imp\u00f4t. Chaque attestation contient de mani\u00e8re claire et compl\u00e8te les informations l\u00e9gales, suivant le type de s\u00e9curisation install\u00e9, qui doivent \u00eatre reprises soit directement sur la facture, soit sur une annexe \u00e0 la facture (et d\u00e8s lors \u00eatre tenues \u00e0 la disposition du SPF Finances).<\/p>\n<p>Les attestations pr\u00e9sentes sur cette page sont des exemples qui peuvent \u00eatre repris comme annexes \u00e0 la facture pour autant qu&rsquo;elles soient compl\u00e9t\u00e9es et sign\u00e9es par l&rsquo;entrepreneur qui a effectu\u00e9 les travaux.<\/p>\n<p><strong>Attention<\/strong>: pour l&rsquo;installation d&rsquo;un syst\u00e8me d&rsquo;alarme, l&rsquo;entrepreneur doit \u00e9galement \u00eatre une entreprise de s\u00e9curit\u00e9 agr\u00e9\u00e9e par le SPF Int\u00e9rieur.<\/p>\n<ul>\n<li style=\"list-style-type: none;\">\n<ul>\n<li><a href=\"https:\/\/www.emsecurity.be\/wp-content\/uploads\/2019\/08\/Attestation-intrusion.pdf\" target=\"_blank\" rel=\"noopener noreferrer\">Attestation \u00e9l\u00e9ment retardateur d&rsquo;intrusion<\/a><\/li>\n<li><a href=\"https:\/\/www.emsecurity.be\/wp-content\/uploads\/2019\/08\/Attestation-alarme.pdf\" target=\"_blank\" rel=\"noopener noreferrer\">Attestation syst\u00e8me d&rsquo;alarme<\/a><\/li>\n<li><a href=\"https:\/\/www.emsecurity.be\/wp-content\/uploads\/2019\/08\/Attestation-camera.pdf\" target=\"_blank\" rel=\"noopener noreferrer\">Attestation cam\u00e9ra<\/a><\/li>\n<li><a href=\"https:\/\/www.emsecurity.be\/wp-content\/uploads\/2019\/08\/Attestation-incendie.pdf\" target=\"_blank\" rel=\"noopener noreferrer\">Attestation incendie<\/a><\/li>\n<\/ul>\n<\/li>\n<\/ul>\n[\/vc_column_text][\/vc_column][\/vc_row]\n<!-- AddThis Advanced Settings generic via filter on the_content --><!-- AddThis Share Buttons generic via filter on the_content -->","protected":false},"excerpt":{"rendered":"<p>[vc_row][vc_column][vc_separator][\/vc_column][\/vc_row][vc_row][vc_column][vc_column_text] Fiscalit\u00e9 Les dispositifs de s\u00e9curisation vous permettent non seulement de pr\u00e9server ce qui vous est cher dans votre domicile ou bureau, mais \u00e9galement de b\u00e9n\u00e9ficier d&rsquo;avantages fiscaux. Tant les\u00a0particuliers\u00a0que les\u00a0entreprises\u00a0peuvent b\u00e9n\u00e9ficier de ces avantages fiscaux. D\u00e9couvrez comment en b\u00e9n\u00e9ficier.[\/vc_column_text][\/vc_column][\/vc_row][vc_row][vc_column width=\u00a0\u00bb1\/4&Prime;][vc_single_image image=\u00a0\u00bb167&Prime; css=\u00a0\u00bb.vc_custom_1561480126028{margin-top: 10px !important;}\u00a0\u00bb][\/vc_column][vc_column width=\u00a0\u00bb1\/4&Prime;][vc_column_text] Particuliers Pour l\u2019ann\u00e9e 2015 il n\u2019y a pas d\u2019avantage&hellip;<!-- AddThis Advanced Settings generic via filter on get_the_excerpt --><!-- AddThis Share Buttons generic via filter on get_the_excerpt --><\/p>\n","protected":false},"author":2,"featured_media":0,"parent":0,"menu_order":0,"comment_status":"closed","ping_status":"closed","template":"","meta":[],"yoast_head":"<!-- This site is optimized with the Yoast SEO plugin v20.9 - https:\/\/yoast.com\/wordpress\/plugins\/seo\/ -->\n<title>Avantages fiscaux syst\u00e8mes d&#039;alarmes &amp; d\u00e9tection d&#039;incendie -EM Security<\/title>\n<meta name=\"description\" content=\"Tant les\u00a0particuliers\u00a0que les\u00a0entreprises\u00a0peuvent b\u00e9n\u00e9ficier de ces avantages fiscaux pour la s\u00e9curisation. D\u00e9couvrez comment en b\u00e9n\u00e9ficier.\" \/>\n<meta name=\"robots\" content=\"index, follow, max-snippet:-1, max-image-preview:large, max-video-preview:-1\" \/>\n<link rel=\"canonical\" href=\"https:\/\/www.emsecurity.be\/fr\/fiscalite\/\" \/>\n<meta property=\"og:locale\" content=\"fr_FR\" \/>\n<meta property=\"og:type\" content=\"article\" \/>\n<meta property=\"og:title\" content=\"Avantages fiscaux syst\u00e8mes d&#039;alarmes &amp; d\u00e9tection d&#039;incendie -EM Security\" \/>\n<meta property=\"og:description\" content=\"Tant les\u00a0particuliers\u00a0que les\u00a0entreprises\u00a0peuvent b\u00e9n\u00e9ficier de ces avantages fiscaux pour la s\u00e9curisation. D\u00e9couvrez comment en b\u00e9n\u00e9ficier.\" \/>\n<meta property=\"og:url\" content=\"https:\/\/www.emsecurity.be\/fr\/fiscalite\/\" \/>\n<meta property=\"og:site_name\" content=\"EM Security - D\u00e9tection d&#039;intrustion, vid\u00e9osurveillance, d\u00e9tection d&#039;incendie et plus\" \/>\n<meta property=\"article:modified_time\" content=\"2019-08-12T15:01:55+00:00\" \/>\n<meta name=\"twitter:card\" content=\"summary_large_image\" \/>\n<meta name=\"twitter:label1\" content=\"Dur\u00e9e de lecture estim\u00e9e\" \/>\n\t<meta name=\"twitter:data1\" content=\"4 minutes\" \/>\n<script type=\"application\/ld+json\" class=\"yoast-schema-graph\">{\"@context\":\"https:\/\/schema.org\",\"@graph\":[{\"@type\":\"WebPage\",\"@id\":\"https:\/\/www.emsecurity.be\/fr\/fiscalite\/\",\"url\":\"https:\/\/www.emsecurity.be\/fr\/fiscalite\/\",\"name\":\"Avantages fiscaux syst\u00e8mes d'alarmes & d\u00e9tection d'incendie -EM Security\",\"isPartOf\":{\"@id\":\"https:\/\/www.emsecurity.be\/fr\/#website\"},\"datePublished\":\"2019-06-12T14:05:02+00:00\",\"dateModified\":\"2019-08-12T15:01:55+00:00\",\"description\":\"Tant les\u00a0particuliers\u00a0que les\u00a0entreprises\u00a0peuvent b\u00e9n\u00e9ficier de ces avantages fiscaux pour la s\u00e9curisation. D\u00e9couvrez comment en b\u00e9n\u00e9ficier.\",\"breadcrumb\":{\"@id\":\"https:\/\/www.emsecurity.be\/fr\/fiscalite\/#breadcrumb\"},\"inLanguage\":\"fr-FR\",\"potentialAction\":[{\"@type\":\"ReadAction\",\"target\":[\"https:\/\/www.emsecurity.be\/fr\/fiscalite\/\"]}]},{\"@type\":\"BreadcrumbList\",\"@id\":\"https:\/\/www.emsecurity.be\/fr\/fiscalite\/#breadcrumb\",\"itemListElement\":[{\"@type\":\"ListItem\",\"position\":1,\"name\":\"Home\",\"item\":\"https:\/\/www.emsecurity.be\/fr\/\"},{\"@type\":\"ListItem\",\"position\":2,\"name\":\"Fiscalit\u00e9\"}]},{\"@type\":\"WebSite\",\"@id\":\"https:\/\/www.emsecurity.be\/fr\/#website\",\"url\":\"https:\/\/www.emsecurity.be\/fr\/\",\"name\":\"EM Security - D\u00e9tection d'intrustion, vid\u00e9osurveillance, d\u00e9tection d'incendie et plus\",\"description\":\"Uw professionele gesprekspartner voor al uw vragen rond beveiliging\",\"publisher\":{\"@id\":\"https:\/\/www.emsecurity.be\/fr\/#organization\"},\"potentialAction\":[{\"@type\":\"SearchAction\",\"target\":{\"@type\":\"EntryPoint\",\"urlTemplate\":\"https:\/\/www.emsecurity.be\/fr\/?s={search_term_string}\"},\"query-input\":\"required name=search_term_string\"}],\"inLanguage\":\"fr-FR\"},{\"@type\":\"Organization\",\"@id\":\"https:\/\/www.emsecurity.be\/fr\/#organization\",\"name\":\"EM Security\",\"url\":\"https:\/\/www.emsecurity.be\/fr\/\",\"logo\":{\"@type\":\"ImageObject\",\"inLanguage\":\"fr-FR\",\"@id\":\"https:\/\/www.emsecurity.be\/fr\/#\/schema\/logo\/image\/\",\"url\":\"https:\/\/www.emsecurity.be\/wp-content\/uploads\/2019\/07\/Logo-positive-rgb_transparant.png\",\"contentUrl\":\"https:\/\/www.emsecurity.be\/wp-content\/uploads\/2019\/07\/Logo-positive-rgb_transparant.png\",\"width\":851,\"height\":211,\"caption\":\"EM Security\"},\"image\":{\"@id\":\"https:\/\/www.emsecurity.be\/fr\/#\/schema\/logo\/image\/\"}}]}<\/script>\n<!-- \/ Yoast SEO plugin. -->","yoast_head_json":{"title":"Avantages fiscaux syst\u00e8mes d'alarmes & d\u00e9tection d'incendie -EM Security","description":"Tant les\u00a0particuliers\u00a0que les\u00a0entreprises\u00a0peuvent b\u00e9n\u00e9ficier de ces avantages fiscaux pour la s\u00e9curisation. D\u00e9couvrez comment en b\u00e9n\u00e9ficier.","robots":{"index":"index","follow":"follow","max-snippet":"max-snippet:-1","max-image-preview":"max-image-preview:large","max-video-preview":"max-video-preview:-1"},"canonical":"https:\/\/www.emsecurity.be\/fr\/fiscalite\/","og_locale":"fr_FR","og_type":"article","og_title":"Avantages fiscaux syst\u00e8mes d'alarmes & d\u00e9tection d'incendie -EM Security","og_description":"Tant les\u00a0particuliers\u00a0que les\u00a0entreprises\u00a0peuvent b\u00e9n\u00e9ficier de ces avantages fiscaux pour la s\u00e9curisation. D\u00e9couvrez comment en b\u00e9n\u00e9ficier.","og_url":"https:\/\/www.emsecurity.be\/fr\/fiscalite\/","og_site_name":"EM Security - D\u00e9tection d'intrustion, vid\u00e9osurveillance, d\u00e9tection d'incendie et plus","article_modified_time":"2019-08-12T15:01:55+00:00","twitter_card":"summary_large_image","twitter_misc":{"Dur\u00e9e de lecture estim\u00e9e":"4 minutes"},"schema":{"@context":"https:\/\/schema.org","@graph":[{"@type":"WebPage","@id":"https:\/\/www.emsecurity.be\/fr\/fiscalite\/","url":"https:\/\/www.emsecurity.be\/fr\/fiscalite\/","name":"Avantages fiscaux syst\u00e8mes d'alarmes & d\u00e9tection d'incendie -EM Security","isPartOf":{"@id":"https:\/\/www.emsecurity.be\/fr\/#website"},"datePublished":"2019-06-12T14:05:02+00:00","dateModified":"2019-08-12T15:01:55+00:00","description":"Tant les\u00a0particuliers\u00a0que les\u00a0entreprises\u00a0peuvent b\u00e9n\u00e9ficier de ces avantages fiscaux pour la s\u00e9curisation. D\u00e9couvrez comment en b\u00e9n\u00e9ficier.","breadcrumb":{"@id":"https:\/\/www.emsecurity.be\/fr\/fiscalite\/#breadcrumb"},"inLanguage":"fr-FR","potentialAction":[{"@type":"ReadAction","target":["https:\/\/www.emsecurity.be\/fr\/fiscalite\/"]}]},{"@type":"BreadcrumbList","@id":"https:\/\/www.emsecurity.be\/fr\/fiscalite\/#breadcrumb","itemListElement":[{"@type":"ListItem","position":1,"name":"Home","item":"https:\/\/www.emsecurity.be\/fr\/"},{"@type":"ListItem","position":2,"name":"Fiscalit\u00e9"}]},{"@type":"WebSite","@id":"https:\/\/www.emsecurity.be\/fr\/#website","url":"https:\/\/www.emsecurity.be\/fr\/","name":"EM Security - D\u00e9tection d'intrustion, vid\u00e9osurveillance, d\u00e9tection d'incendie et plus","description":"Uw professionele gesprekspartner voor al uw vragen rond beveiliging","publisher":{"@id":"https:\/\/www.emsecurity.be\/fr\/#organization"},"potentialAction":[{"@type":"SearchAction","target":{"@type":"EntryPoint","urlTemplate":"https:\/\/www.emsecurity.be\/fr\/?s={search_term_string}"},"query-input":"required name=search_term_string"}],"inLanguage":"fr-FR"},{"@type":"Organization","@id":"https:\/\/www.emsecurity.be\/fr\/#organization","name":"EM Security","url":"https:\/\/www.emsecurity.be\/fr\/","logo":{"@type":"ImageObject","inLanguage":"fr-FR","@id":"https:\/\/www.emsecurity.be\/fr\/#\/schema\/logo\/image\/","url":"https:\/\/www.emsecurity.be\/wp-content\/uploads\/2019\/07\/Logo-positive-rgb_transparant.png","contentUrl":"https:\/\/www.emsecurity.be\/wp-content\/uploads\/2019\/07\/Logo-positive-rgb_transparant.png","width":851,"height":211,"caption":"EM Security"},"image":{"@id":"https:\/\/www.emsecurity.be\/fr\/#\/schema\/logo\/image\/"}}]}},"_links":{"self":[{"href":"https:\/\/www.emsecurity.be\/fr\/wp-json\/wp\/v2\/pages\/293"}],"collection":[{"href":"https:\/\/www.emsecurity.be\/fr\/wp-json\/wp\/v2\/pages"}],"about":[{"href":"https:\/\/www.emsecurity.be\/fr\/wp-json\/wp\/v2\/types\/page"}],"author":[{"embeddable":true,"href":"https:\/\/www.emsecurity.be\/fr\/wp-json\/wp\/v2\/users\/2"}],"replies":[{"embeddable":true,"href":"https:\/\/www.emsecurity.be\/fr\/wp-json\/wp\/v2\/comments?post=293"}],"version-history":[{"count":8,"href":"https:\/\/www.emsecurity.be\/fr\/wp-json\/wp\/v2\/pages\/293\/revisions"}],"predecessor-version":[{"id":692,"href":"https:\/\/www.emsecurity.be\/fr\/wp-json\/wp\/v2\/pages\/293\/revisions\/692"}],"wp:attachment":[{"href":"https:\/\/www.emsecurity.be\/fr\/wp-json\/wp\/v2\/media?parent=293"}],"curies":[{"name":"wp","href":"https:\/\/api.w.org\/{rel}","templated":true}]}}