{"id":421,"date":"2019-07-03T16:41:52","date_gmt":"2019-07-03T16:41:52","guid":{"rendered":"https:\/\/staging.emsecurity.be\/offerte\/"},"modified":"2019-08-12T17:18:09","modified_gmt":"2019-08-12T15:18:09","slug":"devis","status":"publish","type":"page","link":"https:\/\/www.emsecurity.be\/fr\/devis\/","title":{"rendered":"Votre devis"},"content":{"rendered":"[vc_row][vc_column][vc_separator][\/vc_column][\/vc_row][vc_row][vc_column width=\u00a0\u00bb1\/6&Prime;][\/vc_column][vc_column width=\u00a0\u00bb2\/3&Prime;][vc_column_text]\n<h1>Demandez votre devis ici<\/h1>\n[\/vc_column_text]<script type=\"text\/javascript\">var gform;gform||(document.addEventListener(\"gform_main_scripts_loaded\",function(){gform.scriptsLoaded=!0}),window.addEventListener(\"DOMContentLoaded\",function(){gform.domLoaded=!0}),gform={domLoaded:!1,scriptsLoaded:!1,initializeOnLoaded:function(o){gform.domLoaded&&gform.scriptsLoaded?o():!gform.domLoaded&&gform.scriptsLoaded?window.addEventListener(\"DOMContentLoaded\",o):document.addEventListener(\"gform_main_scripts_loaded\",o)},hooks:{action:{},filter:{}},addAction:function(o,n,r,t){gform.addHook(\"action\",o,n,r,t)},addFilter:function(o,n,r,t){gform.addHook(\"filter\",o,n,r,t)},doAction:function(o){gform.doHook(\"action\",o,arguments)},applyFilters:function(o){return gform.doHook(\"filter\",o,arguments)},removeAction:function(o,n){gform.removeHook(\"action\",o,n)},removeFilter:function(o,n,r){gform.removeHook(\"filter\",o,n,r)},addHook:function(o,n,r,t,i){null==gform.hooks[o][n]&&(gform.hooks[o][n]=[]);var e=gform.hooks[o][n];null==i&&(i=n+\"_\"+e.length),gform.hooks[o][n].push({tag:i,callable:r,priority:t=null==t?10:t})},doHook:function(n,o,r){var t;if(r=Array.prototype.slice.call(r,1),null!=gform.hooks[n][o]&&((o=gform.hooks[n][o]).sort(function(o,n){return o.priority-n.priority}),o.forEach(function(o){\"function\"!=typeof(t=o.callable)&&(t=window[t]),\"action\"==n?t.apply(null,r):r[0]=t.apply(null,r)})),\"filter\"==n)return r[0]},removeHook:function(o,n,t,i){var r;null!=gform.hooks[o][n]&&(r=(r=gform.hooks[o][n]).filter(function(o,n,r){return!!(null!=i&&i!=o.tag||null!=t&&t!=o.priority)}),gform.hooks[o][n]=r)}});<\/script>\n                <div class='gf_browser_gecko gform_wrapper gform_legacy_markup_wrapper gform-theme--no-framework' data-form-theme='legacy' data-form-index='0' id='gform_wrapper_4' ><form method='post' enctype='multipart\/form-data'  id='gform_4'  action='\/fr\/wp-json\/wp\/v2\/pages\/421' data-formid='4' >\n                        <div class='gform-body gform_body'><ul id='gform_fields_4' class='gform_fields top_label form_sublabel_below description_below'><li id=\"field_4_1\"  class=\"gfield gfield--type-name gfield_contains_required field_sublabel_below gfield--no-description field_description_below gfield_visibility_visible\"  data-js-reload=\"field_4_1\"><label class='gfield_label gform-field-label gfield_label_before_complex'  >Nom<span class=\"gfield_required\"><span class=\"gfield_required gfield_required_asterisk\">*<\/span><\/span><\/label><div class='ginput_complex ginput_container ginput_container--name no_prefix has_first_name no_middle_name has_last_name no_suffix gf_name_has_2 ginput_container_name gform-grid-row' id='input_4_1'>\n                            \n                            <span id='input_4_1_3_container' class='name_first gform-grid-col gform-grid-col--size-auto' >\n                                                    <input type='text' name='input_1.3' id='input_4_1_3' value=''   aria-required='true'     \/>\n                                                    <label for='input_4_1_3' class='gform-field-label gform-field-label--type-sub '>Pr\u00e9nom<\/label>\n                                                <\/span>\n                            \n                            <span id='input_4_1_6_container' class='name_last gform-grid-col gform-grid-col--size-auto' >\n                                                    <input type='text' name='input_1.6' id='input_4_1_6' value=''   aria-required='true'     \/>\n                                                    <label for='input_4_1_6' class='gform-field-label gform-field-label--type-sub '>Nom<\/label>\n                                                <\/span>\n                            \n                        <\/div><\/li><li id=\"field_4_3\"  class=\"gfield gfield--type-text field_sublabel_below gfield--no-description field_description_below gfield_visibility_visible\"  data-js-reload=\"field_4_3\"><label class='gfield_label gform-field-label' for='input_4_3' >Entreprise<\/label><div class='ginput_container ginput_container_text'><input name='input_3' id='input_4_3' type='text' value='' class='medium'      aria-invalid=\"false\"   \/> <\/div><\/li><li id=\"field_4_7\"  class=\"gfield gfield--type-checkbox gfield--type-choice gfield_contains_required field_sublabel_below gfield--has-description field_description_below gfield_visibility_visible\"  data-js-reload=\"field_4_7\"><label class='gfield_label gform-field-label gfield_label_before_complex'  >Quelle(s) solution(s) vous int\u00e9resse(s)?<span class=\"gfield_required\"><span class=\"gfield_required gfield_required_asterisk\">*<\/span><\/span><\/label><div class='ginput_container ginput_container_checkbox'><ul class='gfield_checkbox' id='input_4_7'><li class='gchoice gchoice_4_7_1'>\n\t\t\t\t\t\t\t\t<input class='gfield-choice-input' name='input_7.1' type='checkbox'  value='D\u00e9tection d&#039;intrusion'  id='choice_4_7_1'   aria-describedby=\"gfield_description_4_7\"\/>\n\t\t\t\t\t\t\t\t<label for='choice_4_7_1' id='label_4_7_1' class='gform-field-label gform-field-label--type-inline'>D\u00e9tection d'intrusion<\/label>\n\t\t\t\t\t\t\t<\/li><li class='gchoice gchoice_4_7_2'>\n\t\t\t\t\t\t\t\t<input class='gfield-choice-input' name='input_7.2' type='checkbox'  value='D\u00e9tection d&#039;incendie'  id='choice_4_7_2'   \/>\n\t\t\t\t\t\t\t\t<label for='choice_4_7_2' id='label_4_7_2' class='gform-field-label gform-field-label--type-inline'>D\u00e9tection d'incendie<\/label>\n\t\t\t\t\t\t\t<\/li><li class='gchoice gchoice_4_7_3'>\n\t\t\t\t\t\t\t\t<input class='gfield-choice-input' name='input_7.3' type='checkbox'  value='Vid\u00e9osurveillance'  id='choice_4_7_3'   \/>\n\t\t\t\t\t\t\t\t<label for='choice_4_7_3' id='label_4_7_3' class='gform-field-label gform-field-label--type-inline'>Vid\u00e9osurveillance<\/label>\n\t\t\t\t\t\t\t<\/li><li class='gchoice gchoice_4_7_4'>\n\t\t\t\t\t\t\t\t<input class='gfield-choice-input' name='input_7.4' type='checkbox'  value='Contr\u00f4le d&#039;acc\u00e8s'  id='choice_4_7_4'   \/>\n\t\t\t\t\t\t\t\t<label for='choice_4_7_4' id='label_4_7_4' class='gform-field-label gform-field-label--type-inline'>Contr\u00f4le d'acc\u00e8s<\/label>\n\t\t\t\t\t\t\t<\/li><li class='gchoice gchoice_4_7_5'>\n\t\t\t\t\t\t\t\t<input class='gfield-choice-input' name='input_7.5' type='checkbox'  value='Autre(s)'  id='choice_4_7_5'   \/>\n\t\t\t\t\t\t\t\t<label for='choice_4_7_5' id='label_4_7_5' class='gform-field-label gform-field-label--type-inline'>Autre(s)<\/label>\n\t\t\t\t\t\t\t<\/li><\/ul><\/div><div class='gfield_description' id='gfield_description_4_7'>Choisissez une ou plusieures solution(s).<\/div><\/li><li id=\"field_4_4\"  class=\"gfield gfield--type-textarea gfield_contains_required field_sublabel_below gfield--has-description field_description_below gfield_visibility_visible\"  data-js-reload=\"field_4_4\"><label class='gfield_label gform-field-label' for='input_4_4' >D\u00e9crivez bri\u00e8vement comment nous pouvons vous aider<span class=\"gfield_required\"><span class=\"gfield_required gfield_required_asterisk\">*<\/span><\/span><\/label><div class='ginput_container ginput_container_textarea'><textarea name='input_4' id='input_4_4' class='textarea medium'  aria-describedby=\"gfield_description_4_4\"   aria-required=\"true\" aria-invalid=\"false\"   rows='10' cols='50'><\/textarea><\/div><div class='gfield_description' id='gfield_description_4_4'>Par exemple :\nJe suis \u00e0 la recherche de la d\u00e9tection d'incendie et de l'installation pour ma boutique \u00e0 Buizingen.<\/div><\/li><li id=\"field_4_2\"  class=\"gfield gfield--type-email gfield_contains_required field_sublabel_below gfield--no-description field_description_below gfield_visibility_visible\"  data-js-reload=\"field_4_2\"><label class='gfield_label gform-field-label' for='input_4_2' >Adresse email<span class=\"gfield_required\"><span class=\"gfield_required gfield_required_asterisk\">*<\/span><\/span><\/label><div class='ginput_container ginput_container_email'>\n                            <input name='input_2' id='input_4_2' type='text' value='' class='medium'    aria-required=\"true\" aria-invalid=\"false\"  \/>\n                        <\/div><\/li><li id=\"field_4_8\"  class=\"gfield gfield--type-captcha field_sublabel_below gfield--no-description field_description_below gfield_visibility_visible\"  data-js-reload=\"field_4_8\"><label class='gfield_label gform-field-label screen-reader-text' for='input_4_8' ><\/label><div id='input_4_8' class='ginput_container ginput_recaptcha' data-sitekey='6LcnibsUAAAAAJtv2tu7MRHvTITa41cONn3gr5SV'  data-theme='light' data-tabindex='-1' data-size='invisible' data-badge='bottomleft'><\/div><\/li><\/ul><\/div>\n        <div class='gform_footer top_label'> <input type='submit' id='gform_submit_button_4' class='gform_button button' value='Envoyer'  onclick='if(window[\"gf_submitting_4\"]){return false;}  window[\"gf_submitting_4\"]=true;  ' onkeypress='if( event.keyCode == 13 ){ if(window[\"gf_submitting_4\"]){return false;} window[\"gf_submitting_4\"]=true;  jQuery(\"#gform_4\").trigger(\"submit\",[true]); }' \/> \n            <input type='hidden' class='gform_hidden' name='is_submit_4' value='1' \/>\n            <input type='hidden' class='gform_hidden' name='gform_submit' value='4' \/>\n            \n            <input type='hidden' class='gform_hidden' name='gform_unique_id' value='' \/>\n            <input type='hidden' class='gform_hidden' name='state_4' value='WyJbXSIsIjViOTM1Y2JjZjJhMTMxM2RiMzI4YTYxMWVjMDVkMTQ4Il0=' \/>\n            <input type='hidden' class='gform_hidden' name='gform_target_page_number_4' id='gform_target_page_number_4' value='0' \/>\n            <input type='hidden' class='gform_hidden' name='gform_source_page_number_4' id='gform_source_page_number_4' value='1' \/>\n            <input type='hidden' name='gform_field_values' value='' \/>\n            \n        <\/div>\n                        <\/form>\n                        <\/div><script>\ngform.initializeOnLoaded( function() {gformInitSpinner( 4, 'https:\/\/www.emsecurity.be\/wp-content\/plugins\/gravityforms\/images\/spinner.svg', true );jQuery('#gform_ajax_frame_4').on('load',function(){var contents = jQuery(this).contents().find('*').html();var is_postback = contents.indexOf('GF_AJAX_POSTBACK') >= 0;if(!is_postback){return;}var form_content = jQuery(this).contents().find('#gform_wrapper_4');var is_confirmation = jQuery(this).contents().find('#gform_confirmation_wrapper_4').length > 0;var is_redirect = contents.indexOf('gformRedirect(){') >= 0;var is_form = form_content.length > 0 && ! is_redirect && ! is_confirmation;var mt = parseInt(jQuery('html').css('margin-top'), 10) + parseInt(jQuery('body').css('margin-top'), 10) + 100;if(is_form){jQuery('#gform_wrapper_4').html(form_content.html());if(form_content.hasClass('gform_validation_error')){jQuery('#gform_wrapper_4').addClass('gform_validation_error');} else {jQuery('#gform_wrapper_4').removeClass('gform_validation_error');}setTimeout( function() { \/* delay the scroll by 50 milliseconds to fix a bug in chrome *\/  }, 50 );if(window['gformInitDatepicker']) {gformInitDatepicker();}if(window['gformInitPriceFields']) {gformInitPriceFields();}var current_page = jQuery('#gform_source_page_number_4').val();gformInitSpinner( 4, 'https:\/\/www.emsecurity.be\/wp-content\/plugins\/gravityforms\/images\/spinner.svg', true );jQuery(document).trigger('gform_page_loaded', [4, current_page]);window['gf_submitting_4'] = false;}else if(!is_redirect){var confirmation_content = jQuery(this).contents().find('.GF_AJAX_POSTBACK').html();if(!confirmation_content){confirmation_content = contents;}setTimeout(function(){jQuery('#gform_wrapper_4').replaceWith(confirmation_content);jQuery(document).trigger('gform_confirmation_loaded', [4]);window['gf_submitting_4'] = false;wp.a11y.speak(jQuery('#gform_confirmation_message_4').text());}, 50);}else{jQuery('#gform_4').append(contents);if(window['gformRedirect']) {gformRedirect();}}jQuery(document).trigger('gform_post_render', [4, current_page]);gform.utils.trigger({ event: 'gform\/postRender', native: false, data: { formId: 4, currentPage: current_page } });} );} );\n<\/script>\n[\/vc_column][vc_column width=\u00a0\u00bb1\/6&Prime;][\/vc_column][\/vc_row]\n<!-- AddThis Advanced Settings generic via filter on the_content --><!-- AddThis Share Buttons generic via filter on the_content -->","protected":false},"excerpt":{"rendered":"<p>[vc_row][vc_column][vc_separator][\/vc_column][\/vc_row][vc_row][vc_column width=\u00a0\u00bb1\/6&Prime;][\/vc_column][vc_column width=\u00a0\u00bb2\/3&Prime;][vc_column_text] Demandez votre devis ici [\/vc_column_text][\/vc_column][vc_column width=\u00a0\u00bb1\/6&Prime;][\/vc_column][\/vc_row]<!-- AddThis Advanced Settings generic via filter on get_the_excerpt --><!-- AddThis Share Buttons generic via filter on get_the_excerpt --><\/p>\n","protected":false},"author":1,"featured_media":0,"parent":0,"menu_order":0,"comment_status":"closed","ping_status":"closed","template":"","meta":[],"yoast_head":"<!-- This site is optimized with the Yoast SEO plugin v20.9 - https:\/\/yoast.com\/wordpress\/plugins\/seo\/ -->\n<title>Votre devis - EM Security - D\u00e9tection d&#039;intrustion, vid\u00e9osurveillance, d\u00e9tection d&#039;incendie et plus<\/title>\n<meta name=\"description\" content=\"Demandez un devis pour les syst\u00e8mes d&#039;alarme, la d\u00e9tection incendie, la surveillance par cam\u00e9ra, le contr\u00f4le d&#039;acc\u00e8s ou nos autres solutions aujourd&#039;hui.\" \/>\n<meta name=\"robots\" content=\"index, follow, max-snippet:-1, max-image-preview:large, max-video-preview:-1\" \/>\n<link rel=\"canonical\" href=\"https:\/\/www.emsecurity.be\/fr\/devis\/\" \/>\n<meta property=\"og:locale\" content=\"fr_FR\" \/>\n<meta property=\"og:type\" content=\"article\" \/>\n<meta property=\"og:title\" content=\"Votre devis - EM Security - D\u00e9tection d&#039;intrustion, vid\u00e9osurveillance, d\u00e9tection d&#039;incendie et plus\" \/>\n<meta property=\"og:description\" content=\"Demandez un devis pour les syst\u00e8mes d&#039;alarme, la d\u00e9tection incendie, la surveillance par cam\u00e9ra, le contr\u00f4le d&#039;acc\u00e8s ou nos autres solutions aujourd&#039;hui.\" \/>\n<meta property=\"og:url\" content=\"https:\/\/www.emsecurity.be\/fr\/devis\/\" \/>\n<meta property=\"og:site_name\" content=\"EM Security - D\u00e9tection d&#039;intrustion, vid\u00e9osurveillance, d\u00e9tection d&#039;incendie et plus\" \/>\n<meta property=\"article:modified_time\" content=\"2019-08-12T15:18:09+00:00\" \/>\n<meta name=\"twitter:card\" content=\"summary_large_image\" \/>\n<script type=\"application\/ld+json\" class=\"yoast-schema-graph\">{\"@context\":\"https:\/\/schema.org\",\"@graph\":[{\"@type\":\"WebPage\",\"@id\":\"https:\/\/www.emsecurity.be\/fr\/devis\/\",\"url\":\"https:\/\/www.emsecurity.be\/fr\/devis\/\",\"name\":\"Votre devis - EM Security - D\u00e9tection d'intrustion, vid\u00e9osurveillance, d\u00e9tection d'incendie et plus\",\"isPartOf\":{\"@id\":\"https:\/\/www.emsecurity.be\/fr\/#website\"},\"datePublished\":\"2019-07-03T16:41:52+00:00\",\"dateModified\":\"2019-08-12T15:18:09+00:00\",\"description\":\"Demandez un devis pour les syst\u00e8mes d'alarme, la d\u00e9tection incendie, la surveillance par cam\u00e9ra, le contr\u00f4le d'acc\u00e8s ou nos autres solutions aujourd'hui.\",\"breadcrumb\":{\"@id\":\"https:\/\/www.emsecurity.be\/fr\/devis\/#breadcrumb\"},\"inLanguage\":\"fr-FR\",\"potentialAction\":[{\"@type\":\"ReadAction\",\"target\":[\"https:\/\/www.emsecurity.be\/fr\/devis\/\"]}]},{\"@type\":\"BreadcrumbList\",\"@id\":\"https:\/\/www.emsecurity.be\/fr\/devis\/#breadcrumb\",\"itemListElement\":[{\"@type\":\"ListItem\",\"position\":1,\"name\":\"Home\",\"item\":\"https:\/\/www.emsecurity.be\/fr\/\"},{\"@type\":\"ListItem\",\"position\":2,\"name\":\"Votre devis\"}]},{\"@type\":\"WebSite\",\"@id\":\"https:\/\/www.emsecurity.be\/fr\/#website\",\"url\":\"https:\/\/www.emsecurity.be\/fr\/\",\"name\":\"EM Security - D\u00e9tection d'intrustion, vid\u00e9osurveillance, d\u00e9tection d'incendie et plus\",\"description\":\"Uw professionele gesprekspartner voor al uw vragen rond beveiliging\",\"publisher\":{\"@id\":\"https:\/\/www.emsecurity.be\/fr\/#organization\"},\"potentialAction\":[{\"@type\":\"SearchAction\",\"target\":{\"@type\":\"EntryPoint\",\"urlTemplate\":\"https:\/\/www.emsecurity.be\/fr\/?s={search_term_string}\"},\"query-input\":\"required name=search_term_string\"}],\"inLanguage\":\"fr-FR\"},{\"@type\":\"Organization\",\"@id\":\"https:\/\/www.emsecurity.be\/fr\/#organization\",\"name\":\"EM Security\",\"url\":\"https:\/\/www.emsecurity.be\/fr\/\",\"logo\":{\"@type\":\"ImageObject\",\"inLanguage\":\"fr-FR\",\"@id\":\"https:\/\/www.emsecurity.be\/fr\/#\/schema\/logo\/image\/\",\"url\":\"https:\/\/www.emsecurity.be\/wp-content\/uploads\/2019\/07\/Logo-positive-rgb_transparant.png\",\"contentUrl\":\"https:\/\/www.emsecurity.be\/wp-content\/uploads\/2019\/07\/Logo-positive-rgb_transparant.png\",\"width\":851,\"height\":211,\"caption\":\"EM Security\"},\"image\":{\"@id\":\"https:\/\/www.emsecurity.be\/fr\/#\/schema\/logo\/image\/\"}}]}<\/script>\n<!-- \/ Yoast SEO plugin. -->","yoast_head_json":{"title":"Votre devis - EM Security - D\u00e9tection d'intrustion, vid\u00e9osurveillance, d\u00e9tection d'incendie et plus","description":"Demandez un devis pour les syst\u00e8mes d'alarme, la d\u00e9tection incendie, la surveillance par cam\u00e9ra, le contr\u00f4le d'acc\u00e8s ou nos autres solutions aujourd'hui.","robots":{"index":"index","follow":"follow","max-snippet":"max-snippet:-1","max-image-preview":"max-image-preview:large","max-video-preview":"max-video-preview:-1"},"canonical":"https:\/\/www.emsecurity.be\/fr\/devis\/","og_locale":"fr_FR","og_type":"article","og_title":"Votre devis - EM Security - D\u00e9tection d'intrustion, vid\u00e9osurveillance, d\u00e9tection d'incendie et plus","og_description":"Demandez un devis pour les syst\u00e8mes d'alarme, la d\u00e9tection incendie, la surveillance par cam\u00e9ra, le contr\u00f4le d'acc\u00e8s ou nos autres solutions aujourd'hui.","og_url":"https:\/\/www.emsecurity.be\/fr\/devis\/","og_site_name":"EM Security - D\u00e9tection d'intrustion, vid\u00e9osurveillance, d\u00e9tection d'incendie et plus","article_modified_time":"2019-08-12T15:18:09+00:00","twitter_card":"summary_large_image","schema":{"@context":"https:\/\/schema.org","@graph":[{"@type":"WebPage","@id":"https:\/\/www.emsecurity.be\/fr\/devis\/","url":"https:\/\/www.emsecurity.be\/fr\/devis\/","name":"Votre devis - EM Security - D\u00e9tection d'intrustion, vid\u00e9osurveillance, d\u00e9tection d'incendie et plus","isPartOf":{"@id":"https:\/\/www.emsecurity.be\/fr\/#website"},"datePublished":"2019-07-03T16:41:52+00:00","dateModified":"2019-08-12T15:18:09+00:00","description":"Demandez un devis pour les syst\u00e8mes d'alarme, la d\u00e9tection incendie, la surveillance par cam\u00e9ra, le contr\u00f4le d'acc\u00e8s ou nos autres solutions aujourd'hui.","breadcrumb":{"@id":"https:\/\/www.emsecurity.be\/fr\/devis\/#breadcrumb"},"inLanguage":"fr-FR","potentialAction":[{"@type":"ReadAction","target":["https:\/\/www.emsecurity.be\/fr\/devis\/"]}]},{"@type":"BreadcrumbList","@id":"https:\/\/www.emsecurity.be\/fr\/devis\/#breadcrumb","itemListElement":[{"@type":"ListItem","position":1,"name":"Home","item":"https:\/\/www.emsecurity.be\/fr\/"},{"@type":"ListItem","position":2,"name":"Votre devis"}]},{"@type":"WebSite","@id":"https:\/\/www.emsecurity.be\/fr\/#website","url":"https:\/\/www.emsecurity.be\/fr\/","name":"EM Security - D\u00e9tection d'intrustion, vid\u00e9osurveillance, d\u00e9tection d'incendie et plus","description":"Uw professionele gesprekspartner voor al uw vragen rond beveiliging","publisher":{"@id":"https:\/\/www.emsecurity.be\/fr\/#organization"},"potentialAction":[{"@type":"SearchAction","target":{"@type":"EntryPoint","urlTemplate":"https:\/\/www.emsecurity.be\/fr\/?s={search_term_string}"},"query-input":"required name=search_term_string"}],"inLanguage":"fr-FR"},{"@type":"Organization","@id":"https:\/\/www.emsecurity.be\/fr\/#organization","name":"EM Security","url":"https:\/\/www.emsecurity.be\/fr\/","logo":{"@type":"ImageObject","inLanguage":"fr-FR","@id":"https:\/\/www.emsecurity.be\/fr\/#\/schema\/logo\/image\/","url":"https:\/\/www.emsecurity.be\/wp-content\/uploads\/2019\/07\/Logo-positive-rgb_transparant.png","contentUrl":"https:\/\/www.emsecurity.be\/wp-content\/uploads\/2019\/07\/Logo-positive-rgb_transparant.png","width":851,"height":211,"caption":"EM Security"},"image":{"@id":"https:\/\/www.emsecurity.be\/fr\/#\/schema\/logo\/image\/"}}]}},"_links":{"self":[{"href":"https:\/\/www.emsecurity.be\/fr\/wp-json\/wp\/v2\/pages\/421"}],"collection":[{"href":"https:\/\/www.emsecurity.be\/fr\/wp-json\/wp\/v2\/pages"}],"about":[{"href":"https:\/\/www.emsecurity.be\/fr\/wp-json\/wp\/v2\/types\/page"}],"author":[{"embeddable":true,"href":"https:\/\/www.emsecurity.be\/fr\/wp-json\/wp\/v2\/users\/1"}],"replies":[{"embeddable":true,"href":"https:\/\/www.emsecurity.be\/fr\/wp-json\/wp\/v2\/comments?post=421"}],"version-history":[{"count":6,"href":"https:\/\/www.emsecurity.be\/fr\/wp-json\/wp\/v2\/pages\/421\/revisions"}],"predecessor-version":[{"id":534,"href":"https:\/\/www.emsecurity.be\/fr\/wp-json\/wp\/v2\/pages\/421\/revisions\/534"}],"wp:attachment":[{"href":"https:\/\/www.emsecurity.be\/fr\/wp-json\/wp\/v2\/media?parent=421"}],"curies":[{"name":"wp","href":"https:\/\/api.w.org\/{rel}","templated":true}]}}