{"id":493,"date":"2019-07-08T12:35:06","date_gmt":"2019-07-08T12:35:06","guid":{"rendered":"https:\/\/staging.emsecurity.be\/home-2\/"},"modified":"2019-08-12T16:51:40","modified_gmt":"2019-08-12T14:51:40","slug":"home-2","status":"publish","type":"page","link":"https:\/\/www.emsecurity.be\/fr\/","title":{"rendered":"Syst\u00e8mes d&rsquo;alarme, d\u00e9tection d&rsquo;incendie, d\u00e9tection d&rsquo;intrusion et autres"},"content":{"rendered":"[vc_row vcex_user_access=\u00a0\u00bblogged_in\u00a0\u00bb][vc_column][rev_slider_vc alias=\u00a0\u00bbhome3-fr\u00a0\u00bb][\/vc_column][\/vc_row][vc_row css=\u00a0\u00bb.vc_custom_1562320980890{border-bottom-width: 48px !important;padding-top: 48px !important;}\u00a0\u00bb][vc_column width=\u00a0\u00bb1\/4&Prime;][vc_single_image image=\u00a0\u00bb433&Prime; onclick=\u00a0\u00bbcustom_link\u00a0\u00bb link=\u00a0\u00bb\/fr\/systemes-dalarme-dissuadez-les-cambrioleurs\/\u00a0\u00bb][vc_column_text]\n<h3 style=\"text-align: center;\"><a href=\"https:\/\/www.emsecurity.be\/fr\/systemes-dalarme-dissuadez-les-cambrioleurs\/\">Syst\u00e8mes d&rsquo;alarme \u2192<\/a><\/h3>\n[\/vc_column_text][\/vc_column][vc_column width=\u00a0\u00bb1\/4&Prime;][vc_single_image image=\u00a0\u00bb435&Prime; onclick=\u00a0\u00bbcustom_link\u00a0\u00bb link=\u00a0\u00bb\/fr\/solutions\u00a0\u00bb][vc_column_text]\n<h3 style=\"text-align: center;\"><a href=\"https:\/\/www.emsecurity.be\/fr\/solutions\/\">D\u00e9tection d&rsquo;incendie \u2192<\/a><\/h3>\n[\/vc_column_text][\/vc_column][vc_column width=\u00a0\u00bb1\/4&Prime;][vc_single_image image=\u00a0\u00bb437&Prime; onclick=\u00a0\u00bbcustom_link\u00a0\u00bb link=\u00a0\u00bb\/fr\/solutions\u00a0\u00bb][vc_column_text]\n<h3 style=\"text-align: center;\"><a href=\"https:\/\/www.emsecurity.be\/fr\/solutions\/\">D\u00e9tection d&rsquo;intrusion \u2192<\/a><\/h3>\n[\/vc_column_text][\/vc_column][vc_column width=\u00a0\u00bb1\/4&Prime;][vc_single_image image=\u00a0\u00bb439&Prime; onclick=\u00a0\u00bbcustom_link\u00a0\u00bb link=\u00a0\u00bb\/fr\/solutions\u00a0\u00bb][vc_column_text]\n<h3 style=\"text-align: center;\"><a href=\"https:\/\/www.emsecurity.be\/fr\/solutions\/\">Contr\u00f4le d&rsquo;acc\u00e8s \u2192<\/a><\/h3>\n[\/vc_column_text][\/vc_column][\/vc_row][vc_row full_width=\u00a0\u00bbstretch_row\u00a0\u00bb css=\u00a0\u00bb.vc_custom_1562587287204{margin-top: 50px !important;margin-bottom: 50px !important;background-color: #e5231b !important;}\u00a0\u00bb][vc_column width=\u00a0\u00bb1\/4&Prime;][\/vc_column][vc_column width=\u00a0\u00bb1\/2&Prime;][vc_column_text css=\u00a0\u00bb.vc_custom_1563193841017{margin-top: 25px !important;margin-bottom: -15px !important;}\u00a0\u00bb color=\u00a0\u00bb#ffffff\u00a0\u00bb]\n<h2 style=\"text-align: center;\">Les valeurs d&rsquo; EM Security sont <strong>la qualit\u00e9<\/strong> et <strong>la convivialit\u00e9<\/strong>, et ce tant au niveau de la prestation de services que des mat\u00e9riaux choisis.<\/h2>\n[\/vc_column_text][\/vc_column][vc_column width=\u00a0\u00bb1\/4&Prime;][\/vc_column][\/vc_row][vc_row css=\u00a0\u00bb.vc_custom_1562322214143{border-bottom-width: 30px !important;padding-top: 48px !important;}\u00a0\u00bb][vc_column width=\u00a0\u00bb1\/3&Prime;][vc_column_text]\n<h2 style=\"text-align: center;\"><a href=\"https:\/\/www.emsecurity.be\/fr\/solutions\/\">Choississez votre s\u00e9curisation<\/a><\/h2>\n<p style=\"text-align: center;\">Pour votre habitation ou entreprise<\/p>\n<p style=\"text-align: center;\"><a href=\"https:\/\/www.emsecurity.be\/fr\/solutions\/\">Plus d&rsquo;infos \u203a<\/a><\/p>\n[\/vc_column_text][\/vc_column][vc_column width=\u00a0\u00bb1\/3&Prime;][vc_column_text]\n<h2 style=\"text-align: center;\"><a href=\"https:\/\/www.emsecurity.be\/fr\/historique\/\">Entreprise<\/a><\/h2>\n<p style=\"text-align: center;\">D\u00e9couvrez EM Security<\/p>\n<p style=\"text-align: center;\"><a href=\"https:\/\/www.emsecurity.be\/fr\/historique\/\">Plus d&rsquo;infos \u203a<\/a><\/p>\n[\/vc_column_text][\/vc_column][vc_column width=\u00a0\u00bb1\/3&Prime;][vc_column_text]\n<h2 style=\"text-align: center;\"><a href=\"https:\/\/www.emsecurity.be\/fr\/contact\/\">Contact<\/a><\/h2>\n<p style=\"text-align: center;\">Contactez nous pour obtenir plus d&rsquo;infos<\/p>\n<p style=\"text-align: center;\"><a href=\"https:\/\/www.emsecurity.be\/fr\/contact\/\">Contactez-nous \u203a<\/a><\/p>\n[\/vc_column_text][\/vc_column][\/vc_row][vc_row full_width=\u00a0\u00bbstretch_row\u00a0\u00bb css=\u00a0\u00bb.vc_custom_1562322135684{margin-top: 50px !important;margin-bottom: -48px !important;background-color: #ededed !important;}\u00a0\u00bb][vc_column][vc_column_text css=\u00a0\u00bb.vc_custom_1562320354614{margin-top: 25px !important;margin-bottom: -15px !important;}\u00a0\u00bb]\n<h2 style=\"text-align: center;\">Pourquoi choisir EM Security?<\/h2>\n[\/vc_column_text][\/vc_column][\/vc_row][vc_row full_width=\u00a0\u00bbstretch_row\u00a0\u00bb css=\u00a0\u00bb.vc_custom_1562320453014{margin-bottom: 50px !important;background-color: #ededed !important;}\u00a0\u00bb][vc_column width=\u00a0\u00bb1\/4&Prime;][\/vc_column][vc_column width=\u00a0\u00bb1\/2&Prime; css=\u00a0\u00bb.vc_custom_1562322147628{margin-top: -30px !important;}\u00a0\u00bb][vc_column_text css=\u00a0\u00bb.vc_custom_1562320444346{margin-top: 25px !important;margin-bottom: -15px !important;}\u00a0\u00bb]\n<p style=\"text-align: center;\">EM Security est <strong>certifi\u00e9 incert<\/strong>, travaille avec des collaborateurs exp\u00e9riment\u00e9s dot\u00e9s de comp\u00e9tences et capacit\u00e9s av\u00e9r\u00e9es, qui suivent une formation continue et sont <strong>agr\u00e9es par le Minist\u00e8re de l&rsquo;Int\u00e9rieur<\/strong>. Nous assurons une prestation de services 24 heures sur 24, 7 jours sur 7. EM Security d\u00e9nombre des clients et techniciens dans tout le pays.<\/p>\n[\/vc_column_text]<div class=\"vc_custom_1565275155646 wpex-clr\"><div class=\"textcenter theme-button-wrap wpex-clr\"><a href=\"\/fr\/devis\" class=\"vcex-button theme-button align-center inline\"><span class=\"theme-button-inner\">Demandez votre devis<\/span><\/a><\/div><\/div> [\/vc_column][vc_column width=\u00a0\u00bb1\/4&Prime;][\/vc_column][\/vc_row][vc_row css=\u00a0\u00bb.vc_custom_1561638989141{margin-top: 30px !important;}\u00a0\u00bb][vc_column width=\u00a0\u00bb1\/3&Prime;][\/vc_column][vc_column width=\u00a0\u00bb1\/3&Prime;][vc_column_text]\n<h2>Visitez nos reseaux sociaux<\/h2>\n[\/vc_column_text][vc_row_inner css=\u00a0\u00bb.vc_custom_1564476985462{margin-top: 24px !important;}\u00a0\u00bb][vc_column_inner width=\u00a0\u00bb1\/4&Prime;][\/vc_column_inner][vc_column_inner width=\u00a0\u00bb1\/4&Prime;]<div class=\"vcex-module vcex-icon vcex-icon-normal\"><a href=\"https:\/\/www.facebook.com\/emsbelgium\/\" class=\"vcex-icon-link wpex-no-underline\"><div class=\"vcex-icon-wrap wpex-inline-flex wpex-items-center wpex-justify-center wpex-leading-none\"><span class=\"ticon ticon-facebook-square\"><\/span><\/div><\/a><\/div>[\/vc_column_inner][vc_column_inner width=\u00a0\u00bb1\/4&Prime;]<div class=\"vcex-module vcex-icon vcex-icon-normal\"><a href=\"https:\/\/www.instagram.com\/emsecurityhalle\/\" class=\"vcex-icon-link wpex-no-underline\"><div class=\"vcex-icon-wrap wpex-inline-flex wpex-items-center wpex-justify-center wpex-leading-none\"><span class=\"ticon ticon-instagram\"><\/span><\/div><\/a><\/div>[\/vc_column_inner][vc_column_inner width=\u00a0\u00bb1\/4&Prime;][\/vc_column_inner][\/vc_row_inner][\/vc_column][vc_column width=\u00a0\u00bb1\/3&Prime;][\/vc_column][\/vc_row]\n<!-- AddThis Advanced Settings generic via filter on the_content --><!-- AddThis Share Buttons generic via filter on the_content -->","protected":false},"excerpt":{"rendered":"<p>[vc_row vcex_user_access=\u00a0\u00bblogged_in\u00a0\u00bb][vc_column][rev_slider_vc alias=\u00a0\u00bbhome3-fr\u00a0\u00bb][\/vc_column][\/vc_row][vc_row css=\u00a0\u00bb.vc_custom_1562320980890{border-bottom-width: 48px !important;padding-top: 48px !important;}\u00a0\u00bb][vc_column width=\u00a0\u00bb1\/4&Prime;][vc_single_image image=\u00a0\u00bb433&Prime; onclick=\u00a0\u00bbcustom_link\u00a0\u00bb link=\u00a0\u00bb\/fr\/systemes-dalarme-dissuadez-les-cambrioleurs\/\u00a0\u00bb][vc_column_text] Syst\u00e8mes d&rsquo;alarme \u2192 [\/vc_column_text][\/vc_column][vc_column width=\u00a0\u00bb1\/4&Prime;][vc_single_image image=\u00a0\u00bb435&Prime; onclick=\u00a0\u00bbcustom_link\u00a0\u00bb link=\u00a0\u00bb\/fr\/solutions\u00a0\u00bb][vc_column_text] D\u00e9tection d&rsquo;incendie \u2192 [\/vc_column_text][\/vc_column][vc_column width=\u00a0\u00bb1\/4&Prime;][vc_single_image image=\u00a0\u00bb437&Prime; onclick=\u00a0\u00bbcustom_link\u00a0\u00bb link=\u00a0\u00bb\/fr\/solutions\u00a0\u00bb][vc_column_text] D\u00e9tection d&rsquo;intrusion \u2192 [\/vc_column_text][\/vc_column][vc_column width=\u00a0\u00bb1\/4&Prime;][vc_single_image image=\u00a0\u00bb439&Prime; onclick=\u00a0\u00bbcustom_link\u00a0\u00bb link=\u00a0\u00bb\/fr\/solutions\u00a0\u00bb][vc_column_text] Contr\u00f4le d&rsquo;acc\u00e8s \u2192 [\/vc_column_text][\/vc_column][\/vc_row][vc_row full_width=\u00a0\u00bbstretch_row\u00a0\u00bb css=\u00a0\u00bb.vc_custom_1562587287204{margin-top: 50px !important;margin-bottom: 50px !important;background-color: #e5231b !important;}\u00a0\u00bb][vc_column width=\u00a0\u00bb1\/4&Prime;][\/vc_column][vc_column width=\u00a0\u00bb1\/2&Prime;][vc_column_text css=\u00a0\u00bb.vc_custom_1563193841017{margin-top: 25px !important;margin-bottom: -15px !important;}\u00a0\u00bb&hellip;<!-- AddThis Advanced Settings generic via filter on get_the_excerpt --><!-- AddThis Share Buttons generic via filter on get_the_excerpt --><\/p>\n","protected":false},"author":2,"featured_media":0,"parent":0,"menu_order":0,"comment_status":"closed","ping_status":"closed","template":"","meta":[],"yoast_head":"<!-- This site is optimized with the Yoast SEO plugin v20.9 - https:\/\/yoast.com\/wordpress\/plugins\/seo\/ -->\n<title>Syst\u00e8mes d&#039;alarme, d\u00e9tection d&#039;incendie et plus - D\u00e9couvrez EM Security!<\/title>\n<meta name=\"description\" content=\"Les valeurs d\u2019EM Security sont la qualit\u00e9 et la convivialit\u00e9 et ce tant au niveau de la prestation de services que des mat\u00e9riaux choisis.\" \/>\n<meta name=\"robots\" content=\"index, follow, max-snippet:-1, max-image-preview:large, max-video-preview:-1\" \/>\n<link rel=\"canonical\" href=\"https:\/\/www.emsecurity.be\/fr\/\" \/>\n<meta property=\"og:locale\" content=\"fr_FR\" \/>\n<meta property=\"og:type\" content=\"article\" \/>\n<meta property=\"og:title\" content=\"Syst\u00e8mes d&#039;alarme, d\u00e9tection d&#039;incendie et plus - D\u00e9couvrez EM Security!\" \/>\n<meta property=\"og:description\" content=\"Les valeurs d\u2019EM Security sont la qualit\u00e9 et la convivialit\u00e9 et ce tant au niveau de la prestation de services que des mat\u00e9riaux choisis.\" \/>\n<meta property=\"og:url\" content=\"https:\/\/www.emsecurity.be\/fr\/\" \/>\n<meta property=\"og:site_name\" content=\"EM Security - D\u00e9tection d&#039;intrustion, vid\u00e9osurveillance, d\u00e9tection d&#039;incendie et plus\" \/>\n<meta property=\"article:modified_time\" content=\"2019-08-12T14:51:40+00:00\" \/>\n<meta name=\"twitter:card\" content=\"summary_large_image\" \/>\n<meta name=\"twitter:label1\" content=\"Dur\u00e9e de lecture estim\u00e9e\" \/>\n\t<meta name=\"twitter:data1\" content=\"3 minutes\" \/>\n<script type=\"application\/ld+json\" class=\"yoast-schema-graph\">{\"@context\":\"https:\/\/schema.org\",\"@graph\":[{\"@type\":\"WebPage\",\"@id\":\"https:\/\/www.emsecurity.be\/fr\/\",\"url\":\"https:\/\/www.emsecurity.be\/fr\/\",\"name\":\"Syst\u00e8mes d'alarme, d\u00e9tection d'incendie et plus - D\u00e9couvrez EM Security!\",\"isPartOf\":{\"@id\":\"https:\/\/www.emsecurity.be\/fr\/#website\"},\"datePublished\":\"2019-07-08T12:35:06+00:00\",\"dateModified\":\"2019-08-12T14:51:40+00:00\",\"description\":\"Les valeurs d\u2019EM Security sont la qualit\u00e9 et la convivialit\u00e9 et ce tant au niveau de la prestation de services que des mat\u00e9riaux choisis.\",\"breadcrumb\":{\"@id\":\"https:\/\/www.emsecurity.be\/fr\/#breadcrumb\"},\"inLanguage\":\"fr-FR\",\"potentialAction\":[{\"@type\":\"ReadAction\",\"target\":[\"https:\/\/www.emsecurity.be\/fr\/\"]}]},{\"@type\":\"BreadcrumbList\",\"@id\":\"https:\/\/www.emsecurity.be\/fr\/#breadcrumb\",\"itemListElement\":[{\"@type\":\"ListItem\",\"position\":1,\"name\":\"Home\",\"item\":\"https:\/\/www.emsecurity.be\/fr\/\"},{\"@type\":\"ListItem\",\"position\":2,\"name\":\"Syst\u00e8mes d&rsquo;alarme, d\u00e9tection d&rsquo;incendie, d\u00e9tection d&rsquo;intrusion et autres\"}]},{\"@type\":\"WebSite\",\"@id\":\"https:\/\/www.emsecurity.be\/fr\/#website\",\"url\":\"https:\/\/www.emsecurity.be\/fr\/\",\"name\":\"EM Security - D\u00e9tection d'intrustion, vid\u00e9osurveillance, d\u00e9tection d'incendie et plus\",\"description\":\"Uw professionele gesprekspartner voor al uw vragen rond beveiliging\",\"publisher\":{\"@id\":\"https:\/\/www.emsecurity.be\/fr\/#organization\"},\"potentialAction\":[{\"@type\":\"SearchAction\",\"target\":{\"@type\":\"EntryPoint\",\"urlTemplate\":\"https:\/\/www.emsecurity.be\/fr\/?s={search_term_string}\"},\"query-input\":\"required name=search_term_string\"}],\"inLanguage\":\"fr-FR\"},{\"@type\":\"Organization\",\"@id\":\"https:\/\/www.emsecurity.be\/fr\/#organization\",\"name\":\"EM Security\",\"url\":\"https:\/\/www.emsecurity.be\/fr\/\",\"logo\":{\"@type\":\"ImageObject\",\"inLanguage\":\"fr-FR\",\"@id\":\"https:\/\/www.emsecurity.be\/fr\/#\/schema\/logo\/image\/\",\"url\":\"https:\/\/www.emsecurity.be\/wp-content\/uploads\/2019\/07\/Logo-positive-rgb_transparant.png\",\"contentUrl\":\"https:\/\/www.emsecurity.be\/wp-content\/uploads\/2019\/07\/Logo-positive-rgb_transparant.png\",\"width\":851,\"height\":211,\"caption\":\"EM Security\"},\"image\":{\"@id\":\"https:\/\/www.emsecurity.be\/fr\/#\/schema\/logo\/image\/\"}}]}<\/script>\n<!-- \/ Yoast SEO plugin. -->","yoast_head_json":{"title":"Syst\u00e8mes d'alarme, d\u00e9tection d'incendie et plus - D\u00e9couvrez EM Security!","description":"Les valeurs d\u2019EM Security sont la qualit\u00e9 et la convivialit\u00e9 et ce tant au niveau de la prestation de services que des mat\u00e9riaux choisis.","robots":{"index":"index","follow":"follow","max-snippet":"max-snippet:-1","max-image-preview":"max-image-preview:large","max-video-preview":"max-video-preview:-1"},"canonical":"https:\/\/www.emsecurity.be\/fr\/","og_locale":"fr_FR","og_type":"article","og_title":"Syst\u00e8mes d'alarme, d\u00e9tection d'incendie et plus - D\u00e9couvrez EM Security!","og_description":"Les valeurs d\u2019EM Security sont la qualit\u00e9 et la convivialit\u00e9 et ce tant au niveau de la prestation de services que des mat\u00e9riaux choisis.","og_url":"https:\/\/www.emsecurity.be\/fr\/","og_site_name":"EM Security - D\u00e9tection d'intrustion, vid\u00e9osurveillance, d\u00e9tection d'incendie et plus","article_modified_time":"2019-08-12T14:51:40+00:00","twitter_card":"summary_large_image","twitter_misc":{"Dur\u00e9e de lecture estim\u00e9e":"3 minutes"},"schema":{"@context":"https:\/\/schema.org","@graph":[{"@type":"WebPage","@id":"https:\/\/www.emsecurity.be\/fr\/","url":"https:\/\/www.emsecurity.be\/fr\/","name":"Syst\u00e8mes d'alarme, d\u00e9tection d'incendie et plus - D\u00e9couvrez EM Security!","isPartOf":{"@id":"https:\/\/www.emsecurity.be\/fr\/#website"},"datePublished":"2019-07-08T12:35:06+00:00","dateModified":"2019-08-12T14:51:40+00:00","description":"Les valeurs d\u2019EM Security sont la qualit\u00e9 et la convivialit\u00e9 et ce tant au niveau de la prestation de services que des mat\u00e9riaux choisis.","breadcrumb":{"@id":"https:\/\/www.emsecurity.be\/fr\/#breadcrumb"},"inLanguage":"fr-FR","potentialAction":[{"@type":"ReadAction","target":["https:\/\/www.emsecurity.be\/fr\/"]}]},{"@type":"BreadcrumbList","@id":"https:\/\/www.emsecurity.be\/fr\/#breadcrumb","itemListElement":[{"@type":"ListItem","position":1,"name":"Home","item":"https:\/\/www.emsecurity.be\/fr\/"},{"@type":"ListItem","position":2,"name":"Syst\u00e8mes d&rsquo;alarme, d\u00e9tection d&rsquo;incendie, d\u00e9tection d&rsquo;intrusion et autres"}]},{"@type":"WebSite","@id":"https:\/\/www.emsecurity.be\/fr\/#website","url":"https:\/\/www.emsecurity.be\/fr\/","name":"EM Security - D\u00e9tection d'intrustion, vid\u00e9osurveillance, d\u00e9tection d'incendie et plus","description":"Uw professionele gesprekspartner voor al uw vragen rond beveiliging","publisher":{"@id":"https:\/\/www.emsecurity.be\/fr\/#organization"},"potentialAction":[{"@type":"SearchAction","target":{"@type":"EntryPoint","urlTemplate":"https:\/\/www.emsecurity.be\/fr\/?s={search_term_string}"},"query-input":"required name=search_term_string"}],"inLanguage":"fr-FR"},{"@type":"Organization","@id":"https:\/\/www.emsecurity.be\/fr\/#organization","name":"EM Security","url":"https:\/\/www.emsecurity.be\/fr\/","logo":{"@type":"ImageObject","inLanguage":"fr-FR","@id":"https:\/\/www.emsecurity.be\/fr\/#\/schema\/logo\/image\/","url":"https:\/\/www.emsecurity.be\/wp-content\/uploads\/2019\/07\/Logo-positive-rgb_transparant.png","contentUrl":"https:\/\/www.emsecurity.be\/wp-content\/uploads\/2019\/07\/Logo-positive-rgb_transparant.png","width":851,"height":211,"caption":"EM Security"},"image":{"@id":"https:\/\/www.emsecurity.be\/fr\/#\/schema\/logo\/image\/"}}]}},"_links":{"self":[{"href":"https:\/\/www.emsecurity.be\/fr\/wp-json\/wp\/v2\/pages\/493"}],"collection":[{"href":"https:\/\/www.emsecurity.be\/fr\/wp-json\/wp\/v2\/pages"}],"about":[{"href":"https:\/\/www.emsecurity.be\/fr\/wp-json\/wp\/v2\/types\/page"}],"author":[{"embeddable":true,"href":"https:\/\/www.emsecurity.be\/fr\/wp-json\/wp\/v2\/users\/2"}],"replies":[{"embeddable":true,"href":"https:\/\/www.emsecurity.be\/fr\/wp-json\/wp\/v2\/comments?post=493"}],"version-history":[{"count":21,"href":"https:\/\/www.emsecurity.be\/fr\/wp-json\/wp\/v2\/pages\/493\/revisions"}],"predecessor-version":[{"id":722,"href":"https:\/\/www.emsecurity.be\/fr\/wp-json\/wp\/v2\/pages\/493\/revisions\/722"}],"wp:attachment":[{"href":"https:\/\/www.emsecurity.be\/fr\/wp-json\/wp\/v2\/media?parent=493"}],"curies":[{"name":"wp","href":"https:\/\/api.w.org\/{rel}","templated":true}]}}