{"id":545,"date":"2019-07-15T13:32:19","date_gmt":"2019-07-15T13:32:19","guid":{"rendered":"https:\/\/staging.emsecurity.be\/systemes-dalarme-dissuadez-les-cambrioleurs\/"},"modified":"2019-08-12T16:56:02","modified_gmt":"2019-08-12T14:56:02","slug":"systemes-dalarme-dissuadez-les-cambrioleurs","status":"publish","type":"page","link":"https:\/\/www.emsecurity.be\/fr\/systemes-dalarme-dissuadez-les-cambrioleurs\/","title":{"rendered":"Syst\u00e8mes d&rsquo;alarme &#8211; Dissuadez les cambrioleurs"},"content":{"rendered":"[vc_row][vc_column][vc_separator][\/vc_column][\/vc_row][vc_row][vc_column width=\u00a0\u00bb1\/4&Prime;][vc_single_image image=\u00a0\u00bb230&Prime;][vc_single_image image=\u00a0\u00bb213&Prime;][\/vc_column][vc_column width=\u00a0\u00bb3\/4&Prime;][vc_column_text]\n<h1>Dissuadez les cambrioleurs<\/h1>\n[\/vc_column_text][vc_column_text]Un cambriolage est perp\u00e9tr\u00e9 <strong>toutes les 6 minutes<\/strong> en Belgique. Les bandes de cambrioleurs s\u00e9vissent surtout pendant la p\u00e9riode des f\u00eates de fin d\u2019ann\u00e9e. Mais, on le sait, l\u2019occasion fait le larron\u00a0: tout au long de l\u2019ann\u00e9e, les voleurs saisissent chaque opportunit\u00e9 pour commettre leurs m\u00e9faits. Un <strong>syst\u00e8me d\u2019alarme<\/strong> r\u00e9duit consid\u00e9rablement le risque de cambriolage. Il agit en effet \u00e9galement \u00e0 titre <strong>pr\u00e9ventif<\/strong>, comme moyen de dissuasion. Une maison \u00e9quip\u00e9e d\u2019une sir\u00e8ne n\u2019a rien d\u2019une cible attrayante.[\/vc_column_text]<div class=\"vc_custom_1563197623686 wpex-clr\"><a href=\"\/fr\/devis\" class=\"vcex-button theme-button medium align-left inline\"><span class=\"theme-button-inner\">Demandez votre devis<\/span><\/a><\/div> [vc_column_text css=\u00a0\u00bb.vc_custom_1565276191523{margin-top: 48px !important;}\u00a0\u00bb]\n<h2>Comment cela fonctionne?<\/h2>\n[\/vc_column_text][vc_column_text]Le c\u0153ur de votre syst\u00e8me d\u2019alarme est l\u2019unit\u00e9 centrale, qui est dot\u00e9e d\u2019un tableau de commande. Ce dernier vous sert \u00e0 (d\u00e9s)activer le syst\u00e8me et \u00e0 r\u00e9gler les diff\u00e9rents niveaux de protection. La nuit, par exemple, vous pouvez d\u00e9cider de ne s\u00e9curiser que le rez-de-chauss\u00e9e ainsi que vos portes et fen\u00eatres afin de conserver votre libert\u00e9 de mouvement aux \u00e9tages sup\u00e9rieurs. Et vous dormirez sur vos deux oreilles, sachant qu\u2019une protection totale vous est assur\u00e9e.<\/p>\n<p>Les d\u00e9tecteurs sont les \u00ab\u00a0organes sensoriels\u00a0\u00bb du syst\u00e8me d\u2019alarme. Celui-ci est pourvu de capteurs de mouvements, de contacts magn\u00e9tiques aux portes et aux fen\u00eatres ainsi que de d\u00e9tecteurs de bris de glace. En outre, vous pouvez \u00e9toffer encore le syst\u00e8me avec, entre autres, les \u00e9quipements suivants\u00a0:<\/p>\n<ul>\n<li>D\u00e9tecteurs de chocs ou sismiques sur votre coffre-fort ou coffre<\/li>\n<li>Dispositif de d\u00e9tection des fuites d\u2019eau<\/li>\n<li>Capteurs de temp\u00e9rature sur les frigos, les fours, etc.<\/li>\n<li>Boutons panique ou hold-up<\/li>\n<li>&#8230;<\/li>\n<\/ul>\n<p>Le syst\u00e8me peut \u00eatre dot\u00e9 de d\u00e9tecteurs avec ou sans fil, ou d\u2019un mix des deux.<\/p>\n<p>Si une situation pr\u00e9sente un danger, l\u2019unit\u00e9 centrale d\u00e9clenche les sir\u00e8nes. La sir\u00e8ne int\u00e9rieure emp\u00eache les cambrioleurs de communiquer entre eux et les met en fuite. Et la sir\u00e8ne ext\u00e9rieure alerte le voisinage et la police.<\/p>\n<p>Par ailleurs, votre unit\u00e9 centrale est reli\u00e9e directement \u00e0 la centrale d\u2019alarme par la ligne t\u00e9l\u00e9phonique, un signal GSM ou l\u2019Internet. La centrale d\u2019alarme contacte imm\u00e9diatement les interlocuteurs pertinents (famille et\/ou amis, police, pompiers, etc.), ce qui laisse peu de temps au cambrioleur pour r\u00e9ussir son (mauvais) coup.<\/p>\n[\/vc_column_text][\/vc_column][\/vc_row][vc_row][vc_column width=\u00a0\u00bb1\/4&Prime; css=\u00a0\u00bb.vc_custom_1563196952253{margin-top: 20px !important;}\u00a0\u00bb][\/vc_column][vc_column width=\u00a0\u00bb3\/4&Prime;][vc_column_text css=\u00a0\u00bb.vc_custom_1565276714338{margin-top: 24px !important;}\u00a0\u00bb]\n<h2>Efficace \u00e9galement pour d\u00e9tecter une fuite de gaz ou un incendie<\/h2>\n[\/vc_column_text][vc_column_text]Les syst\u00e8mes d\u2019alarme modernes sont souvent con\u00e7us pour ne pas servir qu\u2019\u00e0 pr\u00e9venir les cambriolages. Leurs capteurs sont capables \u00e9galement de d\u00e9tecter la fum\u00e9e, la chaleur et\/ou des fuites de gaz. Votre logement jouit ainsi d\u2019une protection optimale contre les dangers les plus courants.<\/p>\n<p>Vous voulez, vous aussi, quitter votre maison l\u2019esprit tranquille ?<br \/>\n<a href=\"https:\/\/www.emsecurity.be\/fr\/devis\/\">Demandez gratuitement votre devis sur mesure.<\/a>[\/vc_column_text][vc_column_text css=\u00a0\u00bb.vc_custom_1565276206508{margin-top: 48px !important;}\u00a0\u00bb]\n<h2>P\u00e9rim\u00e8tre de s\u00e9curit\u00e9<\/h2>\n[\/vc_column_text][vc_column_text]L\u2019installation d\u2019un p\u00e9rim\u00e8tre de s\u00e9curit\u00e9 est une solution de plus en plus pris\u00e9e pour se prot\u00e9ger au mieux contre les cambriolages. Ce syst\u00e8me vise en effet \u00e0 d\u00e9tecter le cambrioleur le plus t\u00f4t possible avant qu\u2019il ne fasse des d\u00e9g\u00e2ts dans l\u2019habitation. En outre, une d\u00e9tection pr\u00e9coce fait gagner un temps pr\u00e9cieux aux services d\u2019intervention.<\/p>\n<p>Les capteurs charg\u00e9s de d\u00e9tecter des intrus dans un p\u00e9rim\u00e8tre d\u00e9fini peuvent \u00eatre install\u00e9s sur la terrasse, les balcons et les toits plats. Il existe m\u00eame des syst\u00e8mes qui contr\u00f4lent toute votre fa\u00e7ade arri\u00e8re.<br \/>\nLe p\u00e9rim\u00e8tre de s\u00e9curit\u00e9 est souvent combin\u00e9 avec une cam\u00e9ra destin\u00e9e \u00e0 analyser directement la situation. Vous pouvez ainsi identifier imm\u00e9diatement la personne qui s\u2019approche de votre habitation.[\/vc_column_text][vc_column_text css=\u00a0\u00bb.vc_custom_1565276211126{margin-top: 48px !important;}\u00a0\u00bb]\n<h2>Pilotable par smartphone et la domotique<\/h2>\n[\/vc_column_text][vc_column_text]Vous avez oubli\u00e9 d\u2019activer votre syst\u00e8me d\u2019alarme avant de quitter la maison\u00a0? Pas de souci. Gr\u00e2ce \u00e0 <a href=\"https:\/\/www.emsecurity.be\/fr\/appli-smartphone\/\">notre\u00a0appli Smartphone<\/a>\u00a0pratique, vous pouvez consulter et commander votre syst\u00e8me \u00e0 distance sans aucun probl\u00e8me.<\/p>\n<p>L\u2019alarme peut \u00e9galement \u00eatre reli\u00e9e \u00e0 votre syst\u00e8me de domotique existant.[\/vc_column_text][vc_column_text css=\u00a0\u00bb.vc_custom_1565276215806{margin-top: 48px !important;}\u00a0\u00bb]\n<h2>Maintenance et support<\/h2>\n[\/vc_column_text][vc_column_text]La loi vous oblige \u00e0 faire entretenir votre syst\u00e8me d\u2019alarme chaque ann\u00e9e. Vous pouvez effectuer cette t\u00e2che vous-m\u00eame ou la confier \u00e0 une firme agr\u00e9\u00e9e. Lors d\u2019un entretien, nous contr\u00f4lons le bon fonctionnement du syst\u00e8me et de la transmission afin d\u2019\u00e9viter toute fausse alerte. Nous v\u00e9rifions aussi que le syst\u00e8me respecte toujours les derni\u00e8res prescriptions l\u00e9gales.<\/p>\n<p>Outre un service d\u2019entretien, nous vous proposons un support 24\/7. Notre service de garde se charge de r\u00e9pondre \u00e0 toutes vos demandes\u00a0: changement d\u2019un code, d\u00e9sactivation temporaire des d\u00e9tecteurs, etc. Au besoin, nous envoyons m\u00eame un technicien sur place.[\/vc_column_text][vc_column_text]\nAgr\u00e9ment et certification<br \/>\n[\/vc_column_text][vc_column_text]La firme EM Security est agr\u00e9\u00e9e comme sp\u00e9cialiste des syst\u00e8mes d\u2019alarme par le minist\u00e8re de l\u2019Int\u00e9rieur. Cela signifie que nos collaborateurs ont r\u00e9ussi les examens impos\u00e9s par ce minist\u00e8re. Tous les 5 ans, nous sommes tenus de suivre des recyclages. Le num\u00e9ro d\u2019agr\u00e9ment d\u2019EMS est\u00a0: 20-0936-65.<\/p>\n<p>\u00c0 l\u2019achat d\u2019un syst\u00e8me d\u2019alarme complet, EMS peut vous fournir \u00e9galement un certificat INCERT. La compagnie d\u2019assurance l\u2019exige souvent. INCERT est un label de qualit\u00e9 qui est donn\u00e9 aux diff\u00e9rents \u00e9l\u00e9ments du syst\u00e8me d\u2019alarme, \u00e0 l\u2019installation et \u00e0 la firme d\u2019installation.[\/vc_column_text]<div class=\"vc_custom_1563197641633 wpex-clr\"><a href=\"\/fr\/devis\" class=\"vcex-button theme-button large inline\"><span class=\"theme-button-inner\">Demandez ici votre devis gratuit<\/span><\/a><\/div> [\/vc_column][\/vc_row]\n<!-- AddThis Advanced Settings generic via filter on the_content --><!-- AddThis Share Buttons generic via filter on the_content -->","protected":false},"excerpt":{"rendered":"<p>[vc_row][vc_column][vc_separator][\/vc_column][\/vc_row][vc_row][vc_column width=\u00a0\u00bb1\/4&Prime;][vc_single_image image=\u00a0\u00bb230&Prime;][vc_single_image image=\u00a0\u00bb213&Prime;][\/vc_column][vc_column width=\u00a0\u00bb3\/4&Prime;][vc_column_text] Dissuadez les cambrioleurs [\/vc_column_text][vc_column_text]Un cambriolage est perp\u00e9tr\u00e9 toutes les 6 minutes en Belgique. Les bandes de cambrioleurs s\u00e9vissent surtout pendant la p\u00e9riode des f\u00eates de fin d\u2019ann\u00e9e. Mais, on le sait, l\u2019occasion fait le larron\u00a0: tout au long de l\u2019ann\u00e9e, les voleurs saisissent chaque opportunit\u00e9 pour commettre leurs m\u00e9faits. Un&hellip;<!-- AddThis Advanced Settings generic via filter on get_the_excerpt --><!-- AddThis Share Buttons generic via filter on get_the_excerpt --><\/p>\n","protected":false},"author":2,"featured_media":0,"parent":0,"menu_order":0,"comment_status":"closed","ping_status":"closed","template":"","meta":[],"yoast_head":"<!-- This site is optimized with the Yoast SEO plugin v20.9 - https:\/\/yoast.com\/wordpress\/plugins\/seo\/ -->\n<title>Syst\u00e8mes d&#039;alarme - Dissuadez les cambrioleurs - EM Security - D\u00e9tection d&#039;intrustion, vid\u00e9osurveillance, d\u00e9tection d&#039;incendie et plus<\/title>\n<meta name=\"description\" content=\"Dissuadez les cambrioleurs avec une syst\u00e8me d&#039;alarme avec cam\u00e9rasurveillance. Un syst\u00e8me d\u2019alarme r\u00e9duit consid\u00e9rablement le risque de cambriolage!\" \/>\n<meta name=\"robots\" content=\"index, follow, max-snippet:-1, max-image-preview:large, max-video-preview:-1\" \/>\n<link rel=\"canonical\" href=\"https:\/\/www.emsecurity.be\/fr\/systemes-dalarme-dissuadez-les-cambrioleurs\/\" \/>\n<meta property=\"og:locale\" content=\"fr_FR\" \/>\n<meta property=\"og:type\" content=\"article\" \/>\n<meta property=\"og:title\" content=\"Syst\u00e8mes d&#039;alarme - Dissuadez les cambrioleurs - EM Security - D\u00e9tection d&#039;intrustion, vid\u00e9osurveillance, d\u00e9tection d&#039;incendie et plus\" \/>\n<meta property=\"og:description\" content=\"Dissuadez les cambrioleurs avec une syst\u00e8me d&#039;alarme avec cam\u00e9rasurveillance. Un syst\u00e8me d\u2019alarme r\u00e9duit consid\u00e9rablement le risque de cambriolage!\" \/>\n<meta property=\"og:url\" content=\"https:\/\/www.emsecurity.be\/fr\/systemes-dalarme-dissuadez-les-cambrioleurs\/\" \/>\n<meta property=\"og:site_name\" content=\"EM Security - D\u00e9tection d&#039;intrustion, vid\u00e9osurveillance, d\u00e9tection d&#039;incendie et plus\" \/>\n<meta property=\"article:modified_time\" content=\"2019-08-12T14:56:02+00:00\" \/>\n<meta name=\"twitter:card\" content=\"summary_large_image\" \/>\n<meta name=\"twitter:label1\" content=\"Dur\u00e9e de lecture estim\u00e9e\" \/>\n\t<meta name=\"twitter:data1\" content=\"6 minutes\" \/>\n<script type=\"application\/ld+json\" class=\"yoast-schema-graph\">{\"@context\":\"https:\/\/schema.org\",\"@graph\":[{\"@type\":\"WebPage\",\"@id\":\"https:\/\/www.emsecurity.be\/fr\/systemes-dalarme-dissuadez-les-cambrioleurs\/\",\"url\":\"https:\/\/www.emsecurity.be\/fr\/systemes-dalarme-dissuadez-les-cambrioleurs\/\",\"name\":\"Syst\u00e8mes d'alarme - Dissuadez les cambrioleurs - EM Security - D\u00e9tection d'intrustion, vid\u00e9osurveillance, d\u00e9tection d'incendie et plus\",\"isPartOf\":{\"@id\":\"https:\/\/www.emsecurity.be\/fr\/#website\"},\"datePublished\":\"2019-07-15T13:32:19+00:00\",\"dateModified\":\"2019-08-12T14:56:02+00:00\",\"description\":\"Dissuadez les cambrioleurs avec une syst\u00e8me d'alarme avec cam\u00e9rasurveillance. Un syst\u00e8me d\u2019alarme r\u00e9duit consid\u00e9rablement le risque de cambriolage!\",\"breadcrumb\":{\"@id\":\"https:\/\/www.emsecurity.be\/fr\/systemes-dalarme-dissuadez-les-cambrioleurs\/#breadcrumb\"},\"inLanguage\":\"fr-FR\",\"potentialAction\":[{\"@type\":\"ReadAction\",\"target\":[\"https:\/\/www.emsecurity.be\/fr\/systemes-dalarme-dissuadez-les-cambrioleurs\/\"]}]},{\"@type\":\"BreadcrumbList\",\"@id\":\"https:\/\/www.emsecurity.be\/fr\/systemes-dalarme-dissuadez-les-cambrioleurs\/#breadcrumb\",\"itemListElement\":[{\"@type\":\"ListItem\",\"position\":1,\"name\":\"Home\",\"item\":\"https:\/\/www.emsecurity.be\/fr\/\"},{\"@type\":\"ListItem\",\"position\":2,\"name\":\"Syst\u00e8mes d&rsquo;alarme &#8211; Dissuadez les cambrioleurs\"}]},{\"@type\":\"WebSite\",\"@id\":\"https:\/\/www.emsecurity.be\/fr\/#website\",\"url\":\"https:\/\/www.emsecurity.be\/fr\/\",\"name\":\"EM Security - D\u00e9tection d'intrustion, vid\u00e9osurveillance, d\u00e9tection d'incendie et plus\",\"description\":\"Uw professionele gesprekspartner voor al uw vragen rond beveiliging\",\"publisher\":{\"@id\":\"https:\/\/www.emsecurity.be\/fr\/#organization\"},\"potentialAction\":[{\"@type\":\"SearchAction\",\"target\":{\"@type\":\"EntryPoint\",\"urlTemplate\":\"https:\/\/www.emsecurity.be\/fr\/?s={search_term_string}\"},\"query-input\":\"required name=search_term_string\"}],\"inLanguage\":\"fr-FR\"},{\"@type\":\"Organization\",\"@id\":\"https:\/\/www.emsecurity.be\/fr\/#organization\",\"name\":\"EM Security\",\"url\":\"https:\/\/www.emsecurity.be\/fr\/\",\"logo\":{\"@type\":\"ImageObject\",\"inLanguage\":\"fr-FR\",\"@id\":\"https:\/\/www.emsecurity.be\/fr\/#\/schema\/logo\/image\/\",\"url\":\"https:\/\/www.emsecurity.be\/wp-content\/uploads\/2019\/07\/Logo-positive-rgb_transparant.png\",\"contentUrl\":\"https:\/\/www.emsecurity.be\/wp-content\/uploads\/2019\/07\/Logo-positive-rgb_transparant.png\",\"width\":851,\"height\":211,\"caption\":\"EM Security\"},\"image\":{\"@id\":\"https:\/\/www.emsecurity.be\/fr\/#\/schema\/logo\/image\/\"}}]}<\/script>\n<!-- \/ Yoast SEO plugin. -->","yoast_head_json":{"title":"Syst\u00e8mes d'alarme - Dissuadez les cambrioleurs - EM Security - D\u00e9tection d'intrustion, vid\u00e9osurveillance, d\u00e9tection d'incendie et plus","description":"Dissuadez les cambrioleurs avec une syst\u00e8me d'alarme avec cam\u00e9rasurveillance. Un syst\u00e8me d\u2019alarme r\u00e9duit consid\u00e9rablement le risque de cambriolage!","robots":{"index":"index","follow":"follow","max-snippet":"max-snippet:-1","max-image-preview":"max-image-preview:large","max-video-preview":"max-video-preview:-1"},"canonical":"https:\/\/www.emsecurity.be\/fr\/systemes-dalarme-dissuadez-les-cambrioleurs\/","og_locale":"fr_FR","og_type":"article","og_title":"Syst\u00e8mes d'alarme - Dissuadez les cambrioleurs - EM Security - D\u00e9tection d'intrustion, vid\u00e9osurveillance, d\u00e9tection d'incendie et plus","og_description":"Dissuadez les cambrioleurs avec une syst\u00e8me d'alarme avec cam\u00e9rasurveillance. Un syst\u00e8me d\u2019alarme r\u00e9duit consid\u00e9rablement le risque de cambriolage!","og_url":"https:\/\/www.emsecurity.be\/fr\/systemes-dalarme-dissuadez-les-cambrioleurs\/","og_site_name":"EM Security - D\u00e9tection d'intrustion, vid\u00e9osurveillance, d\u00e9tection d'incendie et plus","article_modified_time":"2019-08-12T14:56:02+00:00","twitter_card":"summary_large_image","twitter_misc":{"Dur\u00e9e de lecture estim\u00e9e":"6 minutes"},"schema":{"@context":"https:\/\/schema.org","@graph":[{"@type":"WebPage","@id":"https:\/\/www.emsecurity.be\/fr\/systemes-dalarme-dissuadez-les-cambrioleurs\/","url":"https:\/\/www.emsecurity.be\/fr\/systemes-dalarme-dissuadez-les-cambrioleurs\/","name":"Syst\u00e8mes d'alarme - Dissuadez les cambrioleurs - EM Security - D\u00e9tection d'intrustion, vid\u00e9osurveillance, d\u00e9tection d'incendie et plus","isPartOf":{"@id":"https:\/\/www.emsecurity.be\/fr\/#website"},"datePublished":"2019-07-15T13:32:19+00:00","dateModified":"2019-08-12T14:56:02+00:00","description":"Dissuadez les cambrioleurs avec une syst\u00e8me d'alarme avec cam\u00e9rasurveillance. Un syst\u00e8me d\u2019alarme r\u00e9duit consid\u00e9rablement le risque de cambriolage!","breadcrumb":{"@id":"https:\/\/www.emsecurity.be\/fr\/systemes-dalarme-dissuadez-les-cambrioleurs\/#breadcrumb"},"inLanguage":"fr-FR","potentialAction":[{"@type":"ReadAction","target":["https:\/\/www.emsecurity.be\/fr\/systemes-dalarme-dissuadez-les-cambrioleurs\/"]}]},{"@type":"BreadcrumbList","@id":"https:\/\/www.emsecurity.be\/fr\/systemes-dalarme-dissuadez-les-cambrioleurs\/#breadcrumb","itemListElement":[{"@type":"ListItem","position":1,"name":"Home","item":"https:\/\/www.emsecurity.be\/fr\/"},{"@type":"ListItem","position":2,"name":"Syst\u00e8mes d&rsquo;alarme &#8211; Dissuadez les cambrioleurs"}]},{"@type":"WebSite","@id":"https:\/\/www.emsecurity.be\/fr\/#website","url":"https:\/\/www.emsecurity.be\/fr\/","name":"EM Security - D\u00e9tection d'intrustion, vid\u00e9osurveillance, d\u00e9tection d'incendie et plus","description":"Uw professionele gesprekspartner voor al uw vragen rond beveiliging","publisher":{"@id":"https:\/\/www.emsecurity.be\/fr\/#organization"},"potentialAction":[{"@type":"SearchAction","target":{"@type":"EntryPoint","urlTemplate":"https:\/\/www.emsecurity.be\/fr\/?s={search_term_string}"},"query-input":"required name=search_term_string"}],"inLanguage":"fr-FR"},{"@type":"Organization","@id":"https:\/\/www.emsecurity.be\/fr\/#organization","name":"EM Security","url":"https:\/\/www.emsecurity.be\/fr\/","logo":{"@type":"ImageObject","inLanguage":"fr-FR","@id":"https:\/\/www.emsecurity.be\/fr\/#\/schema\/logo\/image\/","url":"https:\/\/www.emsecurity.be\/wp-content\/uploads\/2019\/07\/Logo-positive-rgb_transparant.png","contentUrl":"https:\/\/www.emsecurity.be\/wp-content\/uploads\/2019\/07\/Logo-positive-rgb_transparant.png","width":851,"height":211,"caption":"EM Security"},"image":{"@id":"https:\/\/www.emsecurity.be\/fr\/#\/schema\/logo\/image\/"}}]}},"_links":{"self":[{"href":"https:\/\/www.emsecurity.be\/fr\/wp-json\/wp\/v2\/pages\/545"}],"collection":[{"href":"https:\/\/www.emsecurity.be\/fr\/wp-json\/wp\/v2\/pages"}],"about":[{"href":"https:\/\/www.emsecurity.be\/fr\/wp-json\/wp\/v2\/types\/page"}],"author":[{"embeddable":true,"href":"https:\/\/www.emsecurity.be\/fr\/wp-json\/wp\/v2\/users\/2"}],"replies":[{"embeddable":true,"href":"https:\/\/www.emsecurity.be\/fr\/wp-json\/wp\/v2\/comments?post=545"}],"version-history":[{"count":9,"href":"https:\/\/www.emsecurity.be\/fr\/wp-json\/wp\/v2\/pages\/545\/revisions"}],"predecessor-version":[{"id":687,"href":"https:\/\/www.emsecurity.be\/fr\/wp-json\/wp\/v2\/pages\/545\/revisions\/687"}],"wp:attachment":[{"href":"https:\/\/www.emsecurity.be\/fr\/wp-json\/wp\/v2\/media?parent=545"}],"curies":[{"name":"wp","href":"https:\/\/api.w.org\/{rel}","templated":true}]}}