{"id":559,"date":"2019-07-15T13:59:51","date_gmt":"2019-07-15T13:59:51","guid":{"rendered":"https:\/\/staging.emsecurity.be\/appli-smartphone\/"},"modified":"2019-07-15T14:00:27","modified_gmt":"2019-07-15T14:00:27","slug":"appli-smartphone","status":"publish","type":"page","link":"https:\/\/www.emsecurity.be\/fr\/appli-smartphone\/","title":{"rendered":"appli-smartphone"},"content":{"rendered":"[vc_row][vc_column][vc_separator][\/vc_column][\/vc_row][vc_row][vc_column width=\u00a0\u00bb1\/4&Prime;][vc_single_image image=\u00a0\u00bb555&Prime;][\/vc_column][vc_column width=\u00a0\u00bb3\/4&Prime;][vc_column_text]\n<h1>Application pour smartphone<\/h1>\n<p>Au d\u00e9but de cette ann\u00e9e, RISCO a lanc\u00e9 un nouveau panneau de contr\u00f4le sur le march\u00e9. L&rsquo;une des propri\u00e9t\u00e9s novatrices de cette nouvelle centrale est qu&rsquo;elle vous offre la possibilit\u00e9 de commander votre syst\u00e8me \u00e0 distance, depuis votre Smartphone ou un site web.<\/p>\n<p>Vous avez quitt\u00e9 votre domicile et vous vous demandez si vous avez bien activ\u00e9 votre alarme. Cela arrive \u00e0 tout le monde. Il vous suffit alors simplement d&rsquo;ouvrir l&rsquo;application et de v\u00e9rifier \u00e0 distance le statut de votre syst\u00e8me d&rsquo;alarme. L&rsquo;application vous permet \u00e9galement de l&rsquo;activer\/d\u00e9sactiver \u00e0 distance.<\/p>\n<p>L&rsquo;application vous permet aussi de consulter la liste des \u00e9v\u00e9nements. Elle vous apporte une r\u00e9ponse \u00e0 toutes vos questions : Qui a \u00e9teint l&rsquo;alarme hier soir, et \u00e0 quel moment ? Quels d\u00e9tecteurs se sont d\u00e9clench\u00e9s ? Quand une situation d&rsquo;alarme survient, vous recevrez une notification sur votre Smartphone.<\/p>\n<p>Par le biais du site web, vous pourrez facilement cr\u00e9er, supprimer et modifier les codes d&rsquo;utilisateur de votre syst\u00e8me. De plus, l&rsquo;application vous permet \u00e9galement d&rsquo;ouvrir une porte, d&rsquo;allumer une lampe, etc.<\/p>\n<p>Toutes ces op\u00e9rations s&rsquo;effectuent dans un environnement s\u00fbr h\u00e9berg\u00e9 par un serveur hautement s\u00e9curis\u00e9. L&rsquo;application vous demande \u00e9galement un code pour confirmer chaque action. Ainsi, m\u00eame en cas de vol de votre Smartphone, votre s\u00e9curit\u00e9 reste pr\u00e9serv\u00e9e.<\/p>\n<p>A l&rsquo;avenir, l&rsquo;application permettra \u00e9galement de consulter des images en direct et anciennes de cam\u00e9ras IP.[\/vc_column_text]<div class=\"vc_custom_1563199213807 wpex-clr\"><a href=\"\/fr\/contact\" class=\"vcex-button theme-button medium inline\"><span class=\"theme-button-inner\">Contactez-nous<\/span><\/a><\/div> [\/vc_column][\/vc_row]\n<!-- AddThis Advanced Settings generic via filter on the_content --><!-- AddThis Share Buttons generic via filter on the_content -->","protected":false},"excerpt":{"rendered":"<p>[vc_row][vc_column][vc_separator][\/vc_column][\/vc_row][vc_row][vc_column width=\u00a0\u00bb1\/4&Prime;][vc_single_image image=\u00a0\u00bb555&Prime;][\/vc_column][vc_column width=\u00a0\u00bb3\/4&Prime;][vc_column_text] Application pour smartphone Au d\u00e9but de cette ann\u00e9e, RISCO a lanc\u00e9 un nouveau panneau de contr\u00f4le sur le march\u00e9. L&rsquo;une des propri\u00e9t\u00e9s novatrices de cette nouvelle centrale est qu&rsquo;elle vous offre la possibilit\u00e9 de commander votre syst\u00e8me \u00e0 distance, depuis votre Smartphone ou un site web. Vous avez quitt\u00e9 votre domicile&hellip;<!-- AddThis Advanced Settings generic via filter on get_the_excerpt --><!-- AddThis Share Buttons generic via filter on get_the_excerpt --><\/p>\n","protected":false},"author":2,"featured_media":0,"parent":0,"menu_order":0,"comment_status":"closed","ping_status":"closed","template":"","meta":[],"yoast_head":"<!-- This site is optimized with the Yoast SEO plugin v20.9 - https:\/\/yoast.com\/wordpress\/plugins\/seo\/ -->\n<title>appli-smartphone - EM Security - D\u00e9tection d&#039;intrustion, vid\u00e9osurveillance, d\u00e9tection d&#039;incendie et plus<\/title>\n<meta name=\"description\" content=\"E\u00e9n van de innoverende eigenschappen van onze nieuwe centrale is de mogelijkheid om je systeem te bedienen vanop afstand via je smartphone en\u00a0een website.\" \/>\n<meta name=\"robots\" content=\"index, follow, max-snippet:-1, max-image-preview:large, max-video-preview:-1\" \/>\n<link rel=\"canonical\" href=\"https:\/\/www.emsecurity.be\/fr\/appli-smartphone\/\" \/>\n<meta property=\"og:locale\" content=\"fr_FR\" \/>\n<meta property=\"og:type\" content=\"article\" \/>\n<meta property=\"og:title\" content=\"appli-smartphone - EM Security - D\u00e9tection d&#039;intrustion, vid\u00e9osurveillance, d\u00e9tection d&#039;incendie et plus\" \/>\n<meta property=\"og:description\" content=\"E\u00e9n van de innoverende eigenschappen van onze nieuwe centrale is de mogelijkheid om je systeem te bedienen vanop afstand via je smartphone en\u00a0een website.\" \/>\n<meta property=\"og:url\" content=\"https:\/\/www.emsecurity.be\/fr\/appli-smartphone\/\" \/>\n<meta property=\"og:site_name\" content=\"EM Security - D\u00e9tection d&#039;intrustion, vid\u00e9osurveillance, d\u00e9tection d&#039;incendie et plus\" \/>\n<meta property=\"article:modified_time\" content=\"2019-07-15T14:00:27+00:00\" \/>\n<meta name=\"twitter:card\" content=\"summary_large_image\" \/>\n<meta name=\"twitter:label1\" content=\"Dur\u00e9e de lecture estim\u00e9e\" \/>\n\t<meta name=\"twitter:data1\" content=\"1 minute\" \/>\n<script type=\"application\/ld+json\" class=\"yoast-schema-graph\">{\"@context\":\"https:\/\/schema.org\",\"@graph\":[{\"@type\":\"WebPage\",\"@id\":\"https:\/\/www.emsecurity.be\/fr\/appli-smartphone\/\",\"url\":\"https:\/\/www.emsecurity.be\/fr\/appli-smartphone\/\",\"name\":\"appli-smartphone - EM Security - D\u00e9tection d'intrustion, vid\u00e9osurveillance, d\u00e9tection d'incendie et plus\",\"isPartOf\":{\"@id\":\"https:\/\/www.emsecurity.be\/fr\/#website\"},\"datePublished\":\"2019-07-15T13:59:51+00:00\",\"dateModified\":\"2019-07-15T14:00:27+00:00\",\"description\":\"E\u00e9n van de innoverende eigenschappen van onze nieuwe centrale is de mogelijkheid om je systeem te bedienen vanop afstand via je smartphone en\u00a0een website.\",\"breadcrumb\":{\"@id\":\"https:\/\/www.emsecurity.be\/fr\/appli-smartphone\/#breadcrumb\"},\"inLanguage\":\"fr-FR\",\"potentialAction\":[{\"@type\":\"ReadAction\",\"target\":[\"https:\/\/www.emsecurity.be\/fr\/appli-smartphone\/\"]}]},{\"@type\":\"BreadcrumbList\",\"@id\":\"https:\/\/www.emsecurity.be\/fr\/appli-smartphone\/#breadcrumb\",\"itemListElement\":[{\"@type\":\"ListItem\",\"position\":1,\"name\":\"Home\",\"item\":\"https:\/\/www.emsecurity.be\/fr\/\"},{\"@type\":\"ListItem\",\"position\":2,\"name\":\"appli-smartphone\"}]},{\"@type\":\"WebSite\",\"@id\":\"https:\/\/www.emsecurity.be\/fr\/#website\",\"url\":\"https:\/\/www.emsecurity.be\/fr\/\",\"name\":\"EM Security - D\u00e9tection d'intrustion, vid\u00e9osurveillance, d\u00e9tection d'incendie et plus\",\"description\":\"Uw professionele gesprekspartner voor al uw vragen rond beveiliging\",\"publisher\":{\"@id\":\"https:\/\/www.emsecurity.be\/fr\/#organization\"},\"potentialAction\":[{\"@type\":\"SearchAction\",\"target\":{\"@type\":\"EntryPoint\",\"urlTemplate\":\"https:\/\/www.emsecurity.be\/fr\/?s={search_term_string}\"},\"query-input\":\"required name=search_term_string\"}],\"inLanguage\":\"fr-FR\"},{\"@type\":\"Organization\",\"@id\":\"https:\/\/www.emsecurity.be\/fr\/#organization\",\"name\":\"EM Security\",\"url\":\"https:\/\/www.emsecurity.be\/fr\/\",\"logo\":{\"@type\":\"ImageObject\",\"inLanguage\":\"fr-FR\",\"@id\":\"https:\/\/www.emsecurity.be\/fr\/#\/schema\/logo\/image\/\",\"url\":\"https:\/\/www.emsecurity.be\/wp-content\/uploads\/2019\/07\/Logo-positive-rgb_transparant.png\",\"contentUrl\":\"https:\/\/www.emsecurity.be\/wp-content\/uploads\/2019\/07\/Logo-positive-rgb_transparant.png\",\"width\":851,\"height\":211,\"caption\":\"EM Security\"},\"image\":{\"@id\":\"https:\/\/www.emsecurity.be\/fr\/#\/schema\/logo\/image\/\"}}]}<\/script>\n<!-- \/ Yoast SEO plugin. -->","yoast_head_json":{"title":"appli-smartphone - EM Security - D\u00e9tection d'intrustion, vid\u00e9osurveillance, d\u00e9tection d'incendie et plus","description":"E\u00e9n van de innoverende eigenschappen van onze nieuwe centrale is de mogelijkheid om je systeem te bedienen vanop afstand via je smartphone en\u00a0een website.","robots":{"index":"index","follow":"follow","max-snippet":"max-snippet:-1","max-image-preview":"max-image-preview:large","max-video-preview":"max-video-preview:-1"},"canonical":"https:\/\/www.emsecurity.be\/fr\/appli-smartphone\/","og_locale":"fr_FR","og_type":"article","og_title":"appli-smartphone - EM Security - D\u00e9tection d'intrustion, vid\u00e9osurveillance, d\u00e9tection d'incendie et plus","og_description":"E\u00e9n van de innoverende eigenschappen van onze nieuwe centrale is de mogelijkheid om je systeem te bedienen vanop afstand via je smartphone en\u00a0een website.","og_url":"https:\/\/www.emsecurity.be\/fr\/appli-smartphone\/","og_site_name":"EM Security - D\u00e9tection d'intrustion, vid\u00e9osurveillance, d\u00e9tection d'incendie et plus","article_modified_time":"2019-07-15T14:00:27+00:00","twitter_card":"summary_large_image","twitter_misc":{"Dur\u00e9e de lecture estim\u00e9e":"1 minute"},"schema":{"@context":"https:\/\/schema.org","@graph":[{"@type":"WebPage","@id":"https:\/\/www.emsecurity.be\/fr\/appli-smartphone\/","url":"https:\/\/www.emsecurity.be\/fr\/appli-smartphone\/","name":"appli-smartphone - EM Security - D\u00e9tection d'intrustion, vid\u00e9osurveillance, d\u00e9tection d'incendie et plus","isPartOf":{"@id":"https:\/\/www.emsecurity.be\/fr\/#website"},"datePublished":"2019-07-15T13:59:51+00:00","dateModified":"2019-07-15T14:00:27+00:00","description":"E\u00e9n van de innoverende eigenschappen van onze nieuwe centrale is de mogelijkheid om je systeem te bedienen vanop afstand via je smartphone en\u00a0een website.","breadcrumb":{"@id":"https:\/\/www.emsecurity.be\/fr\/appli-smartphone\/#breadcrumb"},"inLanguage":"fr-FR","potentialAction":[{"@type":"ReadAction","target":["https:\/\/www.emsecurity.be\/fr\/appli-smartphone\/"]}]},{"@type":"BreadcrumbList","@id":"https:\/\/www.emsecurity.be\/fr\/appli-smartphone\/#breadcrumb","itemListElement":[{"@type":"ListItem","position":1,"name":"Home","item":"https:\/\/www.emsecurity.be\/fr\/"},{"@type":"ListItem","position":2,"name":"appli-smartphone"}]},{"@type":"WebSite","@id":"https:\/\/www.emsecurity.be\/fr\/#website","url":"https:\/\/www.emsecurity.be\/fr\/","name":"EM Security - D\u00e9tection d'intrustion, vid\u00e9osurveillance, d\u00e9tection d'incendie et plus","description":"Uw professionele gesprekspartner voor al uw vragen rond beveiliging","publisher":{"@id":"https:\/\/www.emsecurity.be\/fr\/#organization"},"potentialAction":[{"@type":"SearchAction","target":{"@type":"EntryPoint","urlTemplate":"https:\/\/www.emsecurity.be\/fr\/?s={search_term_string}"},"query-input":"required name=search_term_string"}],"inLanguage":"fr-FR"},{"@type":"Organization","@id":"https:\/\/www.emsecurity.be\/fr\/#organization","name":"EM Security","url":"https:\/\/www.emsecurity.be\/fr\/","logo":{"@type":"ImageObject","inLanguage":"fr-FR","@id":"https:\/\/www.emsecurity.be\/fr\/#\/schema\/logo\/image\/","url":"https:\/\/www.emsecurity.be\/wp-content\/uploads\/2019\/07\/Logo-positive-rgb_transparant.png","contentUrl":"https:\/\/www.emsecurity.be\/wp-content\/uploads\/2019\/07\/Logo-positive-rgb_transparant.png","width":851,"height":211,"caption":"EM Security"},"image":{"@id":"https:\/\/www.emsecurity.be\/fr\/#\/schema\/logo\/image\/"}}]}},"_links":{"self":[{"href":"https:\/\/www.emsecurity.be\/fr\/wp-json\/wp\/v2\/pages\/559"}],"collection":[{"href":"https:\/\/www.emsecurity.be\/fr\/wp-json\/wp\/v2\/pages"}],"about":[{"href":"https:\/\/www.emsecurity.be\/fr\/wp-json\/wp\/v2\/types\/page"}],"author":[{"embeddable":true,"href":"https:\/\/www.emsecurity.be\/fr\/wp-json\/wp\/v2\/users\/2"}],"replies":[{"embeddable":true,"href":"https:\/\/www.emsecurity.be\/fr\/wp-json\/wp\/v2\/comments?post=559"}],"version-history":[{"count":3,"href":"https:\/\/www.emsecurity.be\/fr\/wp-json\/wp\/v2\/pages\/559\/revisions"}],"predecessor-version":[{"id":562,"href":"https:\/\/www.emsecurity.be\/fr\/wp-json\/wp\/v2\/pages\/559\/revisions\/562"}],"wp:attachment":[{"href":"https:\/\/www.emsecurity.be\/fr\/wp-json\/wp\/v2\/media?parent=559"}],"curies":[{"name":"wp","href":"https:\/\/api.w.org\/{rel}","templated":true}]}}