{"id":78,"date":"2019-06-12T13:12:21","date_gmt":"2019-06-12T13:12:21","guid":{"rendered":"https:\/\/staging.emsecurity.be\/home\/"},"modified":"2019-06-27T12:43:14","modified_gmt":"2019-06-27T12:43:14","slug":"home","status":"publish","type":"page","link":"https:\/\/www.emsecurity.be\/fr\/home\/","title":{"rendered":"Home"},"content":{"rendered":"[vc_row][vc_column][vc_separator][\/vc_column][\/vc_row][vc_row][vc_column width=\u00a0\u00bb1\/2&Prime;]<div class=\"vcex-module vcex-blog-grid-wrap wpex-clr\"><div class=\"wpex-row vcex-blog-grid wpex-clr entries left-thumbs\"><div class=\"vcex-blog-entry vcex-grid-item entry-has-details  col-1 col post-264 entry type-post has-media cat-12 translation_priority-4\"><div class=\"vcex-blog-entry-inner entry-inner wpex-first-mt-0 wpex-last-mb-0 wpex-clr\"><div class=\"vcex-blog-entry-media entry-media\"><a href=\"https:\/\/www.emsecurity.be\/fr\/wij-zijn-verhuisd\/\" title=\"Le 25 f\u00e9vrier nous sommes d\u00e9m\u00e9nag\u00e9s\"><img width=\"190\" height=\"162\" src=\"https:\/\/www.emsecurity.be\/wp-content\/uploads\/2019\/06\/verhuisd-2019.jpg\" class=\"vcex-blog-entry-img wpex-align-middle\" alt=\"\" decoding=\"async\" loading=\"lazy\" \/><\/a><\/div><div class=\"vcex-blog-entry-details entry-details wpex-bordered wpex-first-mt-0 wpex-last-mb-0 wpex-clr\"><h3 class=\"vcex-blog-entry-title entry-title wpex-text-2xl wpex-mb-5\"><a href=\"https:\/\/www.emsecurity.be\/fr\/wij-zijn-verhuisd\/\">Le 25 f\u00e9vrier nous sommes d\u00e9m\u00e9nag\u00e9s<\/a><\/h3><div class=\"vcex-blog-entry-excerpt entry-excerpt wpex-my-15 wpex-last-mb-0 wpex-clr\">euillez trouver notre nouvelle adresse: \nEdingensesteenweg 182, 1500 Halle.<!-- AddThis Advanced Settings generic via filter on get_the_excerpt --><!-- AddThis Share Buttons generic via filter on get_the_excerpt --><\/div><div class=\"vcex-blog-entry-readmore-wrap entry-readmore-wrap wpex-my-15 wpex-clr\"><a href=\"https:\/\/www.emsecurity.be\/fr\/wij-zijn-verhuisd\/\" class=\"theme-button\">Lisez plus<\/a><\/div><\/div><\/div><\/div><\/div><\/div>[\/vc_column][vc_column width=\u00a0\u00bb1\/2&Prime;][vc_single_image image=\u00a0\u00bb55&Prime;][\/vc_column][\/vc_row][vc_row][vc_column][layerslider_vc id=\u00a0\u00bb1&Prime;][\/vc_column][\/vc_row][vc_row][vc_column width=\u00a0\u00bb1\/3&Prime;][vc_column_text]\n<h2><a href=\"https:\/\/www.emsecurity.be\/fr\/solutions\/\">\u2bc8 S\u00e9curisation<\/a><\/h2>\n<p>Choisissez votre s\u00e9curisation.[\/vc_column_text][\/vc_column][vc_column width=\u00a0\u00bb1\/3&Prime;][vc_column_text]\n<h2><a href=\"https:\/\/www.emsecurity.be\/fr\/historique\/\">\u2bc8 Entreprise<\/a><\/h2>\n<p>D\u00e9couvrez EM Security[\/vc_column_text][\/vc_column][vc_column width=\u00a0\u00bb1\/3&Prime;][vc_column_text]\n<h2><a href=\"\/?page_id=18\">\u2bc8 Contact<\/a><\/h2>\n<p>Contactez-nous pour obtenir plus d&rsquo;infos[\/vc_column_text][\/vc_column][\/vc_row][vc_row full_width=\u00a0\u00bbstretch_row\u00a0\u00bb css=\u00a0\u00bb.vc_custom_1561639255980{margin-top: 50px !important;margin-bottom: -15px !important;background-color: #ededed !important;}\u00a0\u00bb][vc_column][vc_column_text]\n<h2 style=\"text-align: center;\">Quelques de nos solutions<\/h2>\n[\/vc_column_text][\/vc_column][\/vc_row][vc_row full_width=\u00a0\u00bbstretch_row\u00a0\u00bb css=\u00a0\u00bb.vc_custom_1561639213085{margin-bottom: 30px !important;background-color: #ededed !important;}\u00a0\u00bb][vc_column width=\u00a0\u00bb1\/4&Prime;][vc_single_image image=\u00a0\u00bb36&Prime;][vc_column_text]\n<h3>G\u00e9n\u00e9rateurs de brouillard<\/h3>\n<p>Enveloppe en quelques secondes la pi\u00e8ce de brouillard[\/vc_column_text]<div class=\"vc_custom_1561639320137 wpex-clr\"><div class=\"theme-button-block-wrap wpex-block wpex-clear theme-button-wrap wpex-clr\"><a href=\"\/fr\/solutions\/\" class=\"vcex-button theme-button block\"><span class=\"theme-button-inner\">Plus d&rsquo;infos<\/span><\/a><\/div><\/div> [\/vc_column][vc_column width=\u00a0\u00bb1\/4&Prime;][vc_single_image image=\u00a0\u00bb38&Prime;][vc_column_text]\n<h3>Reconnaissance des plaques d&rsquo;immatriculation<\/h3>\n<p>Des applications infinies: p.ex. ouverture automatique de barri\u00e8res[\/vc_column_text]<div class=\"vc_custom_1561639320137 wpex-clr\"><div class=\"theme-button-block-wrap wpex-block wpex-clear theme-button-wrap wpex-clr\"><a href=\"\/fr\/solutions\/\" class=\"vcex-button theme-button block\"><span class=\"theme-button-inner\">Plus d&rsquo;infos<\/span><\/a><\/div><\/div> [\/vc_column][vc_column width=\u00a0\u00bb1\/4&Prime;][vc_single_image image=\u00a0\u00bb40&Prime;][vc_column_text]\n<h3>S\u00e9curisation p\u00e9rimetrique<\/h3>\n<p>D\u00e9tecte la pr\u00e9sence d&rsquo;un intrus avant m\u00eame qu&rsquo;il ne puisse endommager le b\u00e2timent ou y p\u00e9n\u00e9trer[\/vc_column_text]<div class=\"vc_custom_1561639320137 wpex-clr\"><div class=\"theme-button-block-wrap wpex-block wpex-clear theme-button-wrap wpex-clr\"><a href=\"\/fr\/solutions\/\" class=\"vcex-button theme-button block\"><span class=\"theme-button-inner\">Plus d&rsquo;infos<\/span><\/a><\/div><\/div> [\/vc_column][vc_column width=\u00a0\u00bb1\/4&Prime;][vc_single_image image=\u00a0\u00bb42&Prime;][vc_column_text]\n<h3>D\u00e9tection<\/h3>\n<p>Quittez votre b\u00e2timent ou entreprise le c\u0153ur l\u00e9ger[\/vc_column_text]<div class=\"vc_custom_1561639320137 wpex-clr\"><div class=\"theme-button-block-wrap wpex-block wpex-clear theme-button-wrap wpex-clr\"><a href=\"\/fr\/solutions\/\" class=\"vcex-button theme-button block\"><span class=\"theme-button-inner\">Plus d&rsquo;infos<\/span><\/a><\/div><\/div> [\/vc_column][\/vc_row][vc_row][vc_column width=\u00a0\u00bb1\/3&Prime;][vc_column_text]\n<h2>Bienvenu<\/h2>\n<p><strong>Depuis plus de 20 ans d\u00e9j\u00e0, EM SECURITY se profile comme un partenaire incontournable dans le domaine de la s\u00e9curisation.<\/strong><\/p>\n<p class=\"p10\">Nous offrons des solutions de s\u00e9curisation pour les particuliers, mais \u00e9galement pour les PME, sites industriels et organismes publics. Les valeurs d&rsquo; EM SECURITY sont la QUALITE et la CONVIVIALITE, et ce tant au niveau de la prestation de services que des mat\u00e9riaux choisis.<\/p>\n[\/vc_column_text]<div class=\"vc_custom_1561639374392 wpex-clr\"><div class=\"theme-button-block-wrap wpex-block wpex-clear theme-button-wrap wpex-clr\"><a href=\"\/fr\/historique\" class=\"vcex-button theme-button block\"><span class=\"theme-button-inner\">Lisez plus<\/span><\/a><\/div><\/div> [\/vc_column][vc_column width=\u00a0\u00bb1\/3&Prime;][vc_column_text]\n<h2>Postes vacants<\/h2>\n<p><img decoding=\"async\" loading=\"lazy\" class=\"alignnone size-full wp-image-44\" src=\"https:\/\/www.emsecurity.be\/wp-content\/uploads\/2019\/06\/techniekers-gezocht.jpg\" alt=\"techniekers-gezocht-vacature\" width=\"220\" height=\"222\" srcset=\"https:\/\/www.emsecurity.be\/wp-content\/uploads\/2019\/06\/techniekers-gezocht.jpg 220w, https:\/\/www.emsecurity.be\/wp-content\/uploads\/2019\/06\/techniekers-gezocht-150x150.jpg 150w\" sizes=\"(max-width: 220px) 100vw, 220px\" \/><\/p>\n<p><a href=\"https:\/\/www.emsecurity.be\/fr\/?page_id=360\">Nous cherchons des techniciens et des vendeurs!<\/a>[\/vc_column_text][\/vc_column][vc_column width=\u00a0\u00bb1\/3&Prime;][vc_column_text]\n<h2>Information<\/h2>\n<p><a href=\"\/smartphoneapp\">APP POUR SMARTPHONE \u2b9e<\/a><br \/>\nCette application vous permet de contr\u00f4ler votre s\u00e9curisation, o\u00f9 que vous vous trouviez<\/p>\n<p><a href=\"\/info\">BROCHURES D&rsquo;INFORMATION \u2b9e<\/a><br \/>\nBrochures utiles concernant la s\u00e9curisation et la pr\u00e9vention \u00e9labor\u00e9es par les pouvoirs publics<\/p>\n<p><a href=\"https:\/\/www.emsecurity.be\/fr\/fiscalite\/\">AVANTAGES FISCAUX \u2b9e<\/a><br \/>\nCliquez ici pour d\u00e9couvrir vos avantages fiscaux en tant que particulier ou professionnel[\/vc_column_text][\/vc_column][\/vc_row]\n","protected":false},"excerpt":{"rendered":"<p>[vc_row][vc_column][vc_separator][\/vc_column][\/vc_row][vc_row][vc_column width=\u00a0\u00bb1\/2&Prime;][\/vc_column][vc_column width=\u00a0\u00bb1\/2&Prime;][vc_single_image image=\u00a0\u00bb55&Prime;][\/vc_column][\/vc_row][vc_row][vc_column][layerslider_vc id=\u00a0\u00bb1&Prime;][\/vc_column][\/vc_row][vc_row][vc_column width=\u00a0\u00bb1\/3&Prime;][vc_column_text] \u2bc8 S\u00e9curisation Choisissez votre s\u00e9curisation.[\/vc_column_text][\/vc_column][vc_column width=\u00a0\u00bb1\/3&Prime;][vc_column_text] \u2bc8 Entreprise D\u00e9couvrez EM Security[\/vc_column_text][\/vc_column][vc_column width=\u00a0\u00bb1\/3&Prime;][vc_column_text] \u2bc8 Contact Contactez-nous pour obtenir plus d&rsquo;infos[\/vc_column_text][\/vc_column][\/vc_row][vc_row full_width=\u00a0\u00bbstretch_row\u00a0\u00bb css=\u00a0\u00bb.vc_custom_1561639255980{margin-top: 50px !important;margin-bottom: -15px !important;background-color: #ededed !important;}\u00a0\u00bb][vc_column][vc_column_text] Quelques de nos solutions [\/vc_column_text][\/vc_column][\/vc_row][vc_row full_width=\u00a0\u00bbstretch_row\u00a0\u00bb css=\u00a0\u00bb.vc_custom_1561639213085{margin-bottom: 30px !important;background-color: #ededed !important;}\u00a0\u00bb][vc_column width=\u00a0\u00bb1\/4&Prime;][vc_single_image image=\u00a0\u00bb36&Prime;][vc_column_text] G\u00e9n\u00e9rateurs de brouillard Enveloppe en quelques secondes la pi\u00e8ce&hellip;<!-- AddThis Advanced Settings generic via filter on get_the_excerpt --><!-- AddThis Share Buttons generic via filter on get_the_excerpt --><\/p>\n","protected":false},"author":2,"featured_media":0,"parent":0,"menu_order":0,"comment_status":"closed","ping_status":"closed","template":"","meta":[],"yoast_head":"<!-- This site is optimized with the Yoast SEO plugin v20.9 - https:\/\/yoast.com\/wordpress\/plugins\/seo\/ -->\n<title>Home - EM Security - D\u00e9tection d&#039;intrustion, vid\u00e9osurveillance, d\u00e9tection d&#039;incendie et plus<\/title>\n<meta name=\"robots\" content=\"index, follow, max-snippet:-1, max-image-preview:large, max-video-preview:-1\" \/>\n<link rel=\"canonical\" href=\"https:\/\/www.emsecurity.be\/fr\/home\/\" \/>\n<meta property=\"og:locale\" content=\"fr_FR\" \/>\n<meta property=\"og:type\" content=\"article\" \/>\n<meta property=\"og:title\" content=\"Home - EM Security - D\u00e9tection d&#039;intrustion, vid\u00e9osurveillance, d\u00e9tection d&#039;incendie et plus\" \/>\n<meta property=\"og:description\" content=\"[vc_row][vc_column][vc_separator][\/vc_column][\/vc_row][vc_row][vc_column width=\u00a0\u00bb1\/2&Prime;][\/vc_column][vc_column width=\u00a0\u00bb1\/2&Prime;][vc_single_image image=\u00a0\u00bb55&Prime;][\/vc_column][\/vc_row][vc_row][vc_column][layerslider_vc id=\u00a0\u00bb1&Prime;][\/vc_column][\/vc_row][vc_row][vc_column width=\u00a0\u00bb1\/3&Prime;][vc_column_text] \u2bc8 S\u00e9curisation Choisissez votre s\u00e9curisation.[\/vc_column_text][\/vc_column][vc_column width=\u00a0\u00bb1\/3&Prime;][vc_column_text] \u2bc8 Entreprise D\u00e9couvrez EM Security[\/vc_column_text][\/vc_column][vc_column width=\u00a0\u00bb1\/3&Prime;][vc_column_text] \u2bc8 Contact Contactez-nous pour obtenir plus d&rsquo;infos[\/vc_column_text][\/vc_column][\/vc_row][vc_row full_width=\u00a0\u00bbstretch_row\u00a0\u00bb css=\u00a0\u00bb.vc_custom_1561639255980{margin-top: 50px !important;margin-bottom: -15px !important;background-color: #ededed !important;}\u00a0\u00bb][vc_column][vc_column_text] Quelques de nos solutions [\/vc_column_text][\/vc_column][\/vc_row][vc_row full_width=\u00a0\u00bbstretch_row\u00a0\u00bb css=\u00a0\u00bb.vc_custom_1561639213085{margin-bottom: 30px !important;background-color: #ededed !important;}\u00a0\u00bb][vc_column width=\u00a0\u00bb1\/4&Prime;][vc_single_image image=\u00a0\u00bb36&Prime;][vc_column_text] G\u00e9n\u00e9rateurs de brouillard Enveloppe en quelques secondes la pi\u00e8ce&hellip;\" \/>\n<meta property=\"og:url\" content=\"https:\/\/www.emsecurity.be\/fr\/home\/\" \/>\n<meta property=\"og:site_name\" content=\"EM Security - D\u00e9tection d&#039;intrustion, vid\u00e9osurveillance, d\u00e9tection d&#039;incendie et plus\" \/>\n<meta property=\"article:modified_time\" content=\"2019-06-27T12:43:14+00:00\" \/>\n<meta property=\"og:image\" content=\"https:\/\/www.emsecurity.be\/wp-content\/uploads\/2019\/06\/techniekers-gezocht.jpg\" \/>\n<meta name=\"twitter:card\" content=\"summary_large_image\" \/>\n<meta name=\"twitter:label1\" content=\"Dur\u00e9e de lecture estim\u00e9e\" \/>\n\t<meta name=\"twitter:data1\" content=\"3 minutes\" \/>\n<script type=\"application\/ld+json\" class=\"yoast-schema-graph\">{\"@context\":\"https:\/\/schema.org\",\"@graph\":[{\"@type\":\"WebPage\",\"@id\":\"https:\/\/www.emsecurity.be\/fr\/home\/\",\"url\":\"https:\/\/www.emsecurity.be\/fr\/home\/\",\"name\":\"Home - EM Security - D\u00e9tection d'intrustion, vid\u00e9osurveillance, d\u00e9tection d'incendie et plus\",\"isPartOf\":{\"@id\":\"https:\/\/www.emsecurity.be\/fr\/#website\"},\"datePublished\":\"2019-06-12T13:12:21+00:00\",\"dateModified\":\"2019-06-27T12:43:14+00:00\",\"breadcrumb\":{\"@id\":\"https:\/\/www.emsecurity.be\/fr\/home\/#breadcrumb\"},\"inLanguage\":\"fr-FR\",\"potentialAction\":[{\"@type\":\"ReadAction\",\"target\":[\"https:\/\/www.emsecurity.be\/fr\/home\/\"]}]},{\"@type\":\"BreadcrumbList\",\"@id\":\"https:\/\/www.emsecurity.be\/fr\/home\/#breadcrumb\",\"itemListElement\":[{\"@type\":\"ListItem\",\"position\":1,\"name\":\"Home\",\"item\":\"https:\/\/www.emsecurity.be\/fr\/\"},{\"@type\":\"ListItem\",\"position\":2,\"name\":\"Home\"}]},{\"@type\":\"WebSite\",\"@id\":\"https:\/\/www.emsecurity.be\/fr\/#website\",\"url\":\"https:\/\/www.emsecurity.be\/fr\/\",\"name\":\"EM Security - D\u00e9tection d'intrustion, vid\u00e9osurveillance, d\u00e9tection d'incendie et plus\",\"description\":\"Uw professionele gesprekspartner voor al uw vragen rond beveiliging\",\"publisher\":{\"@id\":\"https:\/\/www.emsecurity.be\/fr\/#organization\"},\"potentialAction\":[{\"@type\":\"SearchAction\",\"target\":{\"@type\":\"EntryPoint\",\"urlTemplate\":\"https:\/\/www.emsecurity.be\/fr\/?s={search_term_string}\"},\"query-input\":\"required name=search_term_string\"}],\"inLanguage\":\"fr-FR\"},{\"@type\":\"Organization\",\"@id\":\"https:\/\/www.emsecurity.be\/fr\/#organization\",\"name\":\"EM Security\",\"url\":\"https:\/\/www.emsecurity.be\/fr\/\",\"logo\":{\"@type\":\"ImageObject\",\"inLanguage\":\"fr-FR\",\"@id\":\"https:\/\/www.emsecurity.be\/fr\/#\/schema\/logo\/image\/\",\"url\":\"https:\/\/www.emsecurity.be\/wp-content\/uploads\/2019\/07\/Logo-positive-rgb_transparant.png\",\"contentUrl\":\"https:\/\/www.emsecurity.be\/wp-content\/uploads\/2019\/07\/Logo-positive-rgb_transparant.png\",\"width\":851,\"height\":211,\"caption\":\"EM Security\"},\"image\":{\"@id\":\"https:\/\/www.emsecurity.be\/fr\/#\/schema\/logo\/image\/\"}}]}<\/script>\n<!-- \/ Yoast SEO plugin. -->","yoast_head_json":{"title":"Home - EM Security - D\u00e9tection d'intrustion, vid\u00e9osurveillance, d\u00e9tection d'incendie et plus","robots":{"index":"index","follow":"follow","max-snippet":"max-snippet:-1","max-image-preview":"max-image-preview:large","max-video-preview":"max-video-preview:-1"},"canonical":"https:\/\/www.emsecurity.be\/fr\/home\/","og_locale":"fr_FR","og_type":"article","og_title":"Home - EM Security - D\u00e9tection d'intrustion, vid\u00e9osurveillance, d\u00e9tection d'incendie et plus","og_description":"[vc_row][vc_column][vc_separator][\/vc_column][\/vc_row][vc_row][vc_column width=\u00a0\u00bb1\/2&Prime;][\/vc_column][vc_column width=\u00a0\u00bb1\/2&Prime;][vc_single_image image=\u00a0\u00bb55&Prime;][\/vc_column][\/vc_row][vc_row][vc_column][layerslider_vc id=\u00a0\u00bb1&Prime;][\/vc_column][\/vc_row][vc_row][vc_column width=\u00a0\u00bb1\/3&Prime;][vc_column_text] \u2bc8 S\u00e9curisation Choisissez votre s\u00e9curisation.[\/vc_column_text][\/vc_column][vc_column width=\u00a0\u00bb1\/3&Prime;][vc_column_text] \u2bc8 Entreprise D\u00e9couvrez EM Security[\/vc_column_text][\/vc_column][vc_column width=\u00a0\u00bb1\/3&Prime;][vc_column_text] \u2bc8 Contact Contactez-nous pour obtenir plus d&rsquo;infos[\/vc_column_text][\/vc_column][\/vc_row][vc_row full_width=\u00a0\u00bbstretch_row\u00a0\u00bb css=\u00a0\u00bb.vc_custom_1561639255980{margin-top: 50px !important;margin-bottom: -15px !important;background-color: #ededed !important;}\u00a0\u00bb][vc_column][vc_column_text] Quelques de nos solutions [\/vc_column_text][\/vc_column][\/vc_row][vc_row full_width=\u00a0\u00bbstretch_row\u00a0\u00bb css=\u00a0\u00bb.vc_custom_1561639213085{margin-bottom: 30px !important;background-color: #ededed !important;}\u00a0\u00bb][vc_column width=\u00a0\u00bb1\/4&Prime;][vc_single_image image=\u00a0\u00bb36&Prime;][vc_column_text] G\u00e9n\u00e9rateurs de brouillard Enveloppe en quelques secondes la pi\u00e8ce&hellip;","og_url":"https:\/\/www.emsecurity.be\/fr\/home\/","og_site_name":"EM Security - D\u00e9tection d'intrustion, vid\u00e9osurveillance, d\u00e9tection d'incendie et plus","article_modified_time":"2019-06-27T12:43:14+00:00","og_image":[{"url":"https:\/\/www.emsecurity.be\/wp-content\/uploads\/2019\/06\/techniekers-gezocht.jpg"}],"twitter_card":"summary_large_image","twitter_misc":{"Dur\u00e9e de lecture estim\u00e9e":"3 minutes"},"schema":{"@context":"https:\/\/schema.org","@graph":[{"@type":"WebPage","@id":"https:\/\/www.emsecurity.be\/fr\/home\/","url":"https:\/\/www.emsecurity.be\/fr\/home\/","name":"Home - EM Security - D\u00e9tection d'intrustion, vid\u00e9osurveillance, d\u00e9tection d'incendie et plus","isPartOf":{"@id":"https:\/\/www.emsecurity.be\/fr\/#website"},"datePublished":"2019-06-12T13:12:21+00:00","dateModified":"2019-06-27T12:43:14+00:00","breadcrumb":{"@id":"https:\/\/www.emsecurity.be\/fr\/home\/#breadcrumb"},"inLanguage":"fr-FR","potentialAction":[{"@type":"ReadAction","target":["https:\/\/www.emsecurity.be\/fr\/home\/"]}]},{"@type":"BreadcrumbList","@id":"https:\/\/www.emsecurity.be\/fr\/home\/#breadcrumb","itemListElement":[{"@type":"ListItem","position":1,"name":"Home","item":"https:\/\/www.emsecurity.be\/fr\/"},{"@type":"ListItem","position":2,"name":"Home"}]},{"@type":"WebSite","@id":"https:\/\/www.emsecurity.be\/fr\/#website","url":"https:\/\/www.emsecurity.be\/fr\/","name":"EM Security - D\u00e9tection d'intrustion, vid\u00e9osurveillance, d\u00e9tection d'incendie et plus","description":"Uw professionele gesprekspartner voor al uw vragen rond beveiliging","publisher":{"@id":"https:\/\/www.emsecurity.be\/fr\/#organization"},"potentialAction":[{"@type":"SearchAction","target":{"@type":"EntryPoint","urlTemplate":"https:\/\/www.emsecurity.be\/fr\/?s={search_term_string}"},"query-input":"required name=search_term_string"}],"inLanguage":"fr-FR"},{"@type":"Organization","@id":"https:\/\/www.emsecurity.be\/fr\/#organization","name":"EM Security","url":"https:\/\/www.emsecurity.be\/fr\/","logo":{"@type":"ImageObject","inLanguage":"fr-FR","@id":"https:\/\/www.emsecurity.be\/fr\/#\/schema\/logo\/image\/","url":"https:\/\/www.emsecurity.be\/wp-content\/uploads\/2019\/07\/Logo-positive-rgb_transparant.png","contentUrl":"https:\/\/www.emsecurity.be\/wp-content\/uploads\/2019\/07\/Logo-positive-rgb_transparant.png","width":851,"height":211,"caption":"EM Security"},"image":{"@id":"https:\/\/www.emsecurity.be\/fr\/#\/schema\/logo\/image\/"}}]}},"_links":{"self":[{"href":"https:\/\/www.emsecurity.be\/fr\/wp-json\/wp\/v2\/pages\/78"}],"collection":[{"href":"https:\/\/www.emsecurity.be\/fr\/wp-json\/wp\/v2\/pages"}],"about":[{"href":"https:\/\/www.emsecurity.be\/fr\/wp-json\/wp\/v2\/types\/page"}],"author":[{"embeddable":true,"href":"https:\/\/www.emsecurity.be\/fr\/wp-json\/wp\/v2\/users\/2"}],"replies":[{"embeddable":true,"href":"https:\/\/www.emsecurity.be\/fr\/wp-json\/wp\/v2\/comments?post=78"}],"version-history":[{"count":6,"href":"https:\/\/www.emsecurity.be\/fr\/wp-json\/wp\/v2\/pages\/78\/revisions"}],"predecessor-version":[{"id":280,"href":"https:\/\/www.emsecurity.be\/fr\/wp-json\/wp\/v2\/pages\/78\/revisions\/280"}],"wp:attachment":[{"href":"https:\/\/www.emsecurity.be\/fr\/wp-json\/wp\/v2\/media?parent=78"}],"curies":[{"name":"wp","href":"https:\/\/api.w.org\/{rel}","templated":true}]}}