{"id":80,"date":"2019-06-27T09:28:12","date_gmt":"2019-06-27T09:28:12","guid":{"rendered":"https:\/\/staging.emsecurity.be\/?page_id=80"},"modified":"2019-08-12T16:53:22","modified_gmt":"2019-08-12T14:53:22","slug":"solutions","status":"publish","type":"page","link":"https:\/\/www.emsecurity.be\/fr\/solutions\/","title":{"rendered":"Solutions"},"content":{"rendered":"[vc_row][vc_column][vc_separator][\/vc_column][\/vc_row][vc_row][vc_column][vc_column_text]\n<article class=\"grid_12\">\n<div class=\"inner-block\">\n<h1 style=\"text-align: center;\">Nous proposons des solutions professionnelles en:<\/h1>\n<\/div>\n<\/article>\n[\/vc_column_text][\/vc_column][\/vc_row][vc_row][vc_column width=\u00a0\u00bb1\/4&Prime;][vc_single_image image=\u00a0\u00bb230&Prime; css=\u00a0\u00bb.vc_custom_1561626531106{margin-top: 10px !important;}\u00a0\u00bb][\/vc_column][vc_column width=\u00a0\u00bb1\/4&Prime;][vc_column_text]\n<h3>D\u00e9tection d&rsquo;intrusion<\/h3>\n<p>Quittez votre habitation ou entreprise le c\u0153ur l\u00e9ger. Gr\u00e2ce au syst\u00e8me d&rsquo;alarme, vous aurez \u00e9galement la certitude qu&rsquo;aucun intrus ne se trouvera dans votre domicile \u00e0 votre arriv\u00e9e. La centrale de t\u00e9l\u00e9surveillance peut vous pr\u00e9venir \u00e0 tout moment en cas d&rsquo;intrusion, 24 heures sur 24 et 7 jours sur 7.[\/vc_column_text]<div class=\"vc_custom_1563197712308 wpex-clr\"><a href=\"\/fr\/systemes-dalarme-dissuadez-les-cambrioleurs\/\" class=\"vcex-button theme-button small inline\"><span class=\"theme-button-inner\">Lisez plus<\/span><\/a><\/div> [\/vc_column][vc_column width=\u00a0\u00bb1\/4&Prime;][vc_single_image image=\u00a0\u00bb180&Prime; css=\u00a0\u00bb.vc_custom_1561626036530{margin-top: 10px !important;}\u00a0\u00bb][\/vc_column][vc_column width=\u00a0\u00bb1\/4&Prime;][vc_column_text]\n<h3>D\u00e9tection d&rsquo;incendie<\/h3>\n<p>Lorsqu\u2019un incendie se d\u00e9clare, chaque seconde compte ! L&rsquo;utilisation des d\u00e9tecteurs de fum\u00e9e ad\u00e9quats est cruciale pour la d\u00e9tection pr\u00e9coce d&rsquo;un d\u00e9but d&rsquo;incendie. Elle permet \u00e9galement de sauver vies humaines et biens ![\/vc_column_text][\/vc_column][\/vc_row][vc_row][vc_column width=\u00a0\u00bb1\/4&Prime;][vc_single_image image=\u00a0\u00bb213&Prime; css=\u00a0\u00bb.vc_custom_1561626220340{margin-top: 10px !important;}\u00a0\u00bb][\/vc_column][vc_column width=\u00a0\u00bb1\/4&Prime;][vc_column_text]\n<h3>Vid\u00e9osurveillance<\/h3>\n<p>La vid\u00e9osurveillance est l&rsquo;outil de s\u00e9curisation id\u00e9al pour la d\u00e9tection des intrusions, tentatives de vol et actes de vandalisme. En marge de l&rsquo;effet dissuasif des cam\u00e9ras, les images qu&rsquo;elles enregistrent constituent une preuve in\u00e9galable. Un simple coup d&rsquo;\u0153il sur votre Smartphone vous permet d&rsquo;identifier la situation, \u00e0 l\u2019int\u00e9rieur de votre habitation ou aux alentours.[\/vc_column_text][\/vc_column][vc_column width=\u00a0\u00bb1\/4&Prime;][vc_single_image image=\u00a0\u00bb225&Prime; css=\u00a0\u00bb.vc_custom_1561626249163{margin-top: 10px !important;}\u00a0\u00bb][\/vc_column][vc_column width=\u00a0\u00bb1\/4&Prime;][vc_column_text]\n<h3>Contr\u00f4le d&rsquo;acc\u00e8s<\/h3>\n<p>Un syst\u00e8me avanc\u00e9 qui g\u00e8re les acc\u00e8s au b\u00e2timent, au parking ou aux espaces particuliers afin que les bonnes personnes puissent y acc\u00e9der au bon moment. Ce syst\u00e8me repose sur une technologie de badges militaire impossible \u00e0 reproduire ou a l\u2019aide\u00a0 de scanners biom\u00e9triques.[\/vc_column_text][\/vc_column][\/vc_row][vc_row][vc_column width=\u00a0\u00bb1\/4&Prime;][vc_single_image image=\u00a0\u00bb215&Prime; css=\u00a0\u00bb.vc_custom_1561626290016{margin-top: 10px !important;}\u00a0\u00bb][\/vc_column][vc_column width=\u00a0\u00bb1\/4&Prime;][vc_column_text]\n<h3>G\u00e9n\u00e9rateurs de brouillard<\/h3>\n<article class=\"grid_6\">\n<div class=\"inner-block\">\n<div class=\"page3-box1\">\n<div class=\"extra-wrap\">\n<p class=\"p17\">Ne laissez aucune chance aux voleurs ! Un g\u00e9n\u00e9rateur de brouillard enveloppe en quelques secondes la pi\u00e8ce de brouillard. Les voleurs n&rsquo;y voient plus rien et pr\u00e9f\u00e8rent quitter les lieux !<\/p>\n<\/div>\n<\/div>\n<\/div>\n<\/article>\n[\/vc_column_text][\/vc_column][vc_column width=\u00a0\u00bb1\/4&Prime;][vc_single_image image=\u00a0\u00bb219&Prime; css=\u00a0\u00bb.vc_custom_1561626355205{margin-top: 10px !important;}\u00a0\u00bb][\/vc_column][vc_column width=\u00a0\u00bb1\/4&Prime;][vc_column_text]\n<h3>Reconnaissance des plaques d&rsquo;immatriculation<\/h3>\n<p>Les cam\u00e9ras qui enregistrent les plaques d&rsquo;immatriculation ne sont plus l&rsquo;apanage d&rsquo;une \u00e9lite. Les applications sont infinies : ouverture automatique de barri\u00e8res, identification du camion ayant endommag\u00e9 le parking, etc.[\/vc_column_text][\/vc_column][\/vc_row][vc_row][vc_column width=\u00a0\u00bb1\/4&Prime;][vc_single_image image=\u00a0\u00bb221&Prime; css=\u00a0\u00bb.vc_custom_1561626379718{margin-top: 10px !important;}\u00a0\u00bb][\/vc_column][vc_column width=\u00a0\u00bb1\/4&Prime;][vc_column_text]\n<h3>S\u00e9curisation p\u00e9rim\u00e9trique<\/h3>\n<p>La s\u00e9curisation p\u00e9rim\u00e9trique, bas\u00e9e sur les technologies les plus r\u00e9centes, d\u00e9tecte la pr\u00e9sence d&rsquo;un intrus avant m\u00eame qu&rsquo;il ne puisse endommager le b\u00e2timent ou y p\u00e9n\u00e9trer.[\/vc_column_text][\/vc_column][vc_column width=\u00a0\u00bb1\/4&Prime;][vc_single_image image=\u00a0\u00bb217&Prime; css=\u00a0\u00bb.vc_custom_1561626445913{margin-top: 10px !important;}\u00a0\u00bb][\/vc_column][vc_column width=\u00a0\u00bb1\/4&Prime;][vc_column_text]\n<h3>Syst\u00e8me d&rsquo;appel d&rsquo;urgence<\/h3>\n<p>Le syst\u00e8me est utile pour les personnes \u00e2g\u00e9es qui souhaitent conserver leur ind\u00e9pendance plus longtemps ou pour les personnes souffrant d&rsquo;un handicap. Une simple pression sur un bouton les met en contact avec notre centrale d&rsquo;alarme, qui en cas d&rsquo;urgence pr\u00e9viendra les services comp\u00e9tents.[\/vc_column_text][\/vc_column][\/vc_row][vc_row][vc_column width=\u00a0\u00bb1\/4&Prime;][vc_single_image image=\u00a0\u00bb227&Prime; css=\u00a0\u00bb.vc_custom_1561626421052{margin-top: 10px !important;}\u00a0\u00bb][\/vc_column][vc_column width=\u00a0\u00bb1\/4&Prime;][vc_column_text]\n<h3>Vid\u00e9ophonie<\/h3>\n<p>A l&rsquo;aide de vid\u00e9ophones modernes et \u00e9l\u00e9gants dot\u00e9s d&rsquo;un \u00e9cran tactile, identifiez facilement les personnes qui se pr\u00e9sentent \u00e0 votre porte ou qui se sont pr\u00e9sent\u00e9es \u00e0 votre porte en votre absence.[\/vc_column_text][\/vc_column][vc_column width=\u00a0\u00bb1\/4&Prime;][\/vc_column][vc_column width=\u00a0\u00bb1\/4&Prime;][\/vc_column][\/vc_row][vc_row full_width=\u00a0\u00bbstretch_row\u00a0\u00bb css=\u00a0\u00bb.vc_custom_1563199713384{margin-top: 48px !important;background-color: #e5231b !important;}\u00a0\u00bb][vc_column width=\u00a0\u00bb1\/4&Prime;][\/vc_column][vc_column width=\u00a0\u00bb1\/2&Prime; css=\u00a0\u00bb.vc_custom_1562322737591{margin-top: 30px !important;margin-bottom: 30px !important;}\u00a0\u00bb][vc_column_text color=\u00a0\u00bb#ffffff\u00a0\u00bb]\n<h2 style=\"text-align: center;\">Installation<\/h2>\n<p style=\"text-align: center;\">Une \u00e9quipe d&rsquo;installateurs sp\u00e9cialis\u00e9s se tient \u00e0 votre dispposition pour assurer l&rsquo;installation fluide et professionnelle du syst\u00e8me de votre choix. Pour obtenir un conseil plus professionnel \u00e0 propos de nos produits et services, contactez-nous.<\/p>\n[\/vc_column_text]<div class=\"vc_custom_1562592078123 wpex-clr\"><div class=\"textcenter theme-button-wrap wpex-clr\"><a href=\"\/fr\/contact\" class=\"vcex-button theme-button white large align-center inline\" style=\"background:#ffffff;color:#e5231b;\" data-wpex-hover='{&quot;background&quot;:&quot;#ffffff&quot;,&quot;color&quot;:&quot;#e5231b&quot;}'><span class=\"theme-button-inner\">Contactez-nous<\/span><\/a><\/div><\/div> [\/vc_column][vc_column width=\u00a0\u00bb1\/4&Prime;][\/vc_column][\/vc_row]\n<!-- AddThis Advanced Settings generic via filter on the_content --><!-- AddThis Share Buttons generic via filter on the_content -->","protected":false},"excerpt":{"rendered":"<p>[vc_row][vc_column][vc_separator][\/vc_column][\/vc_row][vc_row][vc_column][vc_column_text] Nous proposons des solutions professionnelles en: [\/vc_column_text][\/vc_column][\/vc_row][vc_row][vc_column width=\u00a0\u00bb1\/4&Prime;][vc_single_image image=\u00a0\u00bb230&Prime; css=\u00a0\u00bb.vc_custom_1561626531106{margin-top: 10px !important;}\u00a0\u00bb][\/vc_column][vc_column width=\u00a0\u00bb1\/4&Prime;][vc_column_text] D\u00e9tection d&rsquo;intrusion Quittez votre habitation ou entreprise le c\u0153ur l\u00e9ger. Gr\u00e2ce au syst\u00e8me d&rsquo;alarme, vous aurez \u00e9galement la certitude qu&rsquo;aucun intrus ne se trouvera dans votre domicile \u00e0 votre arriv\u00e9e. La centrale de t\u00e9l\u00e9surveillance peut vous pr\u00e9venir \u00e0 tout moment en&hellip;<!-- AddThis Advanced Settings generic via filter on get_the_excerpt --><!-- AddThis Share Buttons generic via filter on get_the_excerpt --><\/p>\n","protected":false},"author":2,"featured_media":0,"parent":0,"menu_order":0,"comment_status":"closed","ping_status":"closed","template":"","meta":[],"yoast_head":"<!-- This site is optimized with the Yoast SEO plugin v20.9 - https:\/\/yoast.com\/wordpress\/plugins\/seo\/ -->\n<title>D\u00e9tection d&#039;intrusion, vid\u00e9ophonie, d\u00e9tection d&#039;incendie etc - EM Security<\/title>\n<meta name=\"description\" content=\"D\u00e9couvrez les solutions EM Security pour la d\u00e9tection d&#039;intrusion, vid\u00e9osurveillance, d\u00e9tection d&#039;incendie, vid\u00e9ophonie, enregistrement du temps etc.\" \/>\n<meta name=\"robots\" content=\"index, follow, max-snippet:-1, max-image-preview:large, max-video-preview:-1\" \/>\n<link rel=\"canonical\" href=\"https:\/\/www.emsecurity.be\/fr\/solutions\/\" \/>\n<meta property=\"og:locale\" content=\"fr_FR\" \/>\n<meta property=\"og:type\" content=\"article\" \/>\n<meta property=\"og:title\" content=\"D\u00e9tection d&#039;intrusion, vid\u00e9ophonie, d\u00e9tection d&#039;incendie etc - EM Security\" \/>\n<meta property=\"og:description\" content=\"D\u00e9couvrez les solutions EM Security pour la d\u00e9tection d&#039;intrusion, vid\u00e9osurveillance, d\u00e9tection d&#039;incendie, vid\u00e9ophonie, enregistrement du temps etc.\" \/>\n<meta property=\"og:url\" content=\"https:\/\/www.emsecurity.be\/fr\/solutions\/\" \/>\n<meta property=\"og:site_name\" content=\"EM Security - D\u00e9tection d&#039;intrustion, vid\u00e9osurveillance, d\u00e9tection d&#039;incendie et plus\" \/>\n<meta property=\"article:modified_time\" content=\"2019-08-12T14:53:22+00:00\" \/>\n<meta name=\"twitter:card\" content=\"summary_large_image\" \/>\n<meta name=\"twitter:label1\" content=\"Dur\u00e9e de lecture estim\u00e9e\" \/>\n\t<meta name=\"twitter:data1\" content=\"4 minutes\" \/>\n<script type=\"application\/ld+json\" class=\"yoast-schema-graph\">{\"@context\":\"https:\/\/schema.org\",\"@graph\":[{\"@type\":\"WebPage\",\"@id\":\"https:\/\/www.emsecurity.be\/fr\/solutions\/\",\"url\":\"https:\/\/www.emsecurity.be\/fr\/solutions\/\",\"name\":\"D\u00e9tection d'intrusion, vid\u00e9ophonie, d\u00e9tection d'incendie etc - EM Security\",\"isPartOf\":{\"@id\":\"https:\/\/www.emsecurity.be\/fr\/#website\"},\"datePublished\":\"2019-06-27T09:28:12+00:00\",\"dateModified\":\"2019-08-12T14:53:22+00:00\",\"description\":\"D\u00e9couvrez les solutions EM Security pour la d\u00e9tection d'intrusion, vid\u00e9osurveillance, d\u00e9tection d'incendie, vid\u00e9ophonie, enregistrement du temps etc.\",\"breadcrumb\":{\"@id\":\"https:\/\/www.emsecurity.be\/fr\/solutions\/#breadcrumb\"},\"inLanguage\":\"fr-FR\",\"potentialAction\":[{\"@type\":\"ReadAction\",\"target\":[\"https:\/\/www.emsecurity.be\/fr\/solutions\/\"]}]},{\"@type\":\"BreadcrumbList\",\"@id\":\"https:\/\/www.emsecurity.be\/fr\/solutions\/#breadcrumb\",\"itemListElement\":[{\"@type\":\"ListItem\",\"position\":1,\"name\":\"Home\",\"item\":\"https:\/\/www.emsecurity.be\/fr\/\"},{\"@type\":\"ListItem\",\"position\":2,\"name\":\"Solutions\"}]},{\"@type\":\"WebSite\",\"@id\":\"https:\/\/www.emsecurity.be\/fr\/#website\",\"url\":\"https:\/\/www.emsecurity.be\/fr\/\",\"name\":\"EM Security - D\u00e9tection d'intrustion, vid\u00e9osurveillance, d\u00e9tection d'incendie et plus\",\"description\":\"Uw professionele gesprekspartner voor al uw vragen rond beveiliging\",\"publisher\":{\"@id\":\"https:\/\/www.emsecurity.be\/fr\/#organization\"},\"potentialAction\":[{\"@type\":\"SearchAction\",\"target\":{\"@type\":\"EntryPoint\",\"urlTemplate\":\"https:\/\/www.emsecurity.be\/fr\/?s={search_term_string}\"},\"query-input\":\"required name=search_term_string\"}],\"inLanguage\":\"fr-FR\"},{\"@type\":\"Organization\",\"@id\":\"https:\/\/www.emsecurity.be\/fr\/#organization\",\"name\":\"EM Security\",\"url\":\"https:\/\/www.emsecurity.be\/fr\/\",\"logo\":{\"@type\":\"ImageObject\",\"inLanguage\":\"fr-FR\",\"@id\":\"https:\/\/www.emsecurity.be\/fr\/#\/schema\/logo\/image\/\",\"url\":\"https:\/\/www.emsecurity.be\/wp-content\/uploads\/2019\/07\/Logo-positive-rgb_transparant.png\",\"contentUrl\":\"https:\/\/www.emsecurity.be\/wp-content\/uploads\/2019\/07\/Logo-positive-rgb_transparant.png\",\"width\":851,\"height\":211,\"caption\":\"EM Security\"},\"image\":{\"@id\":\"https:\/\/www.emsecurity.be\/fr\/#\/schema\/logo\/image\/\"}}]}<\/script>\n<!-- \/ Yoast SEO plugin. -->","yoast_head_json":{"title":"D\u00e9tection d'intrusion, vid\u00e9ophonie, d\u00e9tection d'incendie etc - EM Security","description":"D\u00e9couvrez les solutions EM Security pour la d\u00e9tection d'intrusion, vid\u00e9osurveillance, d\u00e9tection d'incendie, vid\u00e9ophonie, enregistrement du temps etc.","robots":{"index":"index","follow":"follow","max-snippet":"max-snippet:-1","max-image-preview":"max-image-preview:large","max-video-preview":"max-video-preview:-1"},"canonical":"https:\/\/www.emsecurity.be\/fr\/solutions\/","og_locale":"fr_FR","og_type":"article","og_title":"D\u00e9tection d'intrusion, vid\u00e9ophonie, d\u00e9tection d'incendie etc - EM Security","og_description":"D\u00e9couvrez les solutions EM Security pour la d\u00e9tection d'intrusion, vid\u00e9osurveillance, d\u00e9tection d'incendie, vid\u00e9ophonie, enregistrement du temps etc.","og_url":"https:\/\/www.emsecurity.be\/fr\/solutions\/","og_site_name":"EM Security - D\u00e9tection d'intrustion, vid\u00e9osurveillance, d\u00e9tection d'incendie et plus","article_modified_time":"2019-08-12T14:53:22+00:00","twitter_card":"summary_large_image","twitter_misc":{"Dur\u00e9e de lecture estim\u00e9e":"4 minutes"},"schema":{"@context":"https:\/\/schema.org","@graph":[{"@type":"WebPage","@id":"https:\/\/www.emsecurity.be\/fr\/solutions\/","url":"https:\/\/www.emsecurity.be\/fr\/solutions\/","name":"D\u00e9tection d'intrusion, vid\u00e9ophonie, d\u00e9tection d'incendie etc - EM Security","isPartOf":{"@id":"https:\/\/www.emsecurity.be\/fr\/#website"},"datePublished":"2019-06-27T09:28:12+00:00","dateModified":"2019-08-12T14:53:22+00:00","description":"D\u00e9couvrez les solutions EM Security pour la d\u00e9tection d'intrusion, vid\u00e9osurveillance, d\u00e9tection d'incendie, vid\u00e9ophonie, enregistrement du temps etc.","breadcrumb":{"@id":"https:\/\/www.emsecurity.be\/fr\/solutions\/#breadcrumb"},"inLanguage":"fr-FR","potentialAction":[{"@type":"ReadAction","target":["https:\/\/www.emsecurity.be\/fr\/solutions\/"]}]},{"@type":"BreadcrumbList","@id":"https:\/\/www.emsecurity.be\/fr\/solutions\/#breadcrumb","itemListElement":[{"@type":"ListItem","position":1,"name":"Home","item":"https:\/\/www.emsecurity.be\/fr\/"},{"@type":"ListItem","position":2,"name":"Solutions"}]},{"@type":"WebSite","@id":"https:\/\/www.emsecurity.be\/fr\/#website","url":"https:\/\/www.emsecurity.be\/fr\/","name":"EM Security - D\u00e9tection d'intrustion, vid\u00e9osurveillance, d\u00e9tection d'incendie et plus","description":"Uw professionele gesprekspartner voor al uw vragen rond beveiliging","publisher":{"@id":"https:\/\/www.emsecurity.be\/fr\/#organization"},"potentialAction":[{"@type":"SearchAction","target":{"@type":"EntryPoint","urlTemplate":"https:\/\/www.emsecurity.be\/fr\/?s={search_term_string}"},"query-input":"required name=search_term_string"}],"inLanguage":"fr-FR"},{"@type":"Organization","@id":"https:\/\/www.emsecurity.be\/fr\/#organization","name":"EM Security","url":"https:\/\/www.emsecurity.be\/fr\/","logo":{"@type":"ImageObject","inLanguage":"fr-FR","@id":"https:\/\/www.emsecurity.be\/fr\/#\/schema\/logo\/image\/","url":"https:\/\/www.emsecurity.be\/wp-content\/uploads\/2019\/07\/Logo-positive-rgb_transparant.png","contentUrl":"https:\/\/www.emsecurity.be\/wp-content\/uploads\/2019\/07\/Logo-positive-rgb_transparant.png","width":851,"height":211,"caption":"EM Security"},"image":{"@id":"https:\/\/www.emsecurity.be\/fr\/#\/schema\/logo\/image\/"}}]}},"_links":{"self":[{"href":"https:\/\/www.emsecurity.be\/fr\/wp-json\/wp\/v2\/pages\/80"}],"collection":[{"href":"https:\/\/www.emsecurity.be\/fr\/wp-json\/wp\/v2\/pages"}],"about":[{"href":"https:\/\/www.emsecurity.be\/fr\/wp-json\/wp\/v2\/types\/page"}],"author":[{"embeddable":true,"href":"https:\/\/www.emsecurity.be\/fr\/wp-json\/wp\/v2\/users\/2"}],"replies":[{"embeddable":true,"href":"https:\/\/www.emsecurity.be\/fr\/wp-json\/wp\/v2\/comments?post=80"}],"version-history":[{"count":16,"href":"https:\/\/www.emsecurity.be\/fr\/wp-json\/wp\/v2\/pages\/80\/revisions"}],"predecessor-version":[{"id":598,"href":"https:\/\/www.emsecurity.be\/fr\/wp-json\/wp\/v2\/pages\/80\/revisions\/598"}],"wp:attachment":[{"href":"https:\/\/www.emsecurity.be\/fr\/wp-json\/wp\/v2\/media?parent=80"}],"curies":[{"name":"wp","href":"https:\/\/api.w.org\/{rel}","templated":true}]}}