{"id":88,"date":"2019-06-12T14:06:18","date_gmt":"2019-06-12T14:06:18","guid":{"rendered":"https:\/\/staging.emsecurity.be\/nuttige-links\/"},"modified":"2019-08-12T17:05:07","modified_gmt":"2019-08-12T15:05:07","slug":"infos-utiles","status":"publish","type":"page","link":"https:\/\/www.emsecurity.be\/fr\/infos-utiles\/","title":{"rendered":"Info utiles"},"content":{"rendered":"[vc_row][vc_column][vc_separator][\/vc_column][\/vc_row][vc_row][vc_column][vc_column_text]\n<h1>Informations utiles<\/h1>\n[\/vc_column_text][\/vc_column][\/vc_row][vc_row][vc_column width=\u00a0\u00bb1\/4&Prime;][vc_single_image image=\u00a0\u00bb305&Prime; css=\u00a0\u00bb.vc_custom_1561641612234{margin-top: 10px !important;}\u00a0\u00bb][\/vc_column][vc_column width=\u00a0\u00bb1\/4&Prime; css=\u00a0\u00bb.vc_custom_1561642158253{border-radius: 1px !important;}\u00a0\u00bb][vc_column_text]\n<h3>Liens utiles<\/h3>\n[\/vc_column_text]<div class=\"vc_custom_1561646457356 wpex-clr\"><a href=\"#nuttige-links\" class=\"vcex-button theme-button inline\"><span class=\"theme-button-inner\">Lisez plus<\/span><\/a><\/div> [\/vc_column][vc_column width=\u00a0\u00bb1\/4&Prime;][vc_single_image image=\u00a0\u00bb309&Prime; css=\u00a0\u00bb.vc_custom_1561641653914{margin-top: 10px !important;}\u00a0\u00bb][\/vc_column][vc_column width=\u00a0\u00bb1\/4&Prime;][vc_column_text]\n<h3>Enregistrement des biens de valeur<\/h3>\n[\/vc_column_text]<div class=\"vc_custom_1561646466462 wpex-clr\"><a href=\"#waardevolle-spullen\" class=\"vcex-button theme-button inline\"><span class=\"theme-button-inner\">Lisez plus<\/span><\/a><\/div> [\/vc_column][\/vc_row][vc_row][vc_column width=\u00a0\u00bb1\/4&Prime;][vc_single_image image=\u00a0\u00bb307&Prime; css=\u00a0\u00bb.vc_custom_1561641699473{margin-top: 10px !important;}\u00a0\u00bb][\/vc_column][vc_column width=\u00a0\u00bb1\/4&Prime;][vc_column_text]\n<h3>Enregistrement de votre syst\u00e8me d&rsquo;alarme<\/h3>\n[\/vc_column_text]<div class=\"vc_custom_1561646471861 wpex-clr\"><a href=\"#registratie-alarmsysteem\" class=\"vcex-button theme-button inline\"><span class=\"theme-button-inner\">Lisez plus<\/span><\/a><\/div> [\/vc_column][vc_column width=\u00a0\u00bb1\/4&Prime;][vc_single_image image=\u00a0\u00bb301&Prime; css=\u00a0\u00bb.vc_custom_1561641718691{margin-top: 10px !important;}\u00a0\u00bb][\/vc_column][vc_column width=\u00a0\u00bb1\/4&Prime;][vc_column_text]\n<h3>Explication sur la \u00ab\u00a0loi cameras\u00a0\u00bb<\/h3>\n[\/vc_column_text]<div class=\"vc_custom_1561646477354 wpex-clr\"><a href=\"#camerawet\" class=\"vcex-button theme-button inline\"><span class=\"theme-button-inner\">Lisez plus<\/span><\/a><\/div> [\/vc_column][\/vc_row][vc_row][vc_column width=\u00a0\u00bb1\/4&Prime;][vc_single_image image=\u00a0\u00bb311&Prime; css=\u00a0\u00bb.vc_custom_1561641744105{margin-top: 10px !important;}\u00a0\u00bb][\/vc_column][vc_column width=\u00a0\u00bb1\/4&Prime;][vc_column_text]\n<h3>D\u00e9tecteurs de fum\u00e9e \u00e0 domicile<\/h3>\n[\/vc_column_text]<div class=\"vc_custom_1565277685200 wpex-clr\"><a href=\"#detecteursfumee\" class=\"vcex-button theme-button inline\"><span class=\"theme-button-inner\">Lisez plus<\/span><\/a><\/div> [\/vc_column][vc_column width=\u00a0\u00bb1\/4&Prime;][vc_single_image image=\u00a0\u00bb313&Prime; css=\u00a0\u00bb.vc_custom_1561641777263{margin-top: 10px !important;}\u00a0\u00bb][\/vc_column][vc_column width=\u00a0\u00bb1\/4&Prime;][vc_column_text]\n<h3>S\u00e9curisation des \u00e9coles<\/h3>\n[\/vc_column_text]<div class=\"vc_custom_1561646488254 wpex-clr\"><a href=\"#beveiliging-scholen\" class=\"vcex-button theme-button inline\"><span class=\"theme-button-inner\">Lisez plus<\/span><\/a><\/div> [\/vc_column][\/vc_row][vc_row][vc_column width=\u00a0\u00bb1\/4&Prime;][vc_single_image image=\u00a0\u00bb303&Prime; css=\u00a0\u00bb.vc_custom_1561641801907{margin-top: 10px !important;}\u00a0\u00bb][\/vc_column][vc_column width=\u00a0\u00bb1\/4&Prime;][vc_column_text]\n<h3>Vol dans habitations<\/h3>\n[\/vc_column_text]<div class=\"vc_custom_1561646493270 wpex-clr\"><a href=\"#diefstal-woningen\" class=\"vcex-button theme-button inline\"><span class=\"theme-button-inner\">Lisez plus<\/span><\/a><\/div> [\/vc_column][\/vc_row][vc_row el_id=\u00a0\u00bbnuttige-links\u00a0\u00bb][vc_column][vc_column_text]\n<h2>Liens utiles<\/h2>\n<ul>\n<li><a href=\"https:\/\/www.besafe.be\/fr\" target=\"_blank\" rel=\"noopener noreferrer\">BeSafe<\/a><\/li>\n<li><a href=\"http:\/\/www.veiligewoning.be\/index_fr.html\" target=\"_blank\" rel=\"noopener noreferrer\">Habiter en s\u00e9curit\u00e9<\/a><\/li>\n<li><a href=\"http:\/\/finances.belgium.be\/fr\/particuliers\/avantages_fiscaux\/protection_vol_incendie\/\" target=\"_blank\" rel=\"noopener noreferrer\">Protection Vol &amp; Incendie<\/a><\/li>\n<li><a href=\"http:\/\/www.nejouezpasaveclefeu.be\/\" target=\"_blank\" rel=\"noopener noreferrer\">Nejouezpasaveclefeu.be<\/a><\/li>\n<li><a href=\"https:\/\/vigilis.ibz.be\/Pages\/Home.aspx?pageid=home&amp;culture=fr\" target=\"_blank\" rel=\"noopener noreferrer\">Vigilis.ibz.be<\/a><\/li>\n<li><a href=\"http:\/\/www.pasdincendiechezmoi.be\/\" target=\"_blank\" rel=\"noopener noreferrer\">pasdincendiechezmoi.Be<\/a><\/li>\n<\/ul>\n[\/vc_column_text][\/vc_column][\/vc_row][vc_row el_id=\u00a0\u00bbwaardevolle-spullen\u00a0\u00bb][vc_column][vc_column_text]\n<h2>Enregistrement des biens de valeur<\/h2>\n<p>Lorsque vous \u00eates victime d&rsquo;un vol, il est important que vous puissiez d\u00e9crire pr\u00e9cis\u00e9ment \u00e0 la police les biens qui vous ont \u00e9t\u00e9 d\u00e9rob\u00e9s. C&rsquo;est la raison pour laquelle nous vous recommandons de marquer, enregistrer et photographier vos biens de valeur.<\/p>\n<p>Vous trouverez <a href=\"https:\/\/www.emsecurity.be\/fr\/save-your-pictures-formulaire-d-enregistrement-pour-objets-2\/\" target=\"_blank\" rel=\"noopener noreferrer\">ici<\/a>\u00a0un formulaire d&rsquo;enregistrement de vos biens de valeur.[\/vc_column_text][\/vc_column][\/vc_row][vc_row el_id=\u00a0\u00bbregistratie-alarmsysteem\u00a0\u00bb][vc_column][vc_column_text]\n<h2>Enregistrement de votre syst\u00e8me d&rsquo;alarme<\/h2>\n<p>Quiconque utilise un syst\u00e8me d&rsquo;alarme doit le signaler au point de contact des syst\u00e8mes d&rsquo;alarme. Cette base de donn\u00e9es est g\u00e9r\u00e9e par le SPF int\u00e9rieur. Elle est consultable par toutes les zones de police. Ainsi, les services de police disposent de toutes les informations n\u00e9cessaires lorsqu&rsquo;ils se sont d\u00e9p\u00each\u00e9s sur place \u00e0 la suite d&rsquo;une notification d&rsquo;alarme.<\/p>\n<p>L&rsquo;utilisateur qui a raccord\u00e9 son alarme \u00e0 une centrale d&rsquo;alarme ne doit rien faire. Ce dernier proc\u00e8de en effet \u00e0 l&rsquo;enregistrement du syst\u00e8me pour ses clients.<\/p>\n<p>Votre installation d&rsquo;alarme n&rsquo;est pas reli\u00e9e \u00e0 une centrale d&rsquo;alarme ? Vous devez alors vous-m\u00eame enregistrer votre syst\u00e8me par le biais du guichet \u00e9lectronique www.police-on-web.be.<\/p>\n<p>Vous trouverez de plus amples informations sur:<\/p>\n<ul>\n<li><a href=\"http:\/\/www.police-on-web.be\/\" target=\"_blank\" rel=\"noopener noreferrer\">www.police-on-web.be<\/a><\/li>\n<li><a href=\"https:\/\/www.emsecurity.be\/wp-content\/uploads\/2019\/06\/wetgeving-KB_25042007_alarmen.pdf\" target=\"_blank\" rel=\"noopener noreferrer\">AR 25 avril 2007<\/a><\/li>\n<\/ul>\n[\/vc_column_text][\/vc_column][\/vc_row][vc_row el_id=\u00a0\u00bbcamerawet\u00a0\u00bb][vc_column][vc_column_text]\n<h2>Explication sur la \u00ab\u00a0loi cam\u00e9ras\u00a0\u00bb<\/h2>\n<p>Si vous installez une cam\u00e9ra de surveillance, vous devez la d\u00e9clarer aupr\u00e8s de la Commission de la protection de la vie priv\u00e9e et apposer des pictogrammes. Les r\u00e8gles et directives varient en fonction de l&rsquo;endroit o\u00f9 les cam\u00e9ras ont \u00e9t\u00e9 plac\u00e9es (lieux ouverts, lieux ferm\u00e9s accessibles au public, lieux ferm\u00e9s non accessibles au public, etc.). Pour obtenir des informations plus pr\u00e9cises, veuillez consulter le site web de <a href=\"https:\/\/www.autoriteprotectiondonnees.be\/\" target=\"_blank\" rel=\"noopener noreferrer\">autoriteprotectiondonnees.be<\/a>\u00a0ou EM SECURITY.<\/p>\n<p>Il existe une seule exception \u00e0 l&rsquo;obligation de d\u00e9claration. Vous ne devez pas faire de d\u00e9claration lorsque vous installez une cam\u00e9ra de surveillance dans un lieu qui n&rsquo;est pas accessible au public et qui ne sert qu&rsquo;\u00e0 des fins personnelles ou domestiques, donc dans votre propre habitation. En d\u2019autres termes, si vous installez une cam\u00e9ra de surveillance sur la fa\u00e7ade ext\u00e9rieure de votre maison ou dans votre jardin, il faudra effectivement introduire une d\u00e9claration puisque la cam\u00e9ra ne sera pas install\u00e9e \u00e0 l\u2019int\u00e9rieur de votre maison.<\/p>\n<p>En ce qui concerne les cam\u00e9ras de surveillance sur les lieux de travail surveill\u00e9s, la d\u00e9claration doit \u00e9galement \u00eatre introduite par le biais du <a href=\"https:\/\/eloket.privacycommission.be\/elg\/cameraMain.htm?siteLanguage=fr\" target=\"_blank\" rel=\"noopener noreferrer\">guichet \u00e9lectronique de la Commission de la protection de la vie priv\u00e9e<\/a>.<\/p>\n<p>Vous devez effectuer la d\u00e9claration au plus tard la veille de la mise en service de la cam\u00e9ra de surveillance.<\/p>\n<p>Une d\u00e9claration th\u00e9matique de vid\u00e9osurveillance ne peut \u00eatre introduite que par la voie \u00e9lectronique. Une contribution de 25 euros est due pour chaque nouvelle d\u00e9claration. Une d\u00e9claration existante peut \u00eatre modifi\u00e9e ou supprim\u00e9e ult\u00e9rieurement. Une modification est soumise au paiement d&rsquo;une contribution de 20 euros.<\/p>\n<p><strong>Vous trouverez de plus amples informations sur:<\/strong><\/p>\n<ul>\n<li><a href=\"https:\/\/www.autoriteprotectiondonnees.be\/cameras-0\" target=\"_blank\" rel=\"noopener noreferrer\">Autorit\u00e9 de protection des donn\u00e9es<\/a><\/li>\n<li><a href=\"https:\/\/www.emsecurity.be\/wp-content\/uploads\/2019\/06\/wetgeving_pictogram_ARpictogramme-versioncoordonnee_0.pdf\" target=\"_blank\" rel=\"noopener noreferrer\">AR Pictogrammes de cam\u00e9ras de surveillance<\/a><\/li>\n<li><a href=\"https:\/\/www.emsecurity.be\/wp-content\/uploads\/2019\/06\/wetgeving_pictogram_ARpictogramme-versioncoordonnee_0.pdf\">AR D\u00e9clarations d\u2019installation et d&rsquo;utilisation de cam\u00e9ras de surveillance<\/a><\/li>\n<li><a href=\"https:\/\/www.emsecurity.be\/wp-content\/uploads\/2019\/06\/wetgeving_pictogram_ARpictogramme-versioncoordonnee_0.pdf\">Loi 21\/3\/2007 &#8211; l\u2019installation et l\u2019utilisation de cam\u00e9ras de surveillance<\/a><\/li>\n<\/ul>\n[\/vc_column_text][\/vc_column][\/vc_row][vc_row el_id=\u00a0\u00bbdetecteursfumee\u00a0\u00bb][vc_column width=\u00a0\u00bb2\/3&Prime;][vc_column_text]\n<h2>D\u00e9tecteurs de fum\u00e9e \u00e0 domicile<\/h2>\n<p>En Belgique, les incendies domestiques font \u00e9norm\u00e9ment de victimes. Selon des chiffres publi\u00e9s par BOSEC, environ 13.000 incendies se d\u00e9clarent chaque ann\u00e9e, dont 46 % dans des habitations priv\u00e9es. Ces incendies co\u00fbtent la vie \u00e0 plus de 100 personnes par an et font d&rsquo;innombrables bless\u00e9s. En outre, force est de constater depuis plusieurs ann\u00e9es que les incendies se propagent plus rapidement que par le pass\u00e9. En encourageant le citoyen \u00e0 installer suffisamment de d\u00e9tecteurs de fum\u00e9e et \u00e0 pr\u00e9voir un plan d\u2019\u00e9vacuation, nous pourrons tous ensemble sauver des vies.[\/vc_column_text][vc_column_text]Voici quelques directives de base:<\/p>\n<ol>\n<li>Placez un d\u00e9tecteur de fum\u00e9e dans chaque pi\u00e8ce.<\/li>\n<li>Dans la salle de bains, la cuisine et le garage, les risques de fausses alertes sont trop \u00e9lev\u00e9s. Pr\u00e9voyez donc un d\u00e9tecteur de fum\u00e9e dans les pi\u00e8ces adjacentes. Une autre possibilit\u00e9 consiste \u00e0 utiliser les d\u00e9tecteurs de chaleur ad\u00e9quats.<\/li>\n<li>Installez les d\u00e9tecteurs de fum\u00e9e selon les prescriptions du fabricant.<\/li>\n<li>Testez les d\u00e9tecteurs de fum\u00e9e une fois par mois en pressant sur le bouton-test.<\/li>\n<li>D\u00e9poussi\u00e9rez r\u00e9guli\u00e8rement les d\u00e9tecteurs de fum\u00e9e.<\/li>\n<li>Remplacez les d\u00e9tecteurs de fum\u00e9e tous les 10 ans.<\/li>\n<li>\u00c9laborez un plan d\u2019\u00e9vacuation. En cas d\u2019incendie, vous ne disposez en effet que de 3 minutes pour \u00e9vacuer les lieux.<\/li>\n<\/ol>\n[\/vc_column_text][\/vc_column][vc_column width=\u00a0\u00bb1\/3&Prime;][vc_single_image image=\u00a0\u00bb397&Prime; img_size=\u00a0\u00bblarge\u00a0\u00bb][\/vc_column][\/vc_row][vc_row el_id=\u00a0\u00bbbeveiliging-scholen\u00a0\u00bb][vc_column][vc_column_text]\n<h2>S\u00e9curisation des \u00e9coles<\/h2>\n<p>Pr\u00e9vention des cambriolages, vols et actes de vandalisme.<\/p>\n<p>En 2007-2008, notre direction a mis au point le plan d\u2019action \u00ab\u00a0S\u00e9curisation des \u00e9coles \u00bb dans le cadre de la probl\u00e9matique des \u00ab\u00a0vols avec effraction \u00bb en milieu scolaire. Initialement, ce plan d\u2019action portait surtout sur la s\u00e9curisation physique et les directives relatives notamment \u00e0 l\u2019\u00e9laboration de proc\u00e9dures de gestion des cl\u00e9s, de fermeture et d\u2019accueil des visiteurs.<\/p>\n<p>Pour ce faire, une collaboration a \u00e9t\u00e9 mise en place avec les autorit\u00e9s r\u00e9gionales comp\u00e9tentes ainsi qu\u2019avec les conseillers en pr\u00e9vention vol. Cette collaboration a d\u00e9bouch\u00e9 sur le\u00a0<strong>manuel \u00ab\u00a0S\u00e9curisation des \u00e9coles : pr\u00e9vention des cambriolages, vols et actes de vandalisme\u00a0\u00bb<\/strong>. Pour la diffusion de ce manuel, diff\u00e9rentes zones de police et communes ont pris l\u2019initiative de s\u2019adresser aux \u00e9coles pr\u00e9sentes sur leur territoire et de mettre leur expertise \u00e0 disposition.<\/p>\n<p><strong>Ce manuel peut \u00eatre t\u00e9l\u00e9charg\u00e9 en <a href=\"http:\/\/besafe.jdbi.eu\/fr\/base-de-connaissance\/manuel-s-curisation-coles\" target=\"_blank\" rel=\"noopener noreferrer\">cliquant ici<\/a>.<\/strong>[\/vc_column_text][\/vc_column][\/vc_row][vc_row el_id=\u00a0\u00bbdiefstal-woningen\u00a0\u00bb][vc_column][vc_column_text]\n<h2>Vols dans habitations<\/h2>\n<p>Le 21 octobre 2013, le SPF Int\u00e9rieur, plus pr\u00e9cis\u00e9ment la Direction g\u00e9n\u00e9rale S\u00e9curit\u00e9 et Pr\u00e9vention, organisait les premiers \u00c9tats g\u00e9n\u00e9raux sur le th\u00e8me des vols dans les habitations, avec pour objectif le d\u00e9veloppement d\u2019une nouvelle vision int\u00e9gr\u00e9e en vue du contr\u00f4le de ce ph\u00e9nom\u00e8ne.<\/p>\n<p>Le taux de participation aux \u00c9tats g\u00e9n\u00e9raux (150 participants issus du secteur priv\u00e9, de la police, des autorit\u00e9s provinciales, de la justice, de la pr\u00e9vention et du monde acad\u00e9mique) indique clairement qu\u2019il existe un int\u00e9r\u00eat pour la probl\u00e9matique ainsi qu\u2019un besoin de nouvelles id\u00e9es.<\/p>\n<p><strong>Vous trouverez de plus amples informations <a href=\"http:\/\/besafe.jdbi.eu\/fr\/base-de-connaissance\/vols-habitations\" target=\"_blank\" rel=\"noopener noreferrer\">ici<\/a>.<\/strong>[\/vc_column_text][\/vc_column][\/vc_row]\n<!-- AddThis Advanced Settings generic via filter on the_content --><!-- AddThis Share Buttons generic via filter on the_content -->","protected":false},"excerpt":{"rendered":"<p>[vc_row][vc_column][vc_separator][\/vc_column][\/vc_row][vc_row][vc_column][vc_column_text] Informations utiles [\/vc_column_text][\/vc_column][\/vc_row][vc_row][vc_column width=\u00a0\u00bb1\/4&Prime;][vc_single_image image=\u00a0\u00bb305&Prime; css=\u00a0\u00bb.vc_custom_1561641612234{margin-top: 10px !important;}\u00a0\u00bb][\/vc_column][vc_column width=\u00a0\u00bb1\/4&Prime; css=\u00a0\u00bb.vc_custom_1561642158253{border-radius: 1px !important;}\u00a0\u00bb][vc_column_text] Liens utiles [\/vc_column_text][\/vc_column][vc_column width=\u00a0\u00bb1\/4&Prime;][vc_single_image image=\u00a0\u00bb309&Prime; css=\u00a0\u00bb.vc_custom_1561641653914{margin-top: 10px !important;}\u00a0\u00bb][\/vc_column][vc_column width=\u00a0\u00bb1\/4&Prime;][vc_column_text] Enregistrement des biens de valeur [\/vc_column_text][\/vc_column][\/vc_row][vc_row][vc_column width=\u00a0\u00bb1\/4&Prime;][vc_single_image image=\u00a0\u00bb307&Prime; css=\u00a0\u00bb.vc_custom_1561641699473{margin-top: 10px !important;}\u00a0\u00bb][\/vc_column][vc_column width=\u00a0\u00bb1\/4&Prime;][vc_column_text] Enregistrement de votre syst\u00e8me d&rsquo;alarme [\/vc_column_text][\/vc_column][vc_column width=\u00a0\u00bb1\/4&Prime;][vc_single_image image=\u00a0\u00bb301&Prime; css=\u00a0\u00bb.vc_custom_1561641718691{margin-top: 10px !important;}\u00a0\u00bb][\/vc_column][vc_column width=\u00a0\u00bb1\/4&Prime;][vc_column_text] Explication sur la \u00ab\u00a0loi cameras\u00a0\u00bb [\/vc_column_text][\/vc_column][\/vc_row][vc_row][vc_column width=\u00a0\u00bb1\/4&Prime;][vc_single_image image=\u00a0\u00bb311&Prime; css=\u00a0\u00bb.vc_custom_1561641744105{margin-top:&hellip;<!-- AddThis Advanced Settings generic via filter on get_the_excerpt --><!-- AddThis Share Buttons generic via filter on get_the_excerpt --><\/p>\n","protected":false},"author":2,"featured_media":0,"parent":0,"menu_order":0,"comment_status":"closed","ping_status":"closed","template":"","meta":[],"yoast_head":"<!-- This site is optimized with the Yoast SEO plugin v20.9 - https:\/\/yoast.com\/wordpress\/plugins\/seo\/ -->\n<title>Informations utiles d\u00e9tection d&#039;incendie &amp; cam\u00e9rasurveillance - EM Security<\/title>\n<meta name=\"description\" content=\"Que devez-vous savoir lorsque vous installez des d\u00e9tecteurs de fum\u00e9e, vous s\u00e9curisez les \u00e9coles ou enregistrez votre syst\u00e8me d&#039;alarme ? D\u00e9couvrez-le ici.\" \/>\n<meta name=\"robots\" content=\"index, follow, max-snippet:-1, max-image-preview:large, max-video-preview:-1\" \/>\n<link rel=\"canonical\" href=\"https:\/\/www.emsecurity.be\/fr\/infos-utiles\/\" \/>\n<meta property=\"og:locale\" content=\"fr_FR\" \/>\n<meta property=\"og:type\" content=\"article\" \/>\n<meta property=\"og:title\" content=\"Informations utiles d\u00e9tection d&#039;incendie &amp; cam\u00e9rasurveillance - EM Security\" \/>\n<meta property=\"og:description\" content=\"Que devez-vous savoir lorsque vous installez des d\u00e9tecteurs de fum\u00e9e, vous s\u00e9curisez les \u00e9coles ou enregistrez votre syst\u00e8me d&#039;alarme ? D\u00e9couvrez-le ici.\" \/>\n<meta property=\"og:url\" content=\"https:\/\/www.emsecurity.be\/fr\/infos-utiles\/\" \/>\n<meta property=\"og:site_name\" content=\"EM Security - D\u00e9tection d&#039;intrustion, vid\u00e9osurveillance, d\u00e9tection d&#039;incendie et plus\" \/>\n<meta property=\"article:modified_time\" content=\"2019-08-12T15:05:07+00:00\" \/>\n<meta name=\"twitter:card\" content=\"summary_large_image\" \/>\n<meta name=\"twitter:label1\" content=\"Dur\u00e9e de lecture estim\u00e9e\" \/>\n\t<meta name=\"twitter:data1\" content=\"8 minutes\" \/>\n<script type=\"application\/ld+json\" class=\"yoast-schema-graph\">{\"@context\":\"https:\/\/schema.org\",\"@graph\":[{\"@type\":\"WebPage\",\"@id\":\"https:\/\/www.emsecurity.be\/fr\/infos-utiles\/\",\"url\":\"https:\/\/www.emsecurity.be\/fr\/infos-utiles\/\",\"name\":\"Informations utiles d\u00e9tection d'incendie & cam\u00e9rasurveillance - EM Security\",\"isPartOf\":{\"@id\":\"https:\/\/www.emsecurity.be\/fr\/#website\"},\"datePublished\":\"2019-06-12T14:06:18+00:00\",\"dateModified\":\"2019-08-12T15:05:07+00:00\",\"description\":\"Que devez-vous savoir lorsque vous installez des d\u00e9tecteurs de fum\u00e9e, vous s\u00e9curisez les \u00e9coles ou enregistrez votre syst\u00e8me d'alarme ? D\u00e9couvrez-le ici.\",\"breadcrumb\":{\"@id\":\"https:\/\/www.emsecurity.be\/fr\/infos-utiles\/#breadcrumb\"},\"inLanguage\":\"fr-FR\",\"potentialAction\":[{\"@type\":\"ReadAction\",\"target\":[\"https:\/\/www.emsecurity.be\/fr\/infos-utiles\/\"]}]},{\"@type\":\"BreadcrumbList\",\"@id\":\"https:\/\/www.emsecurity.be\/fr\/infos-utiles\/#breadcrumb\",\"itemListElement\":[{\"@type\":\"ListItem\",\"position\":1,\"name\":\"Home\",\"item\":\"https:\/\/www.emsecurity.be\/fr\/\"},{\"@type\":\"ListItem\",\"position\":2,\"name\":\"Info utiles\"}]},{\"@type\":\"WebSite\",\"@id\":\"https:\/\/www.emsecurity.be\/fr\/#website\",\"url\":\"https:\/\/www.emsecurity.be\/fr\/\",\"name\":\"EM Security - D\u00e9tection d'intrustion, vid\u00e9osurveillance, d\u00e9tection d'incendie et plus\",\"description\":\"Uw professionele gesprekspartner voor al uw vragen rond beveiliging\",\"publisher\":{\"@id\":\"https:\/\/www.emsecurity.be\/fr\/#organization\"},\"potentialAction\":[{\"@type\":\"SearchAction\",\"target\":{\"@type\":\"EntryPoint\",\"urlTemplate\":\"https:\/\/www.emsecurity.be\/fr\/?s={search_term_string}\"},\"query-input\":\"required name=search_term_string\"}],\"inLanguage\":\"fr-FR\"},{\"@type\":\"Organization\",\"@id\":\"https:\/\/www.emsecurity.be\/fr\/#organization\",\"name\":\"EM Security\",\"url\":\"https:\/\/www.emsecurity.be\/fr\/\",\"logo\":{\"@type\":\"ImageObject\",\"inLanguage\":\"fr-FR\",\"@id\":\"https:\/\/www.emsecurity.be\/fr\/#\/schema\/logo\/image\/\",\"url\":\"https:\/\/www.emsecurity.be\/wp-content\/uploads\/2019\/07\/Logo-positive-rgb_transparant.png\",\"contentUrl\":\"https:\/\/www.emsecurity.be\/wp-content\/uploads\/2019\/07\/Logo-positive-rgb_transparant.png\",\"width\":851,\"height\":211,\"caption\":\"EM Security\"},\"image\":{\"@id\":\"https:\/\/www.emsecurity.be\/fr\/#\/schema\/logo\/image\/\"}}]}<\/script>\n<!-- \/ Yoast SEO plugin. -->","yoast_head_json":{"title":"Informations utiles d\u00e9tection d'incendie & cam\u00e9rasurveillance - EM Security","description":"Que devez-vous savoir lorsque vous installez des d\u00e9tecteurs de fum\u00e9e, vous s\u00e9curisez les \u00e9coles ou enregistrez votre syst\u00e8me d'alarme ? D\u00e9couvrez-le ici.","robots":{"index":"index","follow":"follow","max-snippet":"max-snippet:-1","max-image-preview":"max-image-preview:large","max-video-preview":"max-video-preview:-1"},"canonical":"https:\/\/www.emsecurity.be\/fr\/infos-utiles\/","og_locale":"fr_FR","og_type":"article","og_title":"Informations utiles d\u00e9tection d'incendie & cam\u00e9rasurveillance - EM Security","og_description":"Que devez-vous savoir lorsque vous installez des d\u00e9tecteurs de fum\u00e9e, vous s\u00e9curisez les \u00e9coles ou enregistrez votre syst\u00e8me d'alarme ? D\u00e9couvrez-le ici.","og_url":"https:\/\/www.emsecurity.be\/fr\/infos-utiles\/","og_site_name":"EM Security - D\u00e9tection d'intrustion, vid\u00e9osurveillance, d\u00e9tection d'incendie et plus","article_modified_time":"2019-08-12T15:05:07+00:00","twitter_card":"summary_large_image","twitter_misc":{"Dur\u00e9e de lecture estim\u00e9e":"8 minutes"},"schema":{"@context":"https:\/\/schema.org","@graph":[{"@type":"WebPage","@id":"https:\/\/www.emsecurity.be\/fr\/infos-utiles\/","url":"https:\/\/www.emsecurity.be\/fr\/infos-utiles\/","name":"Informations utiles d\u00e9tection d'incendie & cam\u00e9rasurveillance - EM Security","isPartOf":{"@id":"https:\/\/www.emsecurity.be\/fr\/#website"},"datePublished":"2019-06-12T14:06:18+00:00","dateModified":"2019-08-12T15:05:07+00:00","description":"Que devez-vous savoir lorsque vous installez des d\u00e9tecteurs de fum\u00e9e, vous s\u00e9curisez les \u00e9coles ou enregistrez votre syst\u00e8me d'alarme ? D\u00e9couvrez-le ici.","breadcrumb":{"@id":"https:\/\/www.emsecurity.be\/fr\/infos-utiles\/#breadcrumb"},"inLanguage":"fr-FR","potentialAction":[{"@type":"ReadAction","target":["https:\/\/www.emsecurity.be\/fr\/infos-utiles\/"]}]},{"@type":"BreadcrumbList","@id":"https:\/\/www.emsecurity.be\/fr\/infos-utiles\/#breadcrumb","itemListElement":[{"@type":"ListItem","position":1,"name":"Home","item":"https:\/\/www.emsecurity.be\/fr\/"},{"@type":"ListItem","position":2,"name":"Info utiles"}]},{"@type":"WebSite","@id":"https:\/\/www.emsecurity.be\/fr\/#website","url":"https:\/\/www.emsecurity.be\/fr\/","name":"EM Security - D\u00e9tection d'intrustion, vid\u00e9osurveillance, d\u00e9tection d'incendie et plus","description":"Uw professionele gesprekspartner voor al uw vragen rond beveiliging","publisher":{"@id":"https:\/\/www.emsecurity.be\/fr\/#organization"},"potentialAction":[{"@type":"SearchAction","target":{"@type":"EntryPoint","urlTemplate":"https:\/\/www.emsecurity.be\/fr\/?s={search_term_string}"},"query-input":"required name=search_term_string"}],"inLanguage":"fr-FR"},{"@type":"Organization","@id":"https:\/\/www.emsecurity.be\/fr\/#organization","name":"EM Security","url":"https:\/\/www.emsecurity.be\/fr\/","logo":{"@type":"ImageObject","inLanguage":"fr-FR","@id":"https:\/\/www.emsecurity.be\/fr\/#\/schema\/logo\/image\/","url":"https:\/\/www.emsecurity.be\/wp-content\/uploads\/2019\/07\/Logo-positive-rgb_transparant.png","contentUrl":"https:\/\/www.emsecurity.be\/wp-content\/uploads\/2019\/07\/Logo-positive-rgb_transparant.png","width":851,"height":211,"caption":"EM Security"},"image":{"@id":"https:\/\/www.emsecurity.be\/fr\/#\/schema\/logo\/image\/"}}]}},"_links":{"self":[{"href":"https:\/\/www.emsecurity.be\/fr\/wp-json\/wp\/v2\/pages\/88"}],"collection":[{"href":"https:\/\/www.emsecurity.be\/fr\/wp-json\/wp\/v2\/pages"}],"about":[{"href":"https:\/\/www.emsecurity.be\/fr\/wp-json\/wp\/v2\/types\/page"}],"author":[{"embeddable":true,"href":"https:\/\/www.emsecurity.be\/fr\/wp-json\/wp\/v2\/users\/2"}],"replies":[{"embeddable":true,"href":"https:\/\/www.emsecurity.be\/fr\/wp-json\/wp\/v2\/comments?post=88"}],"version-history":[{"count":29,"href":"https:\/\/www.emsecurity.be\/fr\/wp-json\/wp\/v2\/pages\/88\/revisions"}],"predecessor-version":[{"id":712,"href":"https:\/\/www.emsecurity.be\/fr\/wp-json\/wp\/v2\/pages\/88\/revisions\/712"}],"wp:attachment":[{"href":"https:\/\/www.emsecurity.be\/fr\/wp-json\/wp\/v2\/media?parent=88"}],"curies":[{"name":"wp","href":"https:\/\/api.w.org\/{rel}","templated":true}]}}