{"id":92,"date":"2019-06-12T14:07:23","date_gmt":"2019-06-12T14:07:23","guid":{"rendered":"https:\/\/staging.emsecurity.be\/partners\/"},"modified":"2019-08-12T17:08:39","modified_gmt":"2019-08-12T15:08:39","slug":"partenaires","status":"publish","type":"page","link":"https:\/\/www.emsecurity.be\/fr\/partenaires\/","title":{"rendered":"Partenaires"},"content":{"rendered":"[vc_row][vc_column][vc_separator][\/vc_column][\/vc_row][vc_row][vc_column][vc_column_text]\n<h1>Nos partenaires<\/h1>\n[\/vc_column_text][\/vc_column][\/vc_row][vc_row][vc_column width=\u00a0\u00bb1\/4&Prime;][vc_single_image image=\u00a0\u00bb386&Prime; css=\u00a0\u00bb.vc_custom_1561648678146{margin-top: 10px !important;}\u00a0\u00bb][\/vc_column][vc_column width=\u00a0\u00bb1\/4&Prime;][vc_column_text]\n<h3>Securitas Alert Services<\/h3>\n<p>Services de s\u00e9curit\u00e9[\/vc_column_text]<div class=\"vc_custom_1565277736157 wpex-clr\"><a href=\"https:\/\/www.securitas.be\/fr-BE\/\" class=\"vcex-button theme-button inline\" target=\"_blank\" rel=\"noopener noreferrer\"><span class=\"theme-button-inner\">Visitez le site web<\/span><\/a><\/div> [\/vc_column][vc_column width=\u00a0\u00bb1\/4&Prime;][vc_single_image image=\u00a0\u00bb378&Prime; css=\u00a0\u00bb.vc_custom_1561648943953{margin-top: 10px !important;}\u00a0\u00bb][\/vc_column][vc_column width=\u00a0\u00bb1\/4&Prime;][vc_column_text]\n<h3>Dotsys<\/h3>\n<p>Enregistrement du temps[\/vc_column_text]<div class=\"vc_custom_1565278056813 wpex-clr\"><a href=\"https:\/\/dotsys.eu\/fr\/\" class=\"vcex-button theme-button inline\" target=\"_blank\" rel=\"noopener noreferrer\"><span class=\"theme-button-inner\">Visitez le site web<\/span><\/a><\/div> [\/vc_column][\/vc_row][vc_row][vc_column width=\u00a0\u00bb1\/4&Prime;][vc_single_image image=\u00a0\u00bb384&Prime; css=\u00a0\u00bb.vc_custom_1561648970597{margin-top: 10px !important;}\u00a0\u00bb][\/vc_column][vc_column width=\u00a0\u00bb1\/4&Prime;][vc_column_text]\n<h3>Risco Group<\/h3>\n<p>Syst\u00e8mes d&rsquo;alarmes[\/vc_column_text]<div class=\"vc_custom_1565277803279 wpex-clr\"><a href=\"https:\/\/www.riscogroup.com\/belgium-fr\" class=\"vcex-button theme-button inline\" target=\"_blank\" rel=\"noopener noreferrer\"><span class=\"theme-button-inner\">Visitez le site web<\/span><\/a><\/div> [\/vc_column][vc_column width=\u00a0\u00bb1\/4&Prime;][vc_single_image image=\u00a0\u00bb394&Prime; css=\u00a0\u00bb.vc_custom_1561648992012{margin-top: 10px !important;}\u00a0\u00bb][\/vc_column][vc_column width=\u00a0\u00bb1\/4&Prime;][vc_column_text]\n<h3>Topguard<\/h3>\n<p>S\u00e9curisation p\u00e9rim\u00e9trique[\/vc_column_text]<div class=\"vc_custom_1565278094898 wpex-clr\"><a href=\"https:\/\/www.topguard.nl\/en\/\" class=\"vcex-button theme-button inline\" target=\"_blank\" rel=\"noopener noreferrer\"><span class=\"theme-button-inner\">Visitez le site web<\/span><\/a><\/div> [\/vc_column][\/vc_row][vc_row][vc_column width=\u00a0\u00bb1\/4&Prime;][vc_single_image image=\u00a0\u00bb390&Prime; css=\u00a0\u00bb.vc_custom_1561649093767{margin-top: 10px !important;}\u00a0\u00bb][\/vc_column][vc_column width=\u00a0\u00bb1\/4&Prime;][vc_column_text]\n<h3>Smokecloak<\/h3>\n<p>G\u00e9n\u00e9rateurs de brouillard[\/vc_column_text]<div class=\"vc_custom_1565277870013 wpex-clr\"><a href=\"http:\/\/www.smokecloak.be\/index-fr.html\" class=\"vcex-button theme-button inline\" target=\"_blank\" rel=\"noopener noreferrer\"><span class=\"theme-button-inner\">Visitez le site web<\/span><\/a><\/div> [\/vc_column][vc_column width=\u00a0\u00bb1\/4&Prime;][vc_single_image image=\u00a0\u00bb380&Prime; css=\u00a0\u00bb.vc_custom_1561649156862{margin-top: 10px !important;}\u00a0\u00bb][\/vc_column][vc_column width=\u00a0\u00bb1\/4&Prime;][vc_column_text]\n<h3>Milestone<\/h3>\n<p>Logiciel de vid\u00e9o[\/vc_column_text]<div class=\"vc_custom_1565278120843 wpex-clr\"><a href=\"https:\/\/www.milestonesys.com\/fr\/\" class=\"vcex-button theme-button inline\" target=\"_blank\" rel=\"noopener noreferrer\"><span class=\"theme-button-inner\">Visitez le site web<\/span><\/a><\/div> [\/vc_column][\/vc_row][vc_row][vc_column width=\u00a0\u00bb1\/4&Prime;][vc_single_image image=\u00a0\u00bb392&Prime; css=\u00a0\u00bb.vc_custom_1561649212761{margin-top: 10px !important;}\u00a0\u00bb][\/vc_column][vc_column width=\u00a0\u00bb1\/4&Prime;][vc_column_text]\n<h3>STT Condigi<\/h3>\n<p>Health Care[\/vc_column_text][\/vc_column][vc_column width=\u00a0\u00bb1\/4&Prime;][vc_single_image image=\u00a0\u00bb382&Prime; css=\u00a0\u00bb.vc_custom_1561649275306{margin-top: 10px !important;}\u00a0\u00bb][\/vc_column][vc_column width=\u00a0\u00bb1\/4&Prime;][vc_column_text]\n<h3>Mobotix<\/h3>\n<p>Cameras IP[\/vc_column_text]<div class=\"vc_custom_1565278147017 wpex-clr\"><a href=\"https:\/\/www.mobotix.com\/fr\" class=\"vcex-button theme-button inline\" target=\"_blank\" rel=\"noopener noreferrer\"><span class=\"theme-button-inner\">Visitez le site web<\/span><\/a><\/div> [\/vc_column][\/vc_row][vc_row][vc_column width=\u00a0\u00bb1\/4&Prime;][vc_single_image image=\u00a0\u00bb396&Prime; css=\u00a0\u00bb.vc_custom_1561649335547{margin-top: 10px !important;}\u00a0\u00bb][\/vc_column][vc_column width=\u00a0\u00bb1\/4&Prime;][vc_column_text]\n<h3>UTC Fire &amp; Security<\/h3>\n<p>Mat\u00e9riaux de s\u00e9curit\u00e9[\/vc_column_text]<div class=\"vc_custom_1565277962040 wpex-clr\"><a href=\"http:\/\/utcfssecurityproducts.eu\/\" class=\"vcex-button theme-button inline\" target=\"_blank\" rel=\"noopener noreferrer\"><span class=\"theme-button-inner\">Visitez le site web<\/span><\/a><\/div> [\/vc_column][vc_column width=\u00a0\u00bb1\/4&Prime;][vc_single_image image=\u00a0\u00bb388&Prime; css=\u00a0\u00bb.vc_custom_1561649397925{margin-top: 10px !important;}\u00a0\u00bb][\/vc_column][vc_column width=\u00a0\u00bb1\/4&Prime;][vc_column_text]\n<h3>Smartwares Security<\/h3>\n<p>Mat\u00e9riaux de s\u00e9curit\u00e9[\/vc_column_text]<div class=\"vc_custom_1565278176607 wpex-clr\"><a href=\"http:\/\/www.smartwaressecurity.com\/\" class=\"vcex-button theme-button inline\" target=\"_blank\" rel=\"noopener noreferrer\"><span class=\"theme-button-inner\">Visitez le site web<\/span><\/a><\/div> [\/vc_column][\/vc_row][vc_row][vc_column width=\u00a0\u00bb1\/4&Prime;][vc_single_image image=\u00a0\u00bb372&Prime; css=\u00a0\u00bb.vc_custom_1561649456676{margin-top: 10px !important;}\u00a0\u00bb][\/vc_column][vc_column width=\u00a0\u00bb1\/4&Prime;][vc_column_text]\n<h3>Axis<\/h3>\n<p>Cameras IP[\/vc_column_text]<div class=\"vc_custom_1565278001474 wpex-clr\"><a href=\"https:\/\/www.axis.com\/fr-be\" class=\"vcex-button theme-button inline\" target=\"_blank\" rel=\"noopener noreferrer\"><span class=\"theme-button-inner\">Visitez le site web<\/span><\/a><\/div> [\/vc_column][vc_column width=\u00a0\u00bb1\/4&Prime;][vc_single_image image=\u00a0\u00bb376&Prime; css=\u00a0\u00bb.vc_custom_1561649513630{margin-top: 10px !important;}\u00a0\u00bb][\/vc_column][vc_column width=\u00a0\u00bb1\/4&Prime;][vc_column_text]\n<h3>Cebeo<\/h3>\n<p>Materiaux[\/vc_column_text]<div class=\"vc_custom_1565278200272 wpex-clr\"><a href=\"https:\/\/www.cebeo.be\/fr-be\" class=\"vcex-button theme-button inline\" target=\"_blank\" rel=\"noopener noreferrer\"><span class=\"theme-button-inner\">Visitez le site web<\/span><\/a><\/div> [\/vc_column][\/vc_row][vc_row][vc_column width=\u00a0\u00bb1\/4&Prime;][vc_single_image image=\u00a0\u00bb374&Prime; css=\u00a0\u00bb.vc_custom_1561649579287{margin-top: 10px !important;}\u00a0\u00bb][\/vc_column][vc_column width=\u00a0\u00bb1\/4&Prime;][vc_column_text]\n<h3>Carbomat<\/h3>\n<p>Materiaux[\/vc_column_text]<div class=\"vc_custom_1565278025074 wpex-clr\"><a href=\"https:\/\/www.carbomat.be\/fr\/\" class=\"vcex-button theme-button inline\" target=\"_blank\" rel=\"noopener noreferrer\"><span class=\"theme-button-inner\">Visitez le site web<\/span><\/a><\/div> [\/vc_column][\/vc_row]\n<!-- AddThis Advanced Settings generic via filter on the_content --><!-- AddThis Share Buttons generic via filter on the_content -->","protected":false},"excerpt":{"rendered":"<p>[vc_row][vc_column][vc_separator][\/vc_column][\/vc_row][vc_row][vc_column][vc_column_text] Nos partenaires [\/vc_column_text][\/vc_column][\/vc_row][vc_row][vc_column width=\u00a0\u00bb1\/4&Prime;][vc_single_image image=\u00a0\u00bb386&Prime; css=\u00a0\u00bb.vc_custom_1561648678146{margin-top: 10px !important;}\u00a0\u00bb][\/vc_column][vc_column width=\u00a0\u00bb1\/4&Prime;][vc_column_text] Securitas Alert Services Services de s\u00e9curit\u00e9[\/vc_column_text][\/vc_column][vc_column width=\u00a0\u00bb1\/4&Prime;][vc_single_image image=\u00a0\u00bb378&Prime; css=\u00a0\u00bb.vc_custom_1561648943953{margin-top: 10px !important;}\u00a0\u00bb][\/vc_column][vc_column width=\u00a0\u00bb1\/4&Prime;][vc_column_text] Dotsys Enregistrement du temps[\/vc_column_text][\/vc_column][\/vc_row][vc_row][vc_column width=\u00a0\u00bb1\/4&Prime;][vc_single_image image=\u00a0\u00bb384&Prime; css=\u00a0\u00bb.vc_custom_1561648970597{margin-top: 10px !important;}\u00a0\u00bb][\/vc_column][vc_column width=\u00a0\u00bb1\/4&Prime;][vc_column_text] Risco Group Syst\u00e8mes d&rsquo;alarmes[\/vc_column_text][\/vc_column][vc_column width=\u00a0\u00bb1\/4&Prime;][vc_single_image image=\u00a0\u00bb394&Prime; css=\u00a0\u00bb.vc_custom_1561648992012{margin-top: 10px !important;}\u00a0\u00bb][\/vc_column][vc_column width=\u00a0\u00bb1\/4&Prime;][vc_column_text] Topguard S\u00e9curisation p\u00e9rim\u00e9trique[\/vc_column_text][\/vc_column][\/vc_row][vc_row][vc_column width=\u00a0\u00bb1\/4&Prime;][vc_single_image image=\u00a0\u00bb390&Prime; css=\u00a0\u00bb.vc_custom_1561649093767{margin-top: 10px !important;}\u00a0\u00bb][\/vc_column][vc_column width=\u00a0\u00bb1\/4&Prime;][vc_column_text] Smokecloak G\u00e9n\u00e9rateurs de brouillard[\/vc_column_text][\/vc_column][vc_column&hellip;<!-- AddThis Advanced Settings generic via filter on get_the_excerpt --><!-- AddThis Share Buttons generic via filter on get_the_excerpt --><\/p>\n","protected":false},"author":2,"featured_media":0,"parent":0,"menu_order":0,"comment_status":"closed","ping_status":"closed","template":"","meta":[],"yoast_head":"<!-- This site is optimized with the Yoast SEO plugin v20.9 - https:\/\/yoast.com\/wordpress\/plugins\/seo\/ -->\n<title>Nos partenaires et fournisseurs pour la meilleure qualit\u00e9 - EM Security<\/title>\n<meta name=\"description\" content=\"La qualit\u00e9 de vos nouveaux syst\u00e8mes est garantie par cette merveilleuse liste de partenaires et de fournisseurs. Seul le meilleur est assez bon pour vous!\" \/>\n<meta name=\"robots\" content=\"index, follow, max-snippet:-1, max-image-preview:large, max-video-preview:-1\" \/>\n<link rel=\"canonical\" href=\"https:\/\/www.emsecurity.be\/fr\/partenaires\/\" \/>\n<meta property=\"og:locale\" content=\"fr_FR\" \/>\n<meta property=\"og:type\" content=\"article\" \/>\n<meta property=\"og:title\" content=\"Nos partenaires et fournisseurs pour la meilleure qualit\u00e9 - EM Security\" \/>\n<meta property=\"og:description\" content=\"La qualit\u00e9 de vos nouveaux syst\u00e8mes est garantie par cette merveilleuse liste de partenaires et de fournisseurs. Seul le meilleur est assez bon pour vous!\" \/>\n<meta property=\"og:url\" content=\"https:\/\/www.emsecurity.be\/fr\/partenaires\/\" \/>\n<meta property=\"og:site_name\" content=\"EM Security - D\u00e9tection d&#039;intrustion, vid\u00e9osurveillance, d\u00e9tection d&#039;incendie et plus\" \/>\n<meta property=\"article:modified_time\" content=\"2019-08-12T15:08:39+00:00\" \/>\n<meta name=\"twitter:card\" content=\"summary_large_image\" \/>\n<meta name=\"twitter:label1\" content=\"Dur\u00e9e de lecture estim\u00e9e\" \/>\n\t<meta name=\"twitter:data1\" content=\"4 minutes\" \/>\n<script type=\"application\/ld+json\" class=\"yoast-schema-graph\">{\"@context\":\"https:\/\/schema.org\",\"@graph\":[{\"@type\":\"WebPage\",\"@id\":\"https:\/\/www.emsecurity.be\/fr\/partenaires\/\",\"url\":\"https:\/\/www.emsecurity.be\/fr\/partenaires\/\",\"name\":\"Nos partenaires et fournisseurs pour la meilleure qualit\u00e9 - EM Security\",\"isPartOf\":{\"@id\":\"https:\/\/www.emsecurity.be\/fr\/#website\"},\"datePublished\":\"2019-06-12T14:07:23+00:00\",\"dateModified\":\"2019-08-12T15:08:39+00:00\",\"description\":\"La qualit\u00e9 de vos nouveaux syst\u00e8mes est garantie par cette merveilleuse liste de partenaires et de fournisseurs. Seul le meilleur est assez bon pour vous!\",\"breadcrumb\":{\"@id\":\"https:\/\/www.emsecurity.be\/fr\/partenaires\/#breadcrumb\"},\"inLanguage\":\"fr-FR\",\"potentialAction\":[{\"@type\":\"ReadAction\",\"target\":[\"https:\/\/www.emsecurity.be\/fr\/partenaires\/\"]}]},{\"@type\":\"BreadcrumbList\",\"@id\":\"https:\/\/www.emsecurity.be\/fr\/partenaires\/#breadcrumb\",\"itemListElement\":[{\"@type\":\"ListItem\",\"position\":1,\"name\":\"Home\",\"item\":\"https:\/\/www.emsecurity.be\/fr\/\"},{\"@type\":\"ListItem\",\"position\":2,\"name\":\"Partenaires\"}]},{\"@type\":\"WebSite\",\"@id\":\"https:\/\/www.emsecurity.be\/fr\/#website\",\"url\":\"https:\/\/www.emsecurity.be\/fr\/\",\"name\":\"EM Security - D\u00e9tection d'intrustion, vid\u00e9osurveillance, d\u00e9tection d'incendie et plus\",\"description\":\"Uw professionele gesprekspartner voor al uw vragen rond beveiliging\",\"publisher\":{\"@id\":\"https:\/\/www.emsecurity.be\/fr\/#organization\"},\"potentialAction\":[{\"@type\":\"SearchAction\",\"target\":{\"@type\":\"EntryPoint\",\"urlTemplate\":\"https:\/\/www.emsecurity.be\/fr\/?s={search_term_string}\"},\"query-input\":\"required name=search_term_string\"}],\"inLanguage\":\"fr-FR\"},{\"@type\":\"Organization\",\"@id\":\"https:\/\/www.emsecurity.be\/fr\/#organization\",\"name\":\"EM Security\",\"url\":\"https:\/\/www.emsecurity.be\/fr\/\",\"logo\":{\"@type\":\"ImageObject\",\"inLanguage\":\"fr-FR\",\"@id\":\"https:\/\/www.emsecurity.be\/fr\/#\/schema\/logo\/image\/\",\"url\":\"https:\/\/www.emsecurity.be\/wp-content\/uploads\/2019\/07\/Logo-positive-rgb_transparant.png\",\"contentUrl\":\"https:\/\/www.emsecurity.be\/wp-content\/uploads\/2019\/07\/Logo-positive-rgb_transparant.png\",\"width\":851,\"height\":211,\"caption\":\"EM Security\"},\"image\":{\"@id\":\"https:\/\/www.emsecurity.be\/fr\/#\/schema\/logo\/image\/\"}}]}<\/script>\n<!-- \/ Yoast SEO plugin. -->","yoast_head_json":{"title":"Nos partenaires et fournisseurs pour la meilleure qualit\u00e9 - EM Security","description":"La qualit\u00e9 de vos nouveaux syst\u00e8mes est garantie par cette merveilleuse liste de partenaires et de fournisseurs. Seul le meilleur est assez bon pour vous!","robots":{"index":"index","follow":"follow","max-snippet":"max-snippet:-1","max-image-preview":"max-image-preview:large","max-video-preview":"max-video-preview:-1"},"canonical":"https:\/\/www.emsecurity.be\/fr\/partenaires\/","og_locale":"fr_FR","og_type":"article","og_title":"Nos partenaires et fournisseurs pour la meilleure qualit\u00e9 - EM Security","og_description":"La qualit\u00e9 de vos nouveaux syst\u00e8mes est garantie par cette merveilleuse liste de partenaires et de fournisseurs. Seul le meilleur est assez bon pour vous!","og_url":"https:\/\/www.emsecurity.be\/fr\/partenaires\/","og_site_name":"EM Security - D\u00e9tection d'intrustion, vid\u00e9osurveillance, d\u00e9tection d'incendie et plus","article_modified_time":"2019-08-12T15:08:39+00:00","twitter_card":"summary_large_image","twitter_misc":{"Dur\u00e9e de lecture estim\u00e9e":"4 minutes"},"schema":{"@context":"https:\/\/schema.org","@graph":[{"@type":"WebPage","@id":"https:\/\/www.emsecurity.be\/fr\/partenaires\/","url":"https:\/\/www.emsecurity.be\/fr\/partenaires\/","name":"Nos partenaires et fournisseurs pour la meilleure qualit\u00e9 - EM Security","isPartOf":{"@id":"https:\/\/www.emsecurity.be\/fr\/#website"},"datePublished":"2019-06-12T14:07:23+00:00","dateModified":"2019-08-12T15:08:39+00:00","description":"La qualit\u00e9 de vos nouveaux syst\u00e8mes est garantie par cette merveilleuse liste de partenaires et de fournisseurs. Seul le meilleur est assez bon pour vous!","breadcrumb":{"@id":"https:\/\/www.emsecurity.be\/fr\/partenaires\/#breadcrumb"},"inLanguage":"fr-FR","potentialAction":[{"@type":"ReadAction","target":["https:\/\/www.emsecurity.be\/fr\/partenaires\/"]}]},{"@type":"BreadcrumbList","@id":"https:\/\/www.emsecurity.be\/fr\/partenaires\/#breadcrumb","itemListElement":[{"@type":"ListItem","position":1,"name":"Home","item":"https:\/\/www.emsecurity.be\/fr\/"},{"@type":"ListItem","position":2,"name":"Partenaires"}]},{"@type":"WebSite","@id":"https:\/\/www.emsecurity.be\/fr\/#website","url":"https:\/\/www.emsecurity.be\/fr\/","name":"EM Security - D\u00e9tection d'intrustion, vid\u00e9osurveillance, d\u00e9tection d'incendie et plus","description":"Uw professionele gesprekspartner voor al uw vragen rond beveiliging","publisher":{"@id":"https:\/\/www.emsecurity.be\/fr\/#organization"},"potentialAction":[{"@type":"SearchAction","target":{"@type":"EntryPoint","urlTemplate":"https:\/\/www.emsecurity.be\/fr\/?s={search_term_string}"},"query-input":"required name=search_term_string"}],"inLanguage":"fr-FR"},{"@type":"Organization","@id":"https:\/\/www.emsecurity.be\/fr\/#organization","name":"EM Security","url":"https:\/\/www.emsecurity.be\/fr\/","logo":{"@type":"ImageObject","inLanguage":"fr-FR","@id":"https:\/\/www.emsecurity.be\/fr\/#\/schema\/logo\/image\/","url":"https:\/\/www.emsecurity.be\/wp-content\/uploads\/2019\/07\/Logo-positive-rgb_transparant.png","contentUrl":"https:\/\/www.emsecurity.be\/wp-content\/uploads\/2019\/07\/Logo-positive-rgb_transparant.png","width":851,"height":211,"caption":"EM Security"},"image":{"@id":"https:\/\/www.emsecurity.be\/fr\/#\/schema\/logo\/image\/"}}]}},"_links":{"self":[{"href":"https:\/\/www.emsecurity.be\/fr\/wp-json\/wp\/v2\/pages\/92"}],"collection":[{"href":"https:\/\/www.emsecurity.be\/fr\/wp-json\/wp\/v2\/pages"}],"about":[{"href":"https:\/\/www.emsecurity.be\/fr\/wp-json\/wp\/v2\/types\/page"}],"author":[{"embeddable":true,"href":"https:\/\/www.emsecurity.be\/fr\/wp-json\/wp\/v2\/users\/2"}],"replies":[{"embeddable":true,"href":"https:\/\/www.emsecurity.be\/fr\/wp-json\/wp\/v2\/comments?post=92"}],"version-history":[{"count":12,"href":"https:\/\/www.emsecurity.be\/fr\/wp-json\/wp\/v2\/pages\/92\/revisions"}],"predecessor-version":[{"id":728,"href":"https:\/\/www.emsecurity.be\/fr\/wp-json\/wp\/v2\/pages\/92\/revisions\/728"}],"wp:attachment":[{"href":"https:\/\/www.emsecurity.be\/fr\/wp-json\/wp\/v2\/media?parent=92"}],"curies":[{"name":"wp","href":"https:\/\/api.w.org\/{rel}","templated":true}]}}